{"id":765388,"date":"2025-08-28T11:41:46","date_gmt":"2025-08-28T08:41:46","guid":{"rendered":"https:\/\/roveyayinevi.com.tr\/index.php\/urun\/bana-askin-ne-oldugunu-soyle\/"},"modified":"2026-04-15T03:31:01","modified_gmt":"2026-04-15T00:31:01","slug":"bana-askin-ne-oldugunu-soyle","status":"publish","type":"product","link":"https:\/\/roveyayinevi.com.tr\/index.php\/urun\/bana-askin-ne-oldugunu-soyle\/","title":{"rendered":"Bana A\u015fk\u0131n Ne Oldu\u011funu S\u00f6yle"},"content":{"rendered":"<p>Terapi Koltu\u011fundan 13 Hik\u00e2yeHayat\u0131m\u0131za anlam katan a\u015fk, zorlu duygusal m\u00fccadeleleri de beraberinde getirebilir. Psikanalist Susanna Abse de bu kitab\u0131nda okurlar\u0131, birbirinden ilgin\u00e7 ger\u00e7ek hayat hik\u00e2yeleri \u00fczerinden a\u015fk\u0131n do\u011fas\u0131n\u0131 ke\u015ffetmeye \u00e7a\u011f\u0131r\u0131yor: Modern d\u00f6nem Rapunzel\u2019leri, Don Juan\u2019lar\u0131, kurba\u011fay\u0131 \u00f6pen prensesleri ve nicesini. \u0130li\u015fkilerinde \u00e7e\u015fitli sorunlarla kar\u015f\u0131la\u015fm\u0131\u015f hastalar\u0131yla y\u00fcr\u00fctt\u00fc\u011f\u00fc uzun soluklu g\u00f6r\u00fc\u015fmelerinden yola \u00e7\u0131kan Abse, Bana A\u015fk\u0131n Ne Oldu\u011funu S\u00f6yle&#8217;de nas\u0131l sevdi\u011fimizi, sevdi\u011fimiz insanla kurdu\u011fumuz diyalo\u011fun temellerini, umutlar\u0131m\u0131z\u0131 ye\u015fertip bizi mutlu eden ya da bizleri hayal k\u0131r\u0131kl\u0131\u011f\u0131na s\u00fcr\u00fckleyen ger\u00e7ekleri, \u015fefkatli bir \u00fcslupla anlamland\u0131rmaya \u00e7al\u0131\u015f\u0131yor. Okurlar\u0131 bir ili\u015fkide en s\u0131k kar\u015f\u0131la\u015f\u0131lan aldatma, ihtiras, evlilik, \u00e7ocuk sahibi olma, yaln\u0131zl\u0131k ve k\u0131r\u0131lganl\u0131k gibi konular \u00fczerine d\u00fc\u015f\u00fcnmeye davet eden Bana A\u015fk\u0131n Ne Oldu\u011funu S\u00f6yle\u2019de bir ili\u015fkiye ne zaman son verip ne zaman devam edece\u011finizi, daha mutlu ya\u015fayabilmenin, partnerinizi daha iyi anlayabilmenin ve kendinizi daha iyi anlatabilmemin inceliklerini ke\u015ffedeceksiniz. \u201cZekice ve dokunakl\u0131.\u201d &#8211; Maggie O&#8217;Farrell \u201c\u0130li\u015fkilerin sanc\u0131lar\u0131na ve umutlar\u0131na dair b\u00fcy\u00fcleyici, i\u00e7ten ve faydal\u0131 bir kitap.\u201d &#8211; Alain de Botton &#8220;Bu harika ve bilgelikle dolu kitab\u0131 okuyan herkes, a\u015fk hayat\u0131m\u0131z\u0131n \u00f6nemi ve karma\u015f\u0131kl\u0131\u011f\u0131 konusunda \u00e7ok \u015fey \u00f6\u011frenecek. Susanna Abse, y\u0131llar\u0131n deneyimiyle yo\u011frulmu\u015f, ona g\u00fcvenmemizi sa\u011flayan bir samimiyetle yaz\u0131yor. Tatl\u0131 mizah\u0131 da cabas\u0131.&#8221; &#8211; Julia Samuel<\/p>\n","protected":false},"excerpt":{"rendered":"<p>Terapi Koltu\u011fundan 13 Hik\u00e2yeHayat\u0131m\u0131za anlam katan a\u015fk, zorlu duygusal m\u00fccadeleleri de beraberinde getirebilir. Psikanalist Susanna Abse de bu kitab\u0131nda okurlar\u0131, birbirinden ilgin\u00e7 ger\u00e7ek hayat hik\u00e2yeleri \u00fczerinden<span class=\"excerpt-hellip\"> [\u2026]<\/span><\/p>\n","protected":false},"featured_media":0,"template":"","meta":{"_monsterinsights_skip_tracking":false,"_monsterinsights_sitenote_active":false,"_monsterinsights_sitenote_note":"","_monsterinsights_sitenote_category":0},"product_brand":[],"product_cat":[12358,12357],"product_tag":[],"class_list":{"0":"post-765388","1":"product","2":"type-product","3":"status-publish","5":"product_cat-genel-psikoloji","6":"product_cat-psikoloji","7":"pa_cilt-ciltsiz","8":"pa_tur-kitap","9":"pa_yayinevi-koridor-yayincilik","10":"pa_yazar-susanna-abse","12":"first","13":"instock","14":"sale","15":"shipping-taxable","16":"purchasable","17":"product-type-simple"},"_links":{"self":[{"href":"https:\/\/roveyayinevi.com.tr\/index.php\/wp-json\/wp\/v2\/product\/765388","targetHints":{"allow":["GET"]}}],"collection":[{"href":"https:\/\/roveyayinevi.com.tr\/index.php\/wp-json\/wp\/v2\/product"}],"about":[{"href":"https:\/\/roveyayinevi.com.tr\/index.php\/wp-json\/wp\/v2\/types\/product"}],"wp:attachment":[{"href":"https:\/\/roveyayinevi.com.tr\/index.php\/wp-json\/wp\/v2\/media?parent=765388"}],"wp:term":[{"taxonomy":"product_brand","embeddable":true,"href":"https:\/\/roveyayinevi.com.tr\/index.php\/wp-json\/wp\/v2\/product_brand?post=765388"},{"taxonomy":"product_cat","embeddable":true,"href":"https:\/\/roveyayinevi.com.tr\/index.php\/wp-json\/wp\/v2\/product_cat?post=765388"},{"taxonomy":"product_tag","embeddable":true,"href":"https:\/\/roveyayinevi.com.tr\/index.php\/wp-json\/wp\/v2\/product_tag?post=765388"}],"curies":[{"name":"wp","href":"https:\/\/api.w.org\/{rel}","templated":true}]}}