{"id":765386,"date":"2025-08-28T11:41:41","date_gmt":"2025-08-28T08:41:41","guid":{"rendered":"https:\/\/roveyayinevi.com.tr\/index.php\/urun\/mobukonun-aski-10\/"},"modified":"2026-04-15T03:31:01","modified_gmt":"2026-04-15T00:31:01","slug":"mobukonun-aski-10","status":"publish","type":"product","link":"https:\/\/roveyayinevi.com.tr\/index.php\/urun\/mobukonun-aski-10\/","title":{"rendered":"Mobuko\u2019nun A\u015fk\u0131 &#8211; 10"},"content":{"rendered":"<p>Gelece\u011fe seninle beraber y\u00fcr\u00fcmek i\u00e7in ne yapabilirim?Bahar gelince, \u0130rie-kun ve Tanaka-san do\u011fum g\u00fcn\u00fc bulu\u015fmas\u0131na \u00e7\u0131k\u0131yor.\u0130rie-kun, \u00fcniversite \u00fc\u00e7\u00fcnc\u00fc s\u0131n\u0131fta ger\u00e7ekle\u015fen de\u011fi\u015fimler kar\u015f\u0131s\u0131nda endi\u015fe duyan Tanaka-san\u2019a bir \u00f6neride bulunuyor. Kafalar\u0131 kar\u0131\u015f\u0131k bir \u015fekilde yeni ke\u015ffettikleri duygular\u0131yla y\u00fczle\u015fen \u00e7ift, mezuniyetten sonra gelecek \u015feyleri ke\u015ffetmeye ba\u015fl\u0131yor.<\/p>\n","protected":false},"excerpt":{"rendered":"<p>Gelece\u011fe seninle beraber y\u00fcr\u00fcmek i\u00e7in ne yapabilirim?Bahar gelince, \u0130rie-kun ve Tanaka-san do\u011fum g\u00fcn\u00fc bulu\u015fmas\u0131na \u00e7\u0131k\u0131yor.\u0130rie-kun, \u00fcniversite \u00fc\u00e7\u00fcnc\u00fc s\u0131n\u0131fta ger\u00e7ekle\u015fen de\u011fi\u015fimler kar\u015f\u0131s\u0131nda endi\u015fe duyan Tanaka-san\u2019a bir \u00f6neride<span class=\"excerpt-hellip\"> [\u2026]<\/span><\/p>\n","protected":false},"featured_media":0,"template":"","meta":{"_monsterinsights_skip_tracking":false,"_monsterinsights_sitenote_active":false,"_monsterinsights_sitenote_note":"","_monsterinsights_sitenote_category":0},"product_brand":[],"product_cat":[12416,12291],"product_tag":[],"class_list":{"0":"post-765386","1":"product","2":"type-product","3":"status-publish","5":"product_cat-cizgi-roman","6":"product_cat-edebiyat","7":"pa_cilt-ciltsiz","8":"pa_tur-kitap","9":"pa_yayinevi-kayip-kita-yayinlari","10":"pa_yazar-akane-tamura","12":"first","13":"instock","14":"sale","15":"shipping-taxable","16":"purchasable","17":"product-type-simple"},"_links":{"self":[{"href":"https:\/\/roveyayinevi.com.tr\/index.php\/wp-json\/wp\/v2\/product\/765386","targetHints":{"allow":["GET"]}}],"collection":[{"href":"https:\/\/roveyayinevi.com.tr\/index.php\/wp-json\/wp\/v2\/product"}],"about":[{"href":"https:\/\/roveyayinevi.com.tr\/index.php\/wp-json\/wp\/v2\/types\/product"}],"wp:attachment":[{"href":"https:\/\/roveyayinevi.com.tr\/index.php\/wp-json\/wp\/v2\/media?parent=765386"}],"wp:term":[{"taxonomy":"product_brand","embeddable":true,"href":"https:\/\/roveyayinevi.com.tr\/index.php\/wp-json\/wp\/v2\/product_brand?post=765386"},{"taxonomy":"product_cat","embeddable":true,"href":"https:\/\/roveyayinevi.com.tr\/index.php\/wp-json\/wp\/v2\/product_cat?post=765386"},{"taxonomy":"product_tag","embeddable":true,"href":"https:\/\/roveyayinevi.com.tr\/index.php\/wp-json\/wp\/v2\/product_tag?post=765386"}],"curies":[{"name":"wp","href":"https:\/\/api.w.org\/{rel}","templated":true}]}}