{"id":765384,"date":"2025-08-28T11:41:39","date_gmt":"2025-08-28T08:41:39","guid":{"rendered":"https:\/\/roveyayinevi.com.tr\/index.php\/urun\/icimizdeki-cocuk\/"},"modified":"2026-04-15T03:31:01","modified_gmt":"2026-04-15T00:31:01","slug":"icimizdeki-cocuk","status":"publish","type":"product","link":"https:\/\/roveyayinevi.com.tr\/index.php\/urun\/icimizdeki-cocuk\/","title":{"rendered":"\u0130\u00e7imizdeki \u00c7ocuk"},"content":{"rendered":"<p>Hepimizin i\u00e7inde bir \u00e7ocuk vard\u0131r: Kimseyi etkilemeyi d\u00fc\u015f\u00fcnmeden i\u00e7imizden geldi\u011fi gibi davrand\u0131\u011f\u0131m\u0131zda kendini g\u00f6sterir; heyecan ya\u015fam\u0131m\u0131z\u0131n kayna\u011f\u0131n\u0131 olu\u015fturur; \u00f6zg\u00fcr, duygusal, co\u015fkulu, saf ve hayal dolu yan\u0131m\u0131zd\u0131r. \u0130\u00e7imizdeki \u00c7ocuk her zaman sa\u011fl\u0131kl\u0131 bir ortam i\u00e7inde geli\u015fmez. Aile, okul, genel k\u00fclt\u00fcr ortam\u0131 \u00e7o\u011fu kere \u00e7ocu\u011fun sa\u011fl\u0131kl\u0131 geli\u015fmesini engeller. \u0130\u00e7imizdeki \u00c7ocuk kitab\u0131; \u0130\u00e7 \u00c7ocuk ve \u0130\u00e7 Anne-Baba ili\u015fkisinin nas\u0131l olu\u015ftu\u011funu, t\u00fcrlerini ve g\u00fcnl\u00fck ya\u015fam\u0131m\u0131zda duygu, d\u00fc\u015f\u00fcnce ve davran\u0131\u015flar\u0131m\u0131za nas\u0131l yans\u0131d\u0131\u011f\u0131n\u0131 inceliyor. Kitapta; \u00e7evresine uyumu elinden gelen en iyi bi\u00e7imde yaparak sizi bug\u00fcnlere getiren, i\u00e7inizde b\u0131rak\u0131ld\u0131\u011f\u0131 yerde unutulmu\u015f duran i\u00e7 \u00e7ocu\u011fa \u201cmerhaba\u201d diyebilmeniz i\u00e7in al\u0131\u015ft\u0131rmalar payla\u015f\u0131l\u0131yor. \u015eimdi s\u0131ra sizde: \u0130\u00e7inizdeki \u00c7ocu\u011fa ula\u015f\u0131p onunla sa\u011fl\u0131kl\u0131 bir ili\u015fki kurabilirsiniz. Verece\u011finiz eme\u011fe ve zamana de\u011fer. \u00c7\u00fcnk\u00fc \u0130\u00e7imizdeki \u00c7ocuk sa\u011fl\u0131kl\u0131 olmadan biz yeti\u015fkinlerin sa\u011fl\u0131kl\u0131 ve doyumlu bir ya\u015fam ger\u00e7ekle\u015ftirmesi olanaks\u0131zd\u0131r. \u0130\u00e7 d\u00fcnyan\u0131za denge, ahenk ve huzur getirmek sizin i\u00e7in anlaml\u0131ysa bu kitap sizin i\u00e7in\u2026 *** \u201c\u00dclkemde do\u011fan her bir \u00e7ocu\u011fun \u00e7ocuklu\u011funu doya doya ya\u015famas\u0131na ve olabilece\u011fi en iyi insan olmas\u0131na yard\u0131mc\u0131 olmak istiyorum,\u201d diyerek y\u0131llar\u0131n\u0131 bu \u00fclkenin yediden yetmi\u015f yediye t\u00fcm insanlar\u0131n\u0131n anlaml\u0131 ve co\u015fkulu bir ya\u015fam in\u015fa etmeleri i\u00e7in hizmete adayan de\u011ferli psikolog yazar Do\u011fan C\u00fccelo\u011flu, y\u0131llar ge\u00e7se de g\u00fcncelli\u011fini yitirmeyen bu k\u00fclt eseriyle hayatlar\u0131m\u0131za dokunmaya devam ediyor. <\/p>\n","protected":false},"excerpt":{"rendered":"<p>Hepimizin i\u00e7inde bir \u00e7ocuk vard\u0131r: Kimseyi etkilemeyi d\u00fc\u015f\u00fcnmeden i\u00e7imizden geldi\u011fi gibi davrand\u0131\u011f\u0131m\u0131zda kendini g\u00f6sterir; heyecan ya\u015fam\u0131m\u0131z\u0131n kayna\u011f\u0131n\u0131 olu\u015fturur; \u00f6zg\u00fcr, duygusal, co\u015fkulu, saf ve hayal dolu yan\u0131m\u0131zd\u0131r.<span class=\"excerpt-hellip\"> [\u2026]<\/span><\/p>\n","protected":false},"featured_media":0,"template":"","meta":{"_monsterinsights_skip_tracking":false,"_monsterinsights_sitenote_active":false,"_monsterinsights_sitenote_note":"","_monsterinsights_sitenote_category":0},"product_brand":[],"product_cat":[12357],"product_tag":[],"class_list":{"0":"post-765384","1":"product","2":"type-product","3":"status-publish","5":"product_cat-psikoloji","6":"pa_cilt-ciltsiz","7":"pa_tur-kitap","8":"pa_yayinevi-kronik-kitap","9":"pa_yazar-dogan-cuceloglu","11":"first","12":"instock","13":"sale","14":"shipping-taxable","15":"purchasable","16":"product-type-simple"},"_links":{"self":[{"href":"https:\/\/roveyayinevi.com.tr\/index.php\/wp-json\/wp\/v2\/product\/765384","targetHints":{"allow":["GET"]}}],"collection":[{"href":"https:\/\/roveyayinevi.com.tr\/index.php\/wp-json\/wp\/v2\/product"}],"about":[{"href":"https:\/\/roveyayinevi.com.tr\/index.php\/wp-json\/wp\/v2\/types\/product"}],"wp:attachment":[{"href":"https:\/\/roveyayinevi.com.tr\/index.php\/wp-json\/wp\/v2\/media?parent=765384"}],"wp:term":[{"taxonomy":"product_brand","embeddable":true,"href":"https:\/\/roveyayinevi.com.tr\/index.php\/wp-json\/wp\/v2\/product_brand?post=765384"},{"taxonomy":"product_cat","embeddable":true,"href":"https:\/\/roveyayinevi.com.tr\/index.php\/wp-json\/wp\/v2\/product_cat?post=765384"},{"taxonomy":"product_tag","embeddable":true,"href":"https:\/\/roveyayinevi.com.tr\/index.php\/wp-json\/wp\/v2\/product_tag?post=765384"}],"curies":[{"name":"wp","href":"https:\/\/api.w.org\/{rel}","templated":true}]}}