{"id":765382,"date":"2025-08-28T11:41:36","date_gmt":"2025-08-28T08:41:36","guid":{"rendered":"https:\/\/roveyayinevi.com.tr\/index.php\/urun\/kalk-calis-basarisiz-ol\/"},"modified":"2026-04-11T14:33:26","modified_gmt":"2026-04-11T11:33:26","slug":"kalk-calis-basarisiz-ol","status":"publish","type":"product","link":"https:\/\/roveyayinevi.com.tr\/index.php\/urun\/kalk-calis-basarisiz-ol\/","title":{"rendered":"Kalk, \u00c7al\u0131\u015f, Ba\u015far\u0131s\u0131z Ol!"},"content":{"rendered":"<p>\u0130LK KEZ GER\u00c7EKLER\u0130 DUYACAKSIN! PEK\u0130 BUNA HAZIR MISIN?   \u201cBu kitab\u0131 sat\u0131n al\u0131p, almamak aras\u0131nda gidip geliyorsunuz. Karar\u0131n\u0131z\u0131 daha sa\u011fl\u0131kl\u0131 vermek umuduyla bir de kitab\u0131n arka kapa\u011f\u0131nda yazanlara bakmak istediniz\u2026 Bu kitab\u0131 sat\u0131n al\u0131p almamaya ili\u015fkin birka\u00e7 saniye i\u00e7erisinde verece\u011finiz karar, hayat\u0131n\u0131zda bir d\u00f6n\u00fcm noktas\u0131 olacak. Bu kitap bug\u00fcne kadar sizlerden saklanan t\u00fcm ger\u00e7ekleri y\u00fcz\u00fcn\u00fcze \u00e7arpacak. Bug\u00fcne kadar nas\u0131l da g\u00f6zlerinizin i\u00e7ine baka baka yalanlar s\u00f6ylendi\u011fini g\u00f6receksiniz. Bug\u00fcne kadar \u00f6mr\u00fcn\u00fcz\u00fc nas\u0131l da bir aldatmaca i\u00e7inde ya\u015fad\u0131\u011f\u0131n\u0131z\u0131 anlayacaks\u0131n\u0131z. Bu kitab\u0131 okuduktan sonra daha g\u00fczel bir hayat\u0131n\u0131z\u0131n olaca\u011f\u0131 iddias\u0131nda de\u011filim. Ancak t\u00fcm hayal k\u0131r\u0131kl\u0131klar\u0131n\u0131z\u0131 anlamland\u0131rabilecek ve yeni hayat\u0131n\u0131z\u0131 art\u0131k ger\u00e7eklerin \u00fczerinde in\u015fa edebileceksiniz. \u015eimdiden uyaray\u0131m, ger\u00e7ekler can\u0131n\u0131z\u0131 \u00e7ok ac\u0131tacak. T\u00fcm hayalleriniz ve umutlar\u0131n\u0131z yerle bir olacak ama sonra daha sa\u011flam bir \u015fekilde tekrar ye\u015ferecekler. E\u011fer ger\u00e7eklerin ac\u0131mas\u0131zl\u0131\u011f\u0131 ile y\u00fczle\u015fmeye haz\u0131r de\u011filseniz hemen yan tarafta duran birbirinin benzeri binlerce klasik geli\u015fim kitaplar\u0131ndan birini al\u0131n l\u00fctfen. \u015eimdi haz\u0131rsan\u0131z, emniyet kemerinizi ba\u011flay\u0131n ve koltuklar\u0131n\u0131z\u0131 dik konuma getirin. \u00c7\u00fcnk\u00fc hayat\u0131n\u0131zda ilk kez ger\u00e7eklerin t\u00fcrb\u00fclans\u0131na gireceksiniz ve u\u00e7u\u015funuz ekonomi s\u0131n\u0131f\u0131.\u201d Prof. Dr. Beh\u00e7et Yal\u0131n \u00d6zkara<\/p>\n","protected":false},"excerpt":{"rendered":"<p>\u0130LK KEZ GER\u00c7EKLER\u0130 DUYACAKSIN! PEK\u0130 BUNA HAZIR MISIN? \u201cBu kitab\u0131 sat\u0131n al\u0131p, almamak aras\u0131nda gidip geliyorsunuz. Karar\u0131n\u0131z\u0131 daha sa\u011fl\u0131kl\u0131 vermek umuduyla bir de kitab\u0131n arka kapa\u011f\u0131nda<span class=\"excerpt-hellip\"> [\u2026]<\/span><\/p>\n","protected":false},"featured_media":0,"template":"","meta":{"_monsterinsights_skip_tracking":false,"_monsterinsights_sitenote_active":false,"_monsterinsights_sitenote_note":"","_monsterinsights_sitenote_category":0},"product_brand":[],"product_cat":[12364,12376],"product_tag":[],"class_list":{"0":"post-765382","1":"product","2":"type-product","3":"status-publish","5":"product_cat-genel-konular","6":"product_cat-kisisel-gelisim","7":"pa_cilt-ciltsiz","8":"pa_tur-kitap","9":"pa_yayinevi-kronik-kitap","10":"pa_yazar-behcet-yalin-ozkara","12":"first","13":"instock","14":"sale","15":"shipping-taxable","16":"purchasable","17":"product-type-simple"},"_links":{"self":[{"href":"https:\/\/roveyayinevi.com.tr\/index.php\/wp-json\/wp\/v2\/product\/765382","targetHints":{"allow":["GET"]}}],"collection":[{"href":"https:\/\/roveyayinevi.com.tr\/index.php\/wp-json\/wp\/v2\/product"}],"about":[{"href":"https:\/\/roveyayinevi.com.tr\/index.php\/wp-json\/wp\/v2\/types\/product"}],"wp:attachment":[{"href":"https:\/\/roveyayinevi.com.tr\/index.php\/wp-json\/wp\/v2\/media?parent=765382"}],"wp:term":[{"taxonomy":"product_brand","embeddable":true,"href":"https:\/\/roveyayinevi.com.tr\/index.php\/wp-json\/wp\/v2\/product_brand?post=765382"},{"taxonomy":"product_cat","embeddable":true,"href":"https:\/\/roveyayinevi.com.tr\/index.php\/wp-json\/wp\/v2\/product_cat?post=765382"},{"taxonomy":"product_tag","embeddable":true,"href":"https:\/\/roveyayinevi.com.tr\/index.php\/wp-json\/wp\/v2\/product_tag?post=765382"}],"curies":[{"name":"wp","href":"https:\/\/api.w.org\/{rel}","templated":true}]}}