{"id":765372,"date":"2025-08-28T11:41:12","date_gmt":"2025-08-28T08:41:12","guid":{"rendered":"https:\/\/roveyayinevi.com.tr\/index.php\/urun\/250-yillik-egitim-mirasi\/"},"modified":"2026-04-15T03:31:01","modified_gmt":"2026-04-15T00:31:01","slug":"250-yillik-egitim-mirasi","status":"publish","type":"product","link":"https:\/\/roveyayinevi.com.tr\/index.php\/urun\/250-yillik-egitim-mirasi\/","title":{"rendered":"250 Y\u0131ll\u0131k E\u011fitim Miras\u0131"},"content":{"rendered":"<p>\u0130nsan\u0131n Kendini anlatmas\u0131 belki de en zorudur lakin anlat\u0131lmaya de\u011fer bir hayat hikayesine sahip olmak ondan da zordur. Talip Emiro\u011flu\u2019nun \u00fczerinde d\u00fc\u015f\u00fcn\u00fclmeyi hak eden bir hayat \u00e7izgisi var.\u00dcstelik gen\u00e7ler i\u00e7in bu \u00e7izgi takip edildi\u011finde epey ufuk a\u00e7\u0131c\u0131 ip u\u00e7lar\u0131 da var. E\u011fitimci bir aile ge\u00e7mi\u015fine sahip olman\u0131n erdemini olduk\u00e7a iyi de\u011ferlendirmi\u015f olan Emiro\u011flu\u2019nun deneyimleri hepimiz i\u00e7in ilham verici. \u0130nsan \u00f6nce kendine sonra hayaline inanmas\u0131 ve onun pe\u015finden hi\u00e7 vazge\u00e7meden ilerlemesi \u00fczerine s\u00fcr\u00fckleyici bir \u00f6yk\u00fc olarak da d\u00fc\u015f\u00fcnebiliriz bu kitab\u0131. G\u00fcl\u015fah Elikbank Gazeteci &#8211; Yazar<\/p>\n","protected":false},"excerpt":{"rendered":"<p>\u0130nsan\u0131n Kendini anlatmas\u0131 belki de en zorudur lakin anlat\u0131lmaya de\u011fer bir hayat hikayesine sahip olmak ondan da zordur. Talip Emiro\u011flu\u2019nun \u00fczerinde d\u00fc\u015f\u00fcn\u00fclmeyi hak eden bir hayat<span class=\"excerpt-hellip\"> [\u2026]<\/span><\/p>\n","protected":false},"featured_media":0,"template":"","meta":{"_monsterinsights_skip_tracking":false,"_monsterinsights_sitenote_active":false,"_monsterinsights_sitenote_note":"","_monsterinsights_sitenote_category":0},"product_brand":[],"product_cat":[12291,18202],"product_tag":[],"class_list":{"0":"post-765372","1":"product","2":"type-product","3":"status-publish","5":"product_cat-edebiyat","6":"product_cat-hikaye","7":"pa_cilt-ciltsiz","8":"pa_tur-kitap","9":"pa_yayinevi-profil-kitap","10":"pa_yazar-talip-emiroglu","12":"first","13":"instock","14":"sale","15":"shipping-taxable","16":"purchasable","17":"product-type-simple"},"_links":{"self":[{"href":"https:\/\/roveyayinevi.com.tr\/index.php\/wp-json\/wp\/v2\/product\/765372","targetHints":{"allow":["GET"]}}],"collection":[{"href":"https:\/\/roveyayinevi.com.tr\/index.php\/wp-json\/wp\/v2\/product"}],"about":[{"href":"https:\/\/roveyayinevi.com.tr\/index.php\/wp-json\/wp\/v2\/types\/product"}],"wp:attachment":[{"href":"https:\/\/roveyayinevi.com.tr\/index.php\/wp-json\/wp\/v2\/media?parent=765372"}],"wp:term":[{"taxonomy":"product_brand","embeddable":true,"href":"https:\/\/roveyayinevi.com.tr\/index.php\/wp-json\/wp\/v2\/product_brand?post=765372"},{"taxonomy":"product_cat","embeddable":true,"href":"https:\/\/roveyayinevi.com.tr\/index.php\/wp-json\/wp\/v2\/product_cat?post=765372"},{"taxonomy":"product_tag","embeddable":true,"href":"https:\/\/roveyayinevi.com.tr\/index.php\/wp-json\/wp\/v2\/product_tag?post=765372"}],"curies":[{"name":"wp","href":"https:\/\/api.w.org\/{rel}","templated":true}]}}