{"id":765366,"date":"2025-08-28T11:40:57","date_gmt":"2025-08-28T08:40:57","guid":{"rendered":"https:\/\/roveyayinevi.com.tr\/index.php\/urun\/basogretmenin-yolunda\/"},"modified":"2026-04-15T03:31:01","modified_gmt":"2026-04-15T00:31:01","slug":"basogretmenin-yolunda","status":"publish","type":"product","link":"https:\/\/roveyayinevi.com.tr\/index.php\/urun\/basogretmenin-yolunda\/","title":{"rendered":"Ba\u015f\u00f6\u011fretmenin Yolunda"},"content":{"rendered":"<p>Atat\u00fcrk\u00e7\u00fc \u0130ki E\u011fitim G\u00f6n\u00fcll\u00fcs\u00fc: H\u0131fz\u0131rrahman Ra\u015fit \u00d6ymen M\u00fcnir Ra\u015fit \u00d6ymen ve m\u00fccadele dolu ya\u015famlar\u0131&#8230; Altan \u00d6ymen ile Onur \u00d6ymen\u2019in birlikte kaleme ald\u0131klar\u0131 bu kitap, Osmanl\u0131 \u0130mparatorlu\u011fu\u2019nun son y\u0131llar\u0131nda d\u00fcnyaya gelen, e\u011fitimlerini sava\u015f ko\u015fullar\u0131n\u0131n s\u0131k\u0131nt\u0131lar\u0131 i\u00e7inde tamamlayarak \u00f6\u011fretmen olan ve Cumhuriyet\u2019in e\u011fitim devriminde g\u00f6n\u00fcll\u00fc olarak g\u00f6rev alan babalar\u0131 H\u0131fz\u0131rrahman Ra\u015fit ve M\u00fcnir Ra\u015fit \u00d6ymen karde\u015flerin hayat hik\u00e2yelerini, \u00e7al\u0131\u015fmalar\u0131n\u0131, d\u00fc\u015f\u00fcncelerini ve eserlerini anlat\u0131yor. Her iki karde\u015f de devlet taraf\u0131ndan g\u00f6nderildikleri Almanya\u2019da y\u00fcksek \u00f6\u011frenimlerini ba\u015far\u0131yla tamamlad\u0131ktan sonra T\u00fcrkiye\u2019de \u00f6\u011fretmenlerin ve \u00f6\u011frencilerin en \u00e7a\u011fda\u015f bilgilerle donat\u0131larak e\u011fitilmeleri i\u00e7in b\u00fcy\u00fck \u00e7aba g\u00f6stermi\u015fler, yazd\u0131klar\u0131 veya T\u00fcrk\u00e7e\u2019ye \u00e7evirdikleri kitap ve makalelerle, yay\u0131mlad\u0131klar\u0131 dergilerle, verdikleri konferanslarla \u00f6\u011fretmenlerin ve \u00f6\u011frencilerin \u00e7a\u011fda\u015f d\u00fc\u015f\u00fcncelerle yeti\u015ftirilmesine katk\u0131da bulunmu\u015flard\u0131r. Cumhuriyetin hedefledi\u011fi laik e\u011fitimin hayata ge\u00e7irilmesi, K\u00f6y Enstit\u00fclerinin, Millet Mekteplerinin ve Halkevleri\u2019nin kurulmas\u0131 gibi b\u00fcy\u00fck hamlelerin s\u0131raland\u0131\u011f\u0131 bu kitap, e\u011fitimdeki at\u0131l\u0131mlar\u0131n daha sonraki d\u00f6nemlerde nas\u0131l birer birer feda edildi\u011finin \u00f6rneklerine de yer vermektedir.<\/p>\n","protected":false},"excerpt":{"rendered":"<p>Atat\u00fcrk\u00e7\u00fc \u0130ki E\u011fitim G\u00f6n\u00fcll\u00fcs\u00fc: H\u0131fz\u0131rrahman Ra\u015fit \u00d6ymen M\u00fcnir Ra\u015fit \u00d6ymen ve m\u00fccadele dolu ya\u015famlar\u0131&#8230; Altan \u00d6ymen ile Onur \u00d6ymen\u2019in birlikte kaleme ald\u0131klar\u0131 bu kitap, Osmanl\u0131 \u0130mparatorlu\u011fu\u2019nun<span class=\"excerpt-hellip\"> [\u2026]<\/span><\/p>\n","protected":false},"featured_media":0,"template":"","meta":{"_monsterinsights_skip_tracking":false,"_monsterinsights_sitenote_active":false,"_monsterinsights_sitenote_note":"","_monsterinsights_sitenote_category":0},"product_brand":[],"product_cat":[13701,12291],"product_tag":[],"class_list":{"0":"post-765366","1":"product","2":"type-product","3":"status-publish","5":"product_cat-ani-mektup-gunluk","6":"product_cat-edebiyat","7":"pa_cilt-ciltsiz","8":"pa_tur-kitap","9":"pa_yayinevi-remzi-kitabevi","10":"pa_yazar-altan-oymen-onur-oymen","12":"first","13":"instock","14":"sale","15":"shipping-taxable","16":"purchasable","17":"product-type-simple"},"_links":{"self":[{"href":"https:\/\/roveyayinevi.com.tr\/index.php\/wp-json\/wp\/v2\/product\/765366","targetHints":{"allow":["GET"]}}],"collection":[{"href":"https:\/\/roveyayinevi.com.tr\/index.php\/wp-json\/wp\/v2\/product"}],"about":[{"href":"https:\/\/roveyayinevi.com.tr\/index.php\/wp-json\/wp\/v2\/types\/product"}],"wp:attachment":[{"href":"https:\/\/roveyayinevi.com.tr\/index.php\/wp-json\/wp\/v2\/media?parent=765366"}],"wp:term":[{"taxonomy":"product_brand","embeddable":true,"href":"https:\/\/roveyayinevi.com.tr\/index.php\/wp-json\/wp\/v2\/product_brand?post=765366"},{"taxonomy":"product_cat","embeddable":true,"href":"https:\/\/roveyayinevi.com.tr\/index.php\/wp-json\/wp\/v2\/product_cat?post=765366"},{"taxonomy":"product_tag","embeddable":true,"href":"https:\/\/roveyayinevi.com.tr\/index.php\/wp-json\/wp\/v2\/product_tag?post=765366"}],"curies":[{"name":"wp","href":"https:\/\/api.w.org\/{rel}","templated":true}]}}