{"id":765365,"date":"2025-08-28T11:40:55","date_gmt":"2025-08-28T08:40:55","guid":{"rendered":"https:\/\/roveyayinevi.com.tr\/index.php\/urun\/vay-canina-sayilar-ciltli\/"},"modified":"2026-04-15T03:31:00","modified_gmt":"2026-04-15T00:31:00","slug":"vay-canina-sayilar-ciltli","status":"publish","type":"product","link":"https:\/\/roveyayinevi.com.tr\/index.php\/urun\/vay-canina-sayilar-ciltli\/","title":{"rendered":"Vay Can\u0131na Say\u0131lar (Ciltli)"},"content":{"rendered":"<p>Say\u0131lar\u0131n olmad\u0131\u011f\u0131 bir d\u00fcnya olabilir mi? Telefon numaralar\u0131 yok, do\u011fum tarihi yok. Ka\u00e7 ya\u015f\u0131nda oldu\u011funu bilmiyorsun, paralar yok\u2026 Matematiksiz bir hayatta ya\u015famak \u00e7ok zor olur. Sana bir s\u0131r vereyim: Matematik zor de\u011fildir, yeter ki sev.   Haz\u0131rlan \u00e7abuk! Say\u0131lar\u0131n gizemli d\u00fcnyas\u0131nda muhte\u015fem bir yolculu\u011fa \u00e7\u0131kaca\u011f\u0131z. Bekleyin bizi kesirler, \u00f6r\u00fcnt\u00fcler, \u00fc\u00e7genler. Bekleyin bizi a\u00e7\u0131lar, \u00fcstl\u00fc say\u0131lar, karek\u00f6kler. Bekleyin bizi ondal\u0131k say\u0131lar. DUYDUK DUYMADIK DEMEY\u0130N! BU K\u0130TAP S\u0130Z\u0130 G\u00dcLMEKTEN BAYILTACAK. <\/p>\n","protected":false},"excerpt":{"rendered":"<p>Say\u0131lar\u0131n olmad\u0131\u011f\u0131 bir d\u00fcnya olabilir mi? Telefon numaralar\u0131 yok, do\u011fum tarihi yok. Ka\u00e7 ya\u015f\u0131nda oldu\u011funu bilmiyorsun, paralar yok\u2026 Matematiksiz bir hayatta ya\u015famak \u00e7ok zor olur. Sana<span class=\"excerpt-hellip\"> [\u2026]<\/span><\/p>\n","protected":false},"featured_media":0,"template":"","meta":{"_monsterinsights_skip_tracking":false,"_monsterinsights_sitenote_active":false,"_monsterinsights_sitenote_note":"","_monsterinsights_sitenote_category":0},"product_brand":[],"product_cat":[12274,15842],"product_tag":[],"class_list":{"0":"post-765365","1":"product","2":"type-product","3":"status-publish","5":"product_cat-cocuk-ve-genclik-kitaplari","6":"product_cat-egitici-kitaplar","7":"pa_cilt-ciltli","8":"pa_tur-kitap","9":"pa_yayinevi-nesil-genc","10":"pa_yazar-yusuf-asal","12":"first","13":"instock","14":"sale","15":"shipping-taxable","16":"purchasable","17":"product-type-simple"},"_links":{"self":[{"href":"https:\/\/roveyayinevi.com.tr\/index.php\/wp-json\/wp\/v2\/product\/765365","targetHints":{"allow":["GET"]}}],"collection":[{"href":"https:\/\/roveyayinevi.com.tr\/index.php\/wp-json\/wp\/v2\/product"}],"about":[{"href":"https:\/\/roveyayinevi.com.tr\/index.php\/wp-json\/wp\/v2\/types\/product"}],"wp:attachment":[{"href":"https:\/\/roveyayinevi.com.tr\/index.php\/wp-json\/wp\/v2\/media?parent=765365"}],"wp:term":[{"taxonomy":"product_brand","embeddable":true,"href":"https:\/\/roveyayinevi.com.tr\/index.php\/wp-json\/wp\/v2\/product_brand?post=765365"},{"taxonomy":"product_cat","embeddable":true,"href":"https:\/\/roveyayinevi.com.tr\/index.php\/wp-json\/wp\/v2\/product_cat?post=765365"},{"taxonomy":"product_tag","embeddable":true,"href":"https:\/\/roveyayinevi.com.tr\/index.php\/wp-json\/wp\/v2\/product_tag?post=765365"}],"curies":[{"name":"wp","href":"https:\/\/api.w.org\/{rel}","templated":true}]}}