{"id":765364,"date":"2025-08-28T11:40:53","date_gmt":"2025-08-28T08:40:53","guid":{"rendered":"https:\/\/roveyayinevi.com.tr\/index.php\/urun\/sovyet-rusyanin-sosyalist-insasi\/"},"modified":"2026-03-23T03:22:50","modified_gmt":"2026-03-23T00:22:50","slug":"sovyet-rusyanin-sosyalist-insasi","status":"publish","type":"product","link":"https:\/\/roveyayinevi.com.tr\/index.php\/urun\/sovyet-rusyanin-sosyalist-insasi\/","title":{"rendered":"Sovyet Rusya&#8217;n\u0131n Sosyalist \u0130n\u015fas\u0131"},"content":{"rendered":"<p>\u201cVapurun merdiveninden inerken h\u00e2k\u00ee renkli elbiseli bir zabit pasaportuma bakt\u0131. Merdivenden ayaklar\u0131m yepyeni bir karaya, bir \u00e2leme do\u011fru ilerliyordu. Aya\u011f\u0131m vapurun sahile yaslanan merdiveninin son kademesinde idi. Bir saniye sonra ayak basaca\u011f\u0131m topra\u011f\u0131 h\u00e2l\u00e2 kafamda tasarlayamam\u0131\u015ft\u0131m.Moskova ve Sovyetler \u0130htilali\u2019ne dair bir\u00e7ok kitaplar okumu\u015ftum. Fakat bence bunlar\u0131n tek kabahatleri bir tarafl\u0131 olmalar\u0131 idi. Ya hayranlar \u00fctopiye benzer bir \u00e2lemden bahsetmi\u015fler yahut da d\u00fc\u015fmanlar mutlaka bir cehennem dekoru yaratmak istemi\u015flerdir. Daha b\u00fcy\u00fck kusur, birtak\u0131m adamlar\u0131n bir memleketi kendi tarihiyle de\u011fil de kendi kafalar\u0131ndaki \u00f6l\u00e7\u00fclerle \u00f6l\u00e7m\u00fc\u015f olmalar\u0131 idi\u2026\u201d***Ger\u00e7ek\u00e7i edebiyat\u0131m\u0131z\u0131n ilk temsilcilerinden de olan Sadri Ertem, \u0130smet \u0130n\u00f6n\u00fc\u2019n\u00fcn 1932 y\u0131l\u0131nda ger\u00e7ekle\u015fen Sovyetler Birli\u011fi gezisine kat\u0131lan gazetecilerden biridir. Bu gezi s\u0131ras\u0131nda kaleme ald\u0131\u011f\u0131 g\u00f6zlemlerini, tuttu\u011fu notlar\u0131 ve k\u0131sa k\u0131sa derledi\u011fi tarihsel bilgileri \u00f6zellikle takip eden s\u00fcre\u00e7te y\u00fckselen Hitler ve Nazi tehdidi g\u00f6lgesinde, kendisi hayattayken yay\u0131mlatmay\u0131 ba\u015faramam\u0131\u015ft\u0131r.Elinizdeki bu \u00f6zg\u00fcn \u00e7al\u0131\u015fma, Ertem\u2019in notlar\u0131n\u0131 teslim etti\u011fi, yaz\u0131n\u0131m\u0131z\u0131n bir ba\u015fka b\u00fcy\u00fck de\u011feri Kemal S\u00fclker\u2019in \u00e7abas\u0131yla ancak y\u0131llar sonra okurla bulu\u015fabilmi\u015ftir.<\/p>\n","protected":false},"excerpt":{"rendered":"<p>\u201cVapurun merdiveninden inerken h\u00e2k\u00ee renkli elbiseli bir zabit pasaportuma bakt\u0131. Merdivenden ayaklar\u0131m yepyeni bir karaya, bir \u00e2leme do\u011fru ilerliyordu. Aya\u011f\u0131m vapurun sahile yaslanan merdiveninin son kademesinde<span class=\"excerpt-hellip\"> [\u2026]<\/span><\/p>\n","protected":false},"featured_media":0,"template":"","meta":{"_monsterinsights_skip_tracking":false,"_monsterinsights_sitenote_active":false,"_monsterinsights_sitenote_note":"","_monsterinsights_sitenote_category":0},"product_brand":[],"product_cat":[12312,12304],"product_tag":[],"class_list":{"0":"post-765364","1":"product","2":"type-product","3":"status-publish","5":"product_cat-diger","6":"product_cat-tarih","7":"pa_cilt-ciltsiz","8":"pa_tur-kitap","9":"pa_yayinevi-telgrafhane-yayinlari","10":"pa_yazar-sadri-ertem","12":"first","13":"instock","14":"sale","15":"shipping-taxable","16":"purchasable","17":"product-type-simple"},"_links":{"self":[{"href":"https:\/\/roveyayinevi.com.tr\/index.php\/wp-json\/wp\/v2\/product\/765364","targetHints":{"allow":["GET"]}}],"collection":[{"href":"https:\/\/roveyayinevi.com.tr\/index.php\/wp-json\/wp\/v2\/product"}],"about":[{"href":"https:\/\/roveyayinevi.com.tr\/index.php\/wp-json\/wp\/v2\/types\/product"}],"wp:attachment":[{"href":"https:\/\/roveyayinevi.com.tr\/index.php\/wp-json\/wp\/v2\/media?parent=765364"}],"wp:term":[{"taxonomy":"product_brand","embeddable":true,"href":"https:\/\/roveyayinevi.com.tr\/index.php\/wp-json\/wp\/v2\/product_brand?post=765364"},{"taxonomy":"product_cat","embeddable":true,"href":"https:\/\/roveyayinevi.com.tr\/index.php\/wp-json\/wp\/v2\/product_cat?post=765364"},{"taxonomy":"product_tag","embeddable":true,"href":"https:\/\/roveyayinevi.com.tr\/index.php\/wp-json\/wp\/v2\/product_tag?post=765364"}],"curies":[{"name":"wp","href":"https:\/\/api.w.org\/{rel}","templated":true}]}}