{"id":765361,"date":"2025-08-28T11:40:46","date_gmt":"2025-08-28T08:40:46","guid":{"rendered":"https:\/\/roveyayinevi.com.tr\/index.php\/urun\/dokumaci-amca\/"},"modified":"2026-04-15T03:31:00","modified_gmt":"2026-04-15T00:31:00","slug":"dokumaci-amca","status":"publish","type":"product","link":"https:\/\/roveyayinevi.com.tr\/index.php\/urun\/dokumaci-amca\/","title":{"rendered":"Dokumac\u0131 Amca"},"content":{"rendered":"<p>Akram Ghasempour taraf\u0131ndan kaleme al\u0131nan ve V. Lashgarifarhadi \u00e7izimleriyle hayat bulan Dokumac\u0131 Amca, \u201c\u00d6d\u00fcll\u00fc \u00c7ocuk Kitaplar\u0131\u201d serimizin \u00f6nemli bir par\u00e7as\u0131d\u0131r. Bu seride, ba\u015fta Bologna \u00c7ocuk Kitaplar\u0131 Fuar\u0131 olmak \u00fczere bir\u00e7ok uluslararas\u0131 kitap fuar\u0131ndan \u00f6d\u00fclle d\u00f6nen kitaplar yer almaktad\u0131r. Kitaplarda kullan\u0131lan resimler ve \u00e7izimler, \u00e7ocuklar\u0131n g\u00f6rsel haf\u0131zalar\u0131n\u0131 ve analitik d\u00fc\u015f\u00fcnme becerilerini geli\u015ftirmeye yard\u0131mc\u0131 olacak \u015fekilde \u00f6zenle tasarlanm\u0131\u015ft\u0131r. Ayr\u0131ca, \u00e7ocuklar\u0131n okuma al\u0131\u015fkanl\u0131klar\u0131n\u0131 desteklemek amac\u0131yla, serideki kitaplar sade ve anla\u015f\u0131l\u0131r bir dille haz\u0131rlanm\u0131\u015ft\u0131r. Her y\u0131l eklenen yeni kitaplarla \u00f6d\u00fcll\u00fc \u00e7ocuk kitaplar\u0131 serimiz daha da zenginle\u015fmektedir. Bir zamanlar sevimli, ya\u015fl\u0131 bir adam varm\u0131\u015f. Ya\u015fl\u0131 adam y\u0131llard\u0131r \u00e7ocuklar i\u00e7in arkada\u015fl\u0131k zinciri dokuyormu\u015f. \u00c7ocuklar da bu sevimli, ya\u015fl\u0131 adama bu y\u00fczden \u201cDokumac\u0131 Amca\u201d diyorlarm\u0131\u015f\u2026 <\/p>\n","protected":false},"excerpt":{"rendered":"<p>Akram Ghasempour taraf\u0131ndan kaleme al\u0131nan ve V. Lashgarifarhadi \u00e7izimleriyle hayat bulan Dokumac\u0131 Amca, \u201c\u00d6d\u00fcll\u00fc \u00c7ocuk Kitaplar\u0131\u201d serimizin \u00f6nemli bir par\u00e7as\u0131d\u0131r. Bu seride, ba\u015fta Bologna \u00c7ocuk Kitaplar\u0131<span class=\"excerpt-hellip\"> [\u2026]<\/span><\/p>\n","protected":false},"featured_media":0,"template":"","meta":{"_monsterinsights_skip_tracking":false,"_monsterinsights_sitenote_active":false,"_monsterinsights_sitenote_note":"","_monsterinsights_sitenote_category":0},"product_brand":[],"product_cat":[12274],"product_tag":[],"class_list":{"0":"post-765361","1":"product","2":"type-product","3":"status-publish","5":"product_cat-cocuk-ve-genclik-kitaplari","6":"pa_cilt-ciltsiz","7":"pa_tur-kitap","8":"pa_yayinevi-odtu-gelistirme-vakfi-yayincilik","9":"pa_yazar-akram-ghasempour","11":"first","12":"instock","13":"sale","14":"shipping-taxable","15":"purchasable","16":"product-type-simple"},"_links":{"self":[{"href":"https:\/\/roveyayinevi.com.tr\/index.php\/wp-json\/wp\/v2\/product\/765361","targetHints":{"allow":["GET"]}}],"collection":[{"href":"https:\/\/roveyayinevi.com.tr\/index.php\/wp-json\/wp\/v2\/product"}],"about":[{"href":"https:\/\/roveyayinevi.com.tr\/index.php\/wp-json\/wp\/v2\/types\/product"}],"wp:attachment":[{"href":"https:\/\/roveyayinevi.com.tr\/index.php\/wp-json\/wp\/v2\/media?parent=765361"}],"wp:term":[{"taxonomy":"product_brand","embeddable":true,"href":"https:\/\/roveyayinevi.com.tr\/index.php\/wp-json\/wp\/v2\/product_brand?post=765361"},{"taxonomy":"product_cat","embeddable":true,"href":"https:\/\/roveyayinevi.com.tr\/index.php\/wp-json\/wp\/v2\/product_cat?post=765361"},{"taxonomy":"product_tag","embeddable":true,"href":"https:\/\/roveyayinevi.com.tr\/index.php\/wp-json\/wp\/v2\/product_tag?post=765361"}],"curies":[{"name":"wp","href":"https:\/\/api.w.org\/{rel}","templated":true}]}}