{"id":765357,"date":"2025-08-28T11:40:37","date_gmt":"2025-08-28T08:40:37","guid":{"rendered":"https:\/\/roveyayinevi.com.tr\/index.php\/urun\/kucuk-anlar\/"},"modified":"2026-04-15T03:31:00","modified_gmt":"2026-04-15T00:31:00","slug":"kucuk-anlar","status":"publish","type":"product","link":"https:\/\/roveyayinevi.com.tr\/index.php\/urun\/kucuk-anlar\/","title":{"rendered":"K\u00fc\u00e7\u00fck Anlar"},"content":{"rendered":"<p>Kendi ger\u00e7eklerinin \u0131\u015f\u0131\u011f\u0131nda bir ya\u015fam kurmaya istekli olan Lina, bu ger\u00e7eklerden z\u0131t bir toplumun i\u00e7inde \u00f6z\u00fcn\u00fc korumaya ve kendini savunmaya kararl\u0131d\u0131r. Ta ki kar\u015f\u0131s\u0131na ilkelerinin tam tersini savunan bir insan \u00e7\u0131kana kadar&#8230;   Sevgi ve nefret kar\u015f\u0131s\u0131nda kendimizden ne kadar \u00f6d\u00fcn veririz? Co\u011frafyan\u0131n, iklimlerin ve k\u00fclt\u00fcrlerin \u00e7at\u0131\u015fmalar\u0131n\u0131 ve kesi\u015fmelerini ya\u015fad\u0131klar\u0131 \u00f6rnekler \u00fczerinden birbirine anlatan iki insan\u0131n y\u0131llar i\u00e7indeki de\u011fi\u015fimleri&#8230;   Suriye&#8217;den \u0130sve\u00e7&#8217;e kadar uzay\u0131p giden bir kaosun k\u00fc\u00e7\u00fck bir par\u00e7as\u0131 olan Lina duygular\u0131n\u0131 ve mant\u0131\u011f\u0131n\u0131 dengelemek i\u00e7in kendisiyle sava\u015fmak zorundad\u0131r. De\u011ferlerimize olan ba\u011fl\u0131l\u0131\u011f\u0131m\u0131z\u0131 ba\u015fkalar\u0131yla kar\u015f\u0131la\u015ft\u0131rd\u0131\u011f\u0131m\u0131z zaman onlar\u0131 kalitesizle\u015ftiririz&#8230;<\/p>\n","protected":false},"excerpt":{"rendered":"<p>Kendi ger\u00e7eklerinin \u0131\u015f\u0131\u011f\u0131nda bir ya\u015fam kurmaya istekli olan Lina, bu ger\u00e7eklerden z\u0131t bir toplumun i\u00e7inde \u00f6z\u00fcn\u00fc korumaya ve kendini savunmaya kararl\u0131d\u0131r. Ta ki kar\u015f\u0131s\u0131na ilkelerinin tam<span class=\"excerpt-hellip\"> [\u2026]<\/span><\/p>\n","protected":false},"featured_media":0,"template":"","meta":{"_monsterinsights_skip_tracking":false,"_monsterinsights_sitenote_active":false,"_monsterinsights_sitenote_note":"","_monsterinsights_sitenote_category":0},"product_brand":[],"product_cat":[12291,12711],"product_tag":[],"class_list":{"0":"post-765357","1":"product","2":"type-product","3":"status-publish","5":"product_cat-edebiyat","6":"product_cat-roman-oyku","7":"pa_cilt-ciltsiz","8":"pa_tur-kitap","9":"pa_yayinevi-elpis-yayinlari","10":"pa_yazar-gulistan-aslan","12":"first","13":"instock","14":"sale","15":"shipping-taxable","16":"purchasable","17":"product-type-simple"},"_links":{"self":[{"href":"https:\/\/roveyayinevi.com.tr\/index.php\/wp-json\/wp\/v2\/product\/765357","targetHints":{"allow":["GET"]}}],"collection":[{"href":"https:\/\/roveyayinevi.com.tr\/index.php\/wp-json\/wp\/v2\/product"}],"about":[{"href":"https:\/\/roveyayinevi.com.tr\/index.php\/wp-json\/wp\/v2\/types\/product"}],"wp:attachment":[{"href":"https:\/\/roveyayinevi.com.tr\/index.php\/wp-json\/wp\/v2\/media?parent=765357"}],"wp:term":[{"taxonomy":"product_brand","embeddable":true,"href":"https:\/\/roveyayinevi.com.tr\/index.php\/wp-json\/wp\/v2\/product_brand?post=765357"},{"taxonomy":"product_cat","embeddable":true,"href":"https:\/\/roveyayinevi.com.tr\/index.php\/wp-json\/wp\/v2\/product_cat?post=765357"},{"taxonomy":"product_tag","embeddable":true,"href":"https:\/\/roveyayinevi.com.tr\/index.php\/wp-json\/wp\/v2\/product_tag?post=765357"}],"curies":[{"name":"wp","href":"https:\/\/api.w.org\/{rel}","templated":true}]}}