{"id":765356,"date":"2025-08-28T11:40:34","date_gmt":"2025-08-28T08:40:34","guid":{"rendered":"https:\/\/roveyayinevi.com.tr\/index.php\/urun\/hatiralarin-tozu\/"},"modified":"2026-04-15T03:31:00","modified_gmt":"2026-04-15T00:31:00","slug":"hatiralarin-tozu","status":"publish","type":"product","link":"https:\/\/roveyayinevi.com.tr\/index.php\/urun\/hatiralarin-tozu\/","title":{"rendered":"Hat\u0131ralar\u0131n Tozu"},"content":{"rendered":"<p>Herkesin hayatta ya\u015fam\u0131\u015f ac\u0131 tatl\u0131 an\u0131lar\u0131 vard\u0131r ya, bazen bir film \u015feridi gibi ge\u00e7er g\u00f6z\u00fcm\u00fcz\u00fcn \u00f6n\u00fcnden. Eskilere \u015f\u00f6yle bir gideriz mutluluk ile h\u00fcz\u00fcn damlalar\u0131 d\u00f6k\u00fcl\u00fcr g\u00f6zlerimizden. Yalan d\u00fcnya bir var bir yokmu\u015f, t\u0131pk\u0131 hikayelerde oldu\u011fu gibi.   Yerde g\u00f6kte ne varsa her canl\u0131n\u0131n \u00f6l\u00fcm\u00fc tadaca\u011f\u0131n\u0131 s\u00f6yleyen sureler oldu\u011funu Y\u00fcce Allah bize a\u00e7\u0131k a\u00e7\u0131k bildirirken, biz insanlar nefsimizi tutamayarak yine yanl\u0131\u015f yap\u0131yor, yine kalpler k\u0131r\u0131yor, yine \u00f6lmeyecekmi\u015f gibi bencillik yap\u0131yoruz. Hayat \u00e7ok k\u0131sa, iyilik yapan da k\u00f6t\u00fcl\u00fck yapan da kendine yapar.   Kuyuda ya\u015fayan ailenin ac\u0131 dram\u0131, \u015eehidin vatan sevgisi, Hasan A\u011fa&#8217;n\u0131n \u00f6l\u00fcm\u00fc gibi hepimizin farkl\u0131 hikayesi vard\u0131r unutamad\u0131\u011f\u0131m\u0131z.   Okurken h\u00fcz\u00fcnle mutlulu\u011fun yan yana oldu\u011funu anlayacak, g\u00fclerken \u00fcz\u00fclecek, \u00fcz\u00fcl\u00fcrken g\u00fcleceksiniz.<\/p>\n","protected":false},"excerpt":{"rendered":"<p>Herkesin hayatta ya\u015fam\u0131\u015f ac\u0131 tatl\u0131 an\u0131lar\u0131 vard\u0131r ya, bazen bir film \u015feridi gibi ge\u00e7er g\u00f6z\u00fcm\u00fcz\u00fcn \u00f6n\u00fcnden. Eskilere \u015f\u00f6yle bir gideriz mutluluk ile h\u00fcz\u00fcn damlalar\u0131 d\u00f6k\u00fcl\u00fcr g\u00f6zlerimizden.<span class=\"excerpt-hellip\"> [\u2026]<\/span><\/p>\n","protected":false},"featured_media":0,"template":"","meta":{"_monsterinsights_skip_tracking":false,"_monsterinsights_sitenote_active":false,"_monsterinsights_sitenote_note":"","_monsterinsights_sitenote_category":0},"product_brand":[],"product_cat":[12291,12711],"product_tag":[],"class_list":{"0":"post-765356","1":"product","2":"type-product","3":"status-publish","5":"product_cat-edebiyat","6":"product_cat-roman-oyku","7":"pa_cilt-ciltsiz","8":"pa_tur-kitap","9":"pa_yayinevi-elpis-yayinlari","10":"pa_yazar-ulya-nur","12":"first","13":"instock","14":"sale","15":"shipping-taxable","16":"purchasable","17":"product-type-simple"},"_links":{"self":[{"href":"https:\/\/roveyayinevi.com.tr\/index.php\/wp-json\/wp\/v2\/product\/765356","targetHints":{"allow":["GET"]}}],"collection":[{"href":"https:\/\/roveyayinevi.com.tr\/index.php\/wp-json\/wp\/v2\/product"}],"about":[{"href":"https:\/\/roveyayinevi.com.tr\/index.php\/wp-json\/wp\/v2\/types\/product"}],"wp:attachment":[{"href":"https:\/\/roveyayinevi.com.tr\/index.php\/wp-json\/wp\/v2\/media?parent=765356"}],"wp:term":[{"taxonomy":"product_brand","embeddable":true,"href":"https:\/\/roveyayinevi.com.tr\/index.php\/wp-json\/wp\/v2\/product_brand?post=765356"},{"taxonomy":"product_cat","embeddable":true,"href":"https:\/\/roveyayinevi.com.tr\/index.php\/wp-json\/wp\/v2\/product_cat?post=765356"},{"taxonomy":"product_tag","embeddable":true,"href":"https:\/\/roveyayinevi.com.tr\/index.php\/wp-json\/wp\/v2\/product_tag?post=765356"}],"curies":[{"name":"wp","href":"https:\/\/api.w.org\/{rel}","templated":true}]}}