{"id":765355,"date":"2025-08-28T11:40:32","date_gmt":"2025-08-28T08:40:32","guid":{"rendered":"https:\/\/roveyayinevi.com.tr\/index.php\/urun\/p4c-cocuklar-icin-felsefe-sohbet-kartlari\/"},"modified":"2026-04-15T03:31:00","modified_gmt":"2026-04-15T00:31:00","slug":"p4c-cocuklar-icin-felsefe-sohbet-kartlari","status":"publish","type":"product","link":"https:\/\/roveyayinevi.com.tr\/index.php\/urun\/p4c-cocuklar-icin-felsefe-sohbet-kartlari\/","title":{"rendered":"(P4C) \u00c7ocuklar i\u00e7in Felsefe Sohbet Kartlar\u0131"},"content":{"rendered":"<p>\u00c7ocuklar \u0130\u00e7in Felsefe (P4C) Sohbet Kartlar\u0131, P4C Kolayla\u015ft\u0131r\u0131c\u0131lar\u0131na rehber olabilece\u011fi gibi, ilkokul ve ortaokul kademelerinde s\u0131n\u0131f i\u00e7i etkinliklerde de kullan\u0131labilir. Ebeveynlerin \u00e7ocuklar\u0131yla ve \u00e7ocuklar\u0131n kendi aralar\u0131nda sohbete d\u00f6n\u00fc\u015ft\u00fcrece\u011fi, ileti\u015fimi g\u00fc\u00e7lendiren bir oyun olarak da de\u011ferlendirilebilir. 22 kavram ve 110 karttan olu\u015fan bu set, g\u00fcnl\u00fck hayatta kullan\u0131lan kavramlar \u00fczerine derinlemesine d\u00fc\u015f\u00fcnmeyi, sorgulamay\u0131 ve \u00e7ocuklar\u0131n kendilerini rahat\u00e7a ifade etmelerini sa\u011flamak amac\u0131yla tasarlanm\u0131\u015ft\u0131r. Her kavramla ili\u015fkilendirilmi\u015f 5\u2019er soru, tart\u0131\u015fma ortam\u0131n\u0131 olu\u015fturmak i\u00e7in k\u0131lavuz niteli\u011findedir; konu\u015fman\u0131n seyrine g\u00f6re yeni sorular\u0131n do\u011fu\u015funa, tart\u0131\u015fman\u0131n zenginle\u015fmesine kap\u0131 aralamaktad\u0131r. P4C\u2019nin amac\u0131 felsefe \u00f6\u011fretmek de\u011fil, felsefi d\u00fc\u015f\u00fcn\u00fc\u015fe zemin haz\u0131rlayacak sorma\/soru\u015fturma, d\u00fc\u015f\u00fcnme becerisini kazand\u0131rmak, ifade yetene\u011fini ve hayal g\u00fcc\u00fcn\u00fc geli\u015ftirmektir. Bu nedenle de her sorunun mutlak bir yan\u0131t\u0131n\u0131n olmad\u0131\u011f\u0131, farkl\u0131 her fikrin d\u00fc\u015f\u00fcnce d\u00fcnyas\u0131na zenginlik katt\u0131\u011f\u0131, empati becerisini geli\u015ftirdi\u011fi unutulmamal\u0131d\u0131r. 6-12 ya\u015f aral\u0131\u011f\u0131ndaki \u00e7ocuklar i\u00e7in kullan\u0131labilecek kartlarda belli bir s\u0131ralama yoktur; istenilen kavramdan ba\u015flan\u0131labilir. Ancak, ba\u011flant\u0131l\u0131 sorular bulundu\u011fundan, ayn\u0131 kavram i\u00e7inde soru numaralar\u0131na g\u00f6re ilerlemekte fayda vard\u0131r. \u00c7ocu\u011fun zorland\u0131\u011f\u0131 ya da kendini yetersiz hissetti\u011fi durumlarda herhangi bir d\u00fc\u015f\u00fcnceyi dayatma yoluna gitmeden, yeni sorular ya da \u00f6rnekler \u00fczerinden  a\u00e7\u0131klama yapmas\u0131na destek olunmal\u0131 ya da farkl\u0131 bir kavramla devam edilmelidir.<\/p>\n","protected":false},"excerpt":{"rendered":"<p>\u00c7ocuklar \u0130\u00e7in Felsefe (P4C) Sohbet Kartlar\u0131, P4C Kolayla\u015ft\u0131r\u0131c\u0131lar\u0131na rehber olabilece\u011fi gibi, ilkokul ve ortaokul kademelerinde s\u0131n\u0131f i\u00e7i etkinliklerde de kullan\u0131labilir. Ebeveynlerin \u00e7ocuklar\u0131yla ve \u00e7ocuklar\u0131n kendi aralar\u0131nda<span class=\"excerpt-hellip\"> [\u2026]<\/span><\/p>\n","protected":false},"featured_media":0,"template":"","meta":{"_monsterinsights_skip_tracking":false,"_monsterinsights_sitenote_active":false,"_monsterinsights_sitenote_note":"","_monsterinsights_sitenote_category":0},"product_brand":[],"product_cat":[15563,24020],"product_tag":[],"class_list":{"0":"post-765355","1":"product","2":"type-product","3":"status-publish","5":"product_cat-hobi","6":"product_cat-kultur","7":"pa_cilt-ciltsiz","8":"pa_tur-kitap10","9":"pa_yayinevi-delta-kultur-yayinevi","10":"pa_yazar-duygu-eren","12":"first","13":"instock","14":"sale","15":"shipping-taxable","16":"purchasable","17":"product-type-simple"},"_links":{"self":[{"href":"https:\/\/roveyayinevi.com.tr\/index.php\/wp-json\/wp\/v2\/product\/765355","targetHints":{"allow":["GET"]}}],"collection":[{"href":"https:\/\/roveyayinevi.com.tr\/index.php\/wp-json\/wp\/v2\/product"}],"about":[{"href":"https:\/\/roveyayinevi.com.tr\/index.php\/wp-json\/wp\/v2\/types\/product"}],"wp:attachment":[{"href":"https:\/\/roveyayinevi.com.tr\/index.php\/wp-json\/wp\/v2\/media?parent=765355"}],"wp:term":[{"taxonomy":"product_brand","embeddable":true,"href":"https:\/\/roveyayinevi.com.tr\/index.php\/wp-json\/wp\/v2\/product_brand?post=765355"},{"taxonomy":"product_cat","embeddable":true,"href":"https:\/\/roveyayinevi.com.tr\/index.php\/wp-json\/wp\/v2\/product_cat?post=765355"},{"taxonomy":"product_tag","embeddable":true,"href":"https:\/\/roveyayinevi.com.tr\/index.php\/wp-json\/wp\/v2\/product_tag?post=765355"}],"curies":[{"name":"wp","href":"https:\/\/api.w.org\/{rel}","templated":true}]}}