{"id":765354,"date":"2025-08-28T11:40:29","date_gmt":"2025-08-28T08:40:29","guid":{"rendered":"https:\/\/roveyayinevi.com.tr\/index.php\/urun\/kasirgaya-kanan-saka-1-ciltli\/"},"modified":"2026-04-15T03:31:00","modified_gmt":"2026-04-15T00:31:00","slug":"kasirgaya-kanan-saka-1-ciltli","status":"publish","type":"product","link":"https:\/\/roveyayinevi.com.tr\/index.php\/urun\/kasirgaya-kanan-saka-1-ciltli\/","title":{"rendered":"Kas\u0131rgaya Kanan Saka 1 (Ciltli)"},"content":{"rendered":"<p>VALER\u0130 D\u0130N\u00c7, a\u011fabeyinin beklenmedik \u00f6l\u00fcm\u00fc sonras\u0131nda kafas\u0131nda olu\u015fan t\u00fcm sorular\u0131n cevaplar\u0131n\u0131n bir su\u00e7 \u00f6rg\u00fct\u00fcne uzand\u0131\u011f\u0131n\u0131 fark eder.  Sorular\u0131n\u0131n cevaplar\u0131n\u0131 bulmas\u0131n\u0131 sa\u011flayacak ve intikam almas\u0131na yard\u0131m edebilecek tek bir adam vard\u0131r.  Valeri ruhunda hi\u00e7 dolmayacak bo\u015fluklara sahiptir, Songur Yakut ise i\u00e7ini yakan bir h\u0131rsla g\u00fcc\u00fcne g\u00fc\u00e7 katmak istemektedir. Bir gece kader onlar\u0131 bir araya getirir ve o gece, Songur ile Valeri beraber karanl\u0131k bir yola \u00e7\u0131karlar.   \u201cDerler ki, \u00e7al\u0131nan hayat\u0131n\u0131 daima hat\u0131rla, intikam\u0131n alevlerini soyunla harla. Bu a\u011f\u0131l\u0131 taht bir hat\u0131ra; kalbi katran, ruhu Yakut Kral\u2019a.\u201d <\/p>\n","protected":false},"excerpt":{"rendered":"<p>VALER\u0130 D\u0130N\u00c7, a\u011fabeyinin beklenmedik \u00f6l\u00fcm\u00fc sonras\u0131nda kafas\u0131nda olu\u015fan t\u00fcm sorular\u0131n cevaplar\u0131n\u0131n bir su\u00e7 \u00f6rg\u00fct\u00fcne uzand\u0131\u011f\u0131n\u0131 fark eder. Sorular\u0131n\u0131n cevaplar\u0131n\u0131 bulmas\u0131n\u0131 sa\u011flayacak ve intikam almas\u0131na yard\u0131m edebilecek<span class=\"excerpt-hellip\"> [\u2026]<\/span><\/p>\n","protected":false},"featured_media":0,"template":"","meta":{"_monsterinsights_skip_tracking":false,"_monsterinsights_sitenote_active":false,"_monsterinsights_sitenote_note":"","_monsterinsights_sitenote_category":0},"product_brand":[],"product_cat":[12291,12711],"product_tag":[],"class_list":{"0":"post-765354","1":"product","2":"type-product","3":"status-publish","5":"product_cat-edebiyat","6":"product_cat-roman-oyku","7":"pa_cilt-ciltli","8":"pa_tur-kitap","9":"pa_yayinevi-ephesus-yayinlari","10":"pa_yazar-hazel-noya","12":"first","13":"instock","14":"sale","15":"shipping-taxable","16":"purchasable","17":"product-type-simple"},"_links":{"self":[{"href":"https:\/\/roveyayinevi.com.tr\/index.php\/wp-json\/wp\/v2\/product\/765354","targetHints":{"allow":["GET"]}}],"collection":[{"href":"https:\/\/roveyayinevi.com.tr\/index.php\/wp-json\/wp\/v2\/product"}],"about":[{"href":"https:\/\/roveyayinevi.com.tr\/index.php\/wp-json\/wp\/v2\/types\/product"}],"wp:attachment":[{"href":"https:\/\/roveyayinevi.com.tr\/index.php\/wp-json\/wp\/v2\/media?parent=765354"}],"wp:term":[{"taxonomy":"product_brand","embeddable":true,"href":"https:\/\/roveyayinevi.com.tr\/index.php\/wp-json\/wp\/v2\/product_brand?post=765354"},{"taxonomy":"product_cat","embeddable":true,"href":"https:\/\/roveyayinevi.com.tr\/index.php\/wp-json\/wp\/v2\/product_cat?post=765354"},{"taxonomy":"product_tag","embeddable":true,"href":"https:\/\/roveyayinevi.com.tr\/index.php\/wp-json\/wp\/v2\/product_tag?post=765354"}],"curies":[{"name":"wp","href":"https:\/\/api.w.org\/{rel}","templated":true}]}}