{"id":765353,"date":"2025-08-28T11:40:28","date_gmt":"2025-08-28T08:40:28","guid":{"rendered":"https:\/\/roveyayinevi.com.tr\/index.php\/urun\/portfoy-yonetiminde-sabit-getirili-enstrumanlar\/"},"modified":"2026-04-15T03:31:00","modified_gmt":"2026-04-15T00:31:00","slug":"portfoy-yonetiminde-sabit-getirili-enstrumanlar","status":"publish","type":"product","link":"https:\/\/roveyayinevi.com.tr\/index.php\/urun\/portfoy-yonetiminde-sabit-getirili-enstrumanlar\/","title":{"rendered":"Portf\u00f6y Y\u00f6netiminde Sabit Getirili Enstr\u00fcmanlar"},"content":{"rendered":"<p>Bu \u00e7al\u0131\u015fmada daha \u00e7ok tahvil \u00f6zelinde ele al\u0131nan sabit getirili yat\u0131r\u0131m ara\u00e7lar\u0131 \u00f6zetlenmi\u015f, hesaplamalar m\u00fcmk\u00fcn oldu\u011funca kolay anla\u015f\u0131lacak bi\u00e7imde t\u00fcretilmi\u015ftir. B\u00f6ylelikle hem finans \u00f6\u011frenci ve \u00e7al\u0131\u015fanlar\u0131na hem de imkanlar\u0131 k\u0131s\u0131tl\u0131 olan tasarruf sahiplerine yard\u0131mc\u0131 olunmak istenilmi\u015ftir.   Risk-getiri ili\u015fkisi, \u00e7e\u015fitlendirme, sermaye varl\u0131klar\u0131n\u0131 fiyatland\u0131rma modeli ve menkul k\u0131ymet piyasalar\u0131 do\u011frusu arac\u0131l\u0131\u011f\u0131yla portf\u00f6y kavram\u0131 ele al\u0131nm\u0131\u015ft\u0131r. Sonras\u0131nda \u00f6d\u00fcn\u00e7 verilebilir fonlar ve likidite tercihi kuramlar\u0131ndan yararlan\u0131larak faiz oranlar\u0131n\u0131n olu\u015fumu a\u00e7\u0131klanmakla kalmam\u0131\u015f, bunun ger\u00e7ek d\u00fcnyaya yans\u0131mas\u0131 da \u00f6rneklerle tart\u0131\u015f\u0131lm\u0131\u015ft\u0131r.<\/p>\n","protected":false},"excerpt":{"rendered":"<p>Bu \u00e7al\u0131\u015fmada daha \u00e7ok tahvil \u00f6zelinde ele al\u0131nan sabit getirili yat\u0131r\u0131m ara\u00e7lar\u0131 \u00f6zetlenmi\u015f, hesaplamalar m\u00fcmk\u00fcn oldu\u011funca kolay anla\u015f\u0131lacak bi\u00e7imde t\u00fcretilmi\u015ftir. B\u00f6ylelikle hem finans \u00f6\u011frenci ve \u00e7al\u0131\u015fanlar\u0131na<span class=\"excerpt-hellip\"> [\u2026]<\/span><\/p>\n","protected":false},"featured_media":0,"template":"","meta":{"_monsterinsights_skip_tracking":false,"_monsterinsights_sitenote_active":false,"_monsterinsights_sitenote_note":"","_monsterinsights_sitenote_category":0},"product_brand":[],"product_cat":[13043],"product_tag":[],"class_list":{"0":"post-765353","1":"product","2":"type-product","3":"status-publish","5":"product_cat-ekonomi","6":"pa_cilt-ciltsiz","7":"pa_tur-kitap","8":"pa_yayinevi-efil-yayinevi","9":"pa_yazar-suat-aydin","11":"first","12":"instock","13":"sale","14":"shipping-taxable","15":"purchasable","16":"product-type-simple"},"_links":{"self":[{"href":"https:\/\/roveyayinevi.com.tr\/index.php\/wp-json\/wp\/v2\/product\/765353","targetHints":{"allow":["GET"]}}],"collection":[{"href":"https:\/\/roveyayinevi.com.tr\/index.php\/wp-json\/wp\/v2\/product"}],"about":[{"href":"https:\/\/roveyayinevi.com.tr\/index.php\/wp-json\/wp\/v2\/types\/product"}],"wp:attachment":[{"href":"https:\/\/roveyayinevi.com.tr\/index.php\/wp-json\/wp\/v2\/media?parent=765353"}],"wp:term":[{"taxonomy":"product_brand","embeddable":true,"href":"https:\/\/roveyayinevi.com.tr\/index.php\/wp-json\/wp\/v2\/product_brand?post=765353"},{"taxonomy":"product_cat","embeddable":true,"href":"https:\/\/roveyayinevi.com.tr\/index.php\/wp-json\/wp\/v2\/product_cat?post=765353"},{"taxonomy":"product_tag","embeddable":true,"href":"https:\/\/roveyayinevi.com.tr\/index.php\/wp-json\/wp\/v2\/product_tag?post=765353"}],"curies":[{"name":"wp","href":"https:\/\/api.w.org\/{rel}","templated":true}]}}