{"id":765351,"date":"2025-08-28T11:40:23","date_gmt":"2025-08-28T08:40:23","guid":{"rendered":"https:\/\/roveyayinevi.com.tr\/index.php\/urun\/yapay-zeka-destekli-arastirma-yontemleri\/"},"modified":"2026-04-15T03:31:00","modified_gmt":"2026-04-15T00:31:00","slug":"yapay-zeka-destekli-arastirma-yontemleri","status":"publish","type":"product","link":"https:\/\/roveyayinevi.com.tr\/index.php\/urun\/yapay-zeka-destekli-arastirma-yontemleri\/","title":{"rendered":"Yapay Zeka Destekli Ara\u015ft\u0131rma Y\u00f6ntemleri"},"content":{"rendered":"<p>Bu kitap, yapay zek\u00e2 (YZ) \u00e7a\u011f\u0131nda ara\u015ft\u0131rmac\u0131lar\u0131n bilimsel y\u00f6ntemleri nas\u0131l kullanabileceklerini ve bu s\u00fcre\u00e7te ChatGPT gibi b\u00fcy\u00fck dil modelleriyle nas\u0131l etkile\u015fime girebileceklerini ke\u015ffeden yenilik\u00e7i bir \u00e7al\u0131\u015fmad\u0131r. Yazarlar, geleneksel akademik yaz\u0131m\u0131n \u00f6tesine ge\u00e7erek, yapay zek\u00e2 teknolojilerinin h\u0131zla geli\u015fen d\u00fcnyas\u0131nda bilimsel ara\u015ft\u0131rmalar\u0131n nas\u0131l y\u00fcr\u00fct\u00fclebilece\u011fine dair k\u0131lavuz niteli\u011finde bir i\u00e7erik sunuyor. \u201cSohbot\u201d olarak adland\u0131r\u0131lan b\u00f6l\u00fcmlerle zenginle\u015ftirilen kitapta yazarlar, b\u00fcy\u00fck dil modellerini nas\u0131l e\u011fittiklerini ve bu s\u00fcre\u00e7ten nas\u0131l bilimsel sonu\u00e7lar elde ettiklerini g\u00f6steriyorlar. Yazarlar, ChatGPT\u2019yi bir \u00f6\u011frenci ve ara\u015ft\u0131rma asistan\u0131 olarak g\u00f6rerek, onunla ortak bir \u00e7al\u0131\u015fma y\u00fcr\u00fct\u00fcyor ve bilimsel y\u00f6ntemlerin nas\u0131l uygulanabilece\u011fini \u00f6rneklerle sergiliyor.   Kitab\u0131n temel amac\u0131, ara\u015ft\u0131rmac\u0131lara, yeni ara\u015ft\u0131rma sorular\u0131 ve teknolojileri birle\u015ftirerek nas\u0131l ilerleyebilecekleri konusunda rehberlik etmektir. Yazarlar, yapay zek\u00e2 teknolojilerinin h\u0131zl\u0131 de\u011fi\u015fimi kar\u015f\u0131s\u0131nda ara\u015ft\u0131rmac\u0131lar\u0131n kendilerini s\u00fcrekli g\u00fcncel tutmalar\u0131n\u0131n zorunlulu\u011funu vurguluyor. Bu kitap, yapay zek\u00e2 \u00e7a\u011f\u0131nda ara\u015ft\u0131rma yapman\u0131n yollar\u0131n\u0131 ara\u015ft\u0131ran ve bu s\u00fcre\u00e7teki d\u00f6n\u00fc\u015f\u00fcmleri ele alan \u00f6nc\u00fc bir \u00e7al\u0131\u015fma niteli\u011findedir. (Bu sinopsis ChatGPT 4 taraf\u0131ndan \u00fcretilmi\u015ftir.)<\/p>\n","protected":false},"excerpt":{"rendered":"<p>Bu kitap, yapay zek\u00e2 (YZ) \u00e7a\u011f\u0131nda ara\u015ft\u0131rmac\u0131lar\u0131n bilimsel y\u00f6ntemleri nas\u0131l kullanabileceklerini ve bu s\u00fcre\u00e7te ChatGPT gibi b\u00fcy\u00fck dil modelleriyle nas\u0131l etkile\u015fime girebileceklerini ke\u015ffeden yenilik\u00e7i bir \u00e7al\u0131\u015fmad\u0131r.<span class=\"excerpt-hellip\"> [\u2026]<\/span><\/p>\n","protected":false},"featured_media":0,"template":"","meta":{"_monsterinsights_skip_tracking":false,"_monsterinsights_sitenote_active":false,"_monsterinsights_sitenote_note":"","_monsterinsights_sitenote_category":0},"product_brand":[],"product_cat":[13005],"product_tag":[],"class_list":{"0":"post-765351","1":"product","2":"type-product","3":"status-publish","5":"product_cat-bilim-muhendislik","6":"pa_cilt-ciltsiz","7":"pa_tur-kitap","8":"pa_yayinevi-efil-yayinevi","9":"pa_yazar-eylul-seren-kosel-altug-yalcintas","11":"first","12":"instock","13":"sale","14":"shipping-taxable","15":"purchasable","16":"product-type-simple"},"_links":{"self":[{"href":"https:\/\/roveyayinevi.com.tr\/index.php\/wp-json\/wp\/v2\/product\/765351","targetHints":{"allow":["GET"]}}],"collection":[{"href":"https:\/\/roveyayinevi.com.tr\/index.php\/wp-json\/wp\/v2\/product"}],"about":[{"href":"https:\/\/roveyayinevi.com.tr\/index.php\/wp-json\/wp\/v2\/types\/product"}],"wp:attachment":[{"href":"https:\/\/roveyayinevi.com.tr\/index.php\/wp-json\/wp\/v2\/media?parent=765351"}],"wp:term":[{"taxonomy":"product_brand","embeddable":true,"href":"https:\/\/roveyayinevi.com.tr\/index.php\/wp-json\/wp\/v2\/product_brand?post=765351"},{"taxonomy":"product_cat","embeddable":true,"href":"https:\/\/roveyayinevi.com.tr\/index.php\/wp-json\/wp\/v2\/product_cat?post=765351"},{"taxonomy":"product_tag","embeddable":true,"href":"https:\/\/roveyayinevi.com.tr\/index.php\/wp-json\/wp\/v2\/product_tag?post=765351"}],"curies":[{"name":"wp","href":"https:\/\/api.w.org\/{rel}","templated":true}]}}