{"id":765350,"date":"2025-08-28T11:40:19","date_gmt":"2025-08-28T08:40:19","guid":{"rendered":"https:\/\/roveyayinevi.com.tr\/index.php\/urun\/guz-sarisi\/"},"modified":"2026-01-30T04:00:37","modified_gmt":"2026-01-30T01:00:37","slug":"guz-sarisi","status":"publish","type":"product","link":"https:\/\/roveyayinevi.com.tr\/index.php\/urun\/guz-sarisi\/","title":{"rendered":"G\u00fcz Sar\u0131s\u0131"},"content":{"rendered":"<p>Eyl\u00fcl\u2019de t\u00fcm s\u0131cakl\u0131\u011f\u0131yla \u00e7\u0131kt\u0131 gitti,Serin bir Ekim kap\u0131m\u0131z\u0131 \u00e7alar,\u00dc\u015f\u00fctt\u00fc\u011f\u00fc ellerimle kalmaz,Ars\u0131zca, y\u00fcre\u011fimi de \u00fc\u015f\u00fct\u00fcr \u015fimdi.Ya\u011fmurlar\u0131 \u0131slat\u0131r,Sert bir h\u00fcz\u00fcn yay\u0131l\u0131r,Sa\u00e7lar\u0131mdan ayak u\u00e7lar\u0131ma.Haz\u0131rl\u0131ks\u0131z yakalan\u0131rs\u0131n ya,Ya\u011fmurunu sevsen de,Is\u0131namazs\u0131n art\u0131k&#8230;<\/p>\n","protected":false},"excerpt":{"rendered":"<p>Eyl\u00fcl\u2019de t\u00fcm s\u0131cakl\u0131\u011f\u0131yla \u00e7\u0131kt\u0131 gitti,Serin bir Ekim kap\u0131m\u0131z\u0131 \u00e7alar,\u00dc\u015f\u00fctt\u00fc\u011f\u00fc ellerimle kalmaz,Ars\u0131zca, y\u00fcre\u011fimi de \u00fc\u015f\u00fct\u00fcr \u015fimdi.Ya\u011fmurlar\u0131 \u0131slat\u0131r,Sert bir h\u00fcz\u00fcn yay\u0131l\u0131r,Sa\u00e7lar\u0131mdan ayak u\u00e7lar\u0131ma.Haz\u0131rl\u0131ks\u0131z yakalan\u0131rs\u0131n ya,Ya\u011fmurunu sevsen de,Is\u0131namazs\u0131n art\u0131k&#8230;<\/p>\n","protected":false},"featured_media":0,"template":"","meta":{"_monsterinsights_skip_tracking":false,"_monsterinsights_sitenote_active":false,"_monsterinsights_sitenote_note":"","_monsterinsights_sitenote_category":0},"product_brand":[],"product_cat":[12291,12509],"product_tag":[],"class_list":{"0":"post-765350","1":"product","2":"type-product","3":"status-publish","5":"product_cat-edebiyat","6":"product_cat-siir","7":"pa_cilt-ciltsiz","8":"pa_tur-kitap","9":"pa_yayinevi-vova-yayinlari","10":"pa_yazar-nurdan-balki","12":"first","13":"instock","14":"sale","15":"shipping-taxable","16":"purchasable","17":"product-type-simple"},"_links":{"self":[{"href":"https:\/\/roveyayinevi.com.tr\/index.php\/wp-json\/wp\/v2\/product\/765350","targetHints":{"allow":["GET"]}}],"collection":[{"href":"https:\/\/roveyayinevi.com.tr\/index.php\/wp-json\/wp\/v2\/product"}],"about":[{"href":"https:\/\/roveyayinevi.com.tr\/index.php\/wp-json\/wp\/v2\/types\/product"}],"wp:attachment":[{"href":"https:\/\/roveyayinevi.com.tr\/index.php\/wp-json\/wp\/v2\/media?parent=765350"}],"wp:term":[{"taxonomy":"product_brand","embeddable":true,"href":"https:\/\/roveyayinevi.com.tr\/index.php\/wp-json\/wp\/v2\/product_brand?post=765350"},{"taxonomy":"product_cat","embeddable":true,"href":"https:\/\/roveyayinevi.com.tr\/index.php\/wp-json\/wp\/v2\/product_cat?post=765350"},{"taxonomy":"product_tag","embeddable":true,"href":"https:\/\/roveyayinevi.com.tr\/index.php\/wp-json\/wp\/v2\/product_tag?post=765350"}],"curies":[{"name":"wp","href":"https:\/\/api.w.org\/{rel}","templated":true}]}}