{"id":765349,"date":"2025-08-28T11:40:16","date_gmt":"2025-08-28T08:40:16","guid":{"rendered":"https:\/\/roveyayinevi.com.tr\/index.php\/urun\/imparatorlugun-kilici-ciltli\/"},"modified":"2026-04-15T03:31:00","modified_gmt":"2026-04-15T00:31:00","slug":"imparatorlugun-kilici-ciltli","status":"publish","type":"product","link":"https:\/\/roveyayinevi.com.tr\/index.php\/urun\/imparatorlugun-kilici-ciltli\/","title":{"rendered":"\u0130mparatorlu\u011fun K\u0131l\u0131c\u0131 (Ciltli)"},"content":{"rendered":"<p>Wisteria, bir zamanlar ye\u015fil ve bar\u0131\u015f dolu bir diyard\u0131. \u015eimdiyse kanla kapl\u0131 karanl\u0131k bir imparatorluk.   Zaiden ve Saige, imparatorlu\u011fun kaderini omuzlar\u0131nda ta\u015f\u0131yan se\u00e7ilmi\u015f sava\u015f\u00e7\u0131lard\u0131r. Sadakatleri, cesaretleri ve k\u0131l\u0131\u00e7lar\u0131 onlar\u0131 her zamankinden daha b\u00fcy\u00fck bir tehdidin kar\u015f\u0131s\u0131na \u00e7\u0131kar\u0131r. Ac\u0131lar\u0131n H\u00fck\u00fcmdar\u0131 Euria Vaseva, b\u00fcy\u00fc g\u00fcc\u00fcyle krall\u0131klar\u0131 bir bir fethederken Wisteria halk\u0131 zalim bir karanl\u0131\u011f\u0131n i\u00e7inde yok olmak \u00fczeredir. Diyar\u0131n gelece\u011fi Zaiden ve Saige&#8217;in, kehanetleriyle Wisteria\u2019n\u0131n kaderini de\u011fi\u015ftirebilecek gizemli bir k\u00e2hini bulmas\u0131na ba\u011fl\u0131d\u0131r. Ancak bu yol nehirlerin \u00f6tesindeki, \u00f6l\u00fcmc\u00fcl sislerin ard\u0131ndaki karanl\u0131k s\u0131rlarla ve beklenmedik d\u00fc\u015fmanlarla doludur. Wisteria\u2019n\u0131n g\u00f6ky\u00fcz\u00fcn\u00fc k\u0131rm\u0131z\u0131ya boyayan sava\u015f bulutlar\u0131 alt\u0131nda Zaiden ve Saige hem diyar\u0131 kurtarmak hem de kendilerini korumak zorundad\u0131r. Dostluklar s\u0131nanacak, s\u0131rlar ortaya d\u00f6k\u00fclecek ve ihanet hi\u00e7 beklenmedik bir anda onlar\u0131n kap\u0131s\u0131n\u0131 \u00e7alacakt\u0131r. Zafer, sadece sava\u015f\u0131n de\u011fil kalplerin de kazan\u0131lmas\u0131yla m\u00fcmk\u00fcnd\u00fcr.   Ama hangi bedeller kar\u015f\u0131l\u0131\u011f\u0131nda?     Ald\u0131\u011f\u0131m her nefes, m\u00fch\u00fcrlendi\u011fine inand\u0131\u011f\u0131m kaderimden sahip olmad\u0131\u011f\u0131m anlar\u0131 \u00e7alan bir suikast\u00e7\u0131 gibiydi. Zihnim, ya\u015fam ve \u00f6l\u00fcm\u00fcn parmaklar\u0131n\u0131 birbirine ge\u00e7irmi\u015f, a\u011f\u0131r hareketlerle dans etti\u011fi, \u00e7\u0131\u011fl\u0131klar ve k\u0131l\u0131\u00e7 \u00e7\u0131nlamalar\u0131ndan olu\u015fan kaotik bir senfoniden ibaretti. <\/p>\n","protected":false},"excerpt":{"rendered":"<p>Wisteria, bir zamanlar ye\u015fil ve bar\u0131\u015f dolu bir diyard\u0131. \u015eimdiyse kanla kapl\u0131 karanl\u0131k bir imparatorluk. Zaiden ve Saige, imparatorlu\u011fun kaderini omuzlar\u0131nda ta\u015f\u0131yan se\u00e7ilmi\u015f sava\u015f\u00e7\u0131lard\u0131r. Sadakatleri, cesaretleri<span class=\"excerpt-hellip\"> [\u2026]<\/span><\/p>\n","protected":false},"featured_media":0,"template":"","meta":{"_monsterinsights_skip_tracking":false,"_monsterinsights_sitenote_active":false,"_monsterinsights_sitenote_note":"","_monsterinsights_sitenote_category":0},"product_brand":[],"product_cat":[12291,12711],"product_tag":[],"class_list":{"0":"post-765349","1":"product","2":"type-product","3":"status-publish","5":"product_cat-edebiyat","6":"product_cat-roman-oyku","7":"pa_cilt-ciltli","8":"pa_tur-kitap","9":"pa_yayinevi-indigo-kitap","10":"pa_yazar-adora-yagmur","12":"first","13":"instock","14":"sale","15":"shipping-taxable","16":"purchasable","17":"product-type-simple"},"_links":{"self":[{"href":"https:\/\/roveyayinevi.com.tr\/index.php\/wp-json\/wp\/v2\/product\/765349","targetHints":{"allow":["GET"]}}],"collection":[{"href":"https:\/\/roveyayinevi.com.tr\/index.php\/wp-json\/wp\/v2\/product"}],"about":[{"href":"https:\/\/roveyayinevi.com.tr\/index.php\/wp-json\/wp\/v2\/types\/product"}],"wp:attachment":[{"href":"https:\/\/roveyayinevi.com.tr\/index.php\/wp-json\/wp\/v2\/media?parent=765349"}],"wp:term":[{"taxonomy":"product_brand","embeddable":true,"href":"https:\/\/roveyayinevi.com.tr\/index.php\/wp-json\/wp\/v2\/product_brand?post=765349"},{"taxonomy":"product_cat","embeddable":true,"href":"https:\/\/roveyayinevi.com.tr\/index.php\/wp-json\/wp\/v2\/product_cat?post=765349"},{"taxonomy":"product_tag","embeddable":true,"href":"https:\/\/roveyayinevi.com.tr\/index.php\/wp-json\/wp\/v2\/product_tag?post=765349"}],"curies":[{"name":"wp","href":"https:\/\/api.w.org\/{rel}","templated":true}]}}