{"id":765347,"date":"2025-08-28T11:40:12","date_gmt":"2025-08-28T08:40:12","guid":{"rendered":"https:\/\/roveyayinevi.com.tr\/index.php\/urun\/heyhat\/"},"modified":"2026-01-30T04:00:36","modified_gmt":"2026-01-30T01:00:36","slug":"heyhat","status":"publish","type":"product","link":"https:\/\/roveyayinevi.com.tr\/index.php\/urun\/heyhat\/","title":{"rendered":"Heyhat"},"content":{"rendered":"<p>Bu kitab\u0131n i\u00e7inde bulunan \u015fiirler asl\u0131nda tek bir \u015fiirdir. Tek olan bu \u015fiir -bu kitap \u00f6zelinde- benim m\u00fcstakil \u00e7er\u00e7evemdir. Lakin esrarengiz d\u00fcnyan\u0131n; bir\u00e7ok duruma, duyguya ve eyleme gebe oldu\u011fu da izahtan vareste iken bu hayattan gelip ge\u00e7enlerden sadece bir tanesi olarak, gelip ge\u00e7enler aras\u0131ndaki \u0131st\u0131raplar\u0131n, sevin\u00e7lerin ve h\u00fcz\u00fcnlerin ne kadar ortak ve benzer oldu\u011funu anlayabilecek kadar -ya\u015flanmad\u0131m belki fakat- ya\u015fad\u0131m. Benzerliklerimizin ve farkl\u0131l\u0131klar\u0131m\u0131z\u0131n nas\u0131l i\u00e7 i\u00e7e ge\u00e7ebildi\u011fini ve varl\u0131\u011f\u0131m\u0131z ile d\u00fcnya aras\u0131ndaki gerilimin nedenini anlamaya \u00e7al\u0131\u015ft\u0131m. Farkl\u0131 hayatlar\u0131n asl\u0131nda tek bir \u015fiirde hatta tek bir dizede bar\u0131nabilece\u011fini kavrad\u0131m ve bu \u00e7eli\u015fkiye duydu\u011fum hayreti \u015fiirlerimde saklad\u0131m. <\/p>\n","protected":false},"excerpt":{"rendered":"<p>Bu kitab\u0131n i\u00e7inde bulunan \u015fiirler asl\u0131nda tek bir \u015fiirdir. Tek olan bu \u015fiir -bu kitap \u00f6zelinde- benim m\u00fcstakil \u00e7er\u00e7evemdir. Lakin esrarengiz d\u00fcnyan\u0131n; bir\u00e7ok duruma, duyguya ve<span class=\"excerpt-hellip\"> [\u2026]<\/span><\/p>\n","protected":false},"featured_media":0,"template":"","meta":{"_monsterinsights_skip_tracking":false,"_monsterinsights_sitenote_active":false,"_monsterinsights_sitenote_note":"","_monsterinsights_sitenote_category":0},"product_brand":[],"product_cat":[12291,12509],"product_tag":[],"class_list":{"0":"post-765347","1":"product","2":"type-product","3":"status-publish","5":"product_cat-edebiyat","6":"product_cat-siir","7":"pa_cilt-ciltsiz","8":"pa_tur-kitap","9":"pa_yayinevi-vova-yayinlari","10":"pa_yazar-eyupcan-mercan","12":"first","13":"instock","14":"sale","15":"shipping-taxable","16":"purchasable","17":"product-type-simple"},"_links":{"self":[{"href":"https:\/\/roveyayinevi.com.tr\/index.php\/wp-json\/wp\/v2\/product\/765347","targetHints":{"allow":["GET"]}}],"collection":[{"href":"https:\/\/roveyayinevi.com.tr\/index.php\/wp-json\/wp\/v2\/product"}],"about":[{"href":"https:\/\/roveyayinevi.com.tr\/index.php\/wp-json\/wp\/v2\/types\/product"}],"wp:attachment":[{"href":"https:\/\/roveyayinevi.com.tr\/index.php\/wp-json\/wp\/v2\/media?parent=765347"}],"wp:term":[{"taxonomy":"product_brand","embeddable":true,"href":"https:\/\/roveyayinevi.com.tr\/index.php\/wp-json\/wp\/v2\/product_brand?post=765347"},{"taxonomy":"product_cat","embeddable":true,"href":"https:\/\/roveyayinevi.com.tr\/index.php\/wp-json\/wp\/v2\/product_cat?post=765347"},{"taxonomy":"product_tag","embeddable":true,"href":"https:\/\/roveyayinevi.com.tr\/index.php\/wp-json\/wp\/v2\/product_tag?post=765347"}],"curies":[{"name":"wp","href":"https:\/\/api.w.org\/{rel}","templated":true}]}}