{"id":765346,"date":"2025-08-28T11:40:11","date_gmt":"2025-08-28T08:40:11","guid":{"rendered":"https:\/\/roveyayinevi.com.tr\/index.php\/urun\/varolustan-bugune-somuren-ve-somurulenler\/"},"modified":"2026-01-30T04:00:36","modified_gmt":"2026-01-30T01:00:36","slug":"varolustan-bugune-somuren-ve-somurulenler","status":"publish","type":"product","link":"https:\/\/roveyayinevi.com.tr\/index.php\/urun\/varolustan-bugune-somuren-ve-somurulenler\/","title":{"rendered":"Varolu\u015ftan Bug\u00fcne S\u00f6m\u00fcren ve S\u00f6m\u00fcr\u00fclenler"},"content":{"rendered":"<p>\u0130nsanl\u0131k tarihi boyunca s\u00fcregelen en temel \u00e7at\u0131\u015fma: S\u00f6m\u00fcrenler ve s\u00f6m\u00fcr\u00fclenler&#8230; Hayati Dumlu, insanl\u0131k tarihinin en karanl\u0131k sayfalar\u0131n\u0131 ayd\u0131nlatan bu eserde, g\u00fc\u00e7 ili\u015fkileri, \u00e7\u0131kar \u00e7at\u0131\u015fmalar\u0131 ve s\u0131n\u0131fsal farkl\u0131l\u0131klar \u00fczerinden toplumsal d\u00fczeni derinlemesine inceliyor.       Bu kitap, yaln\u0131zca ge\u00e7mi\u015fin de\u011fil, bug\u00fcn\u00fcn de meselelerine \u0131\u015f\u0131k tutuyor. Kimlerin ne u\u011fruna g\u00fc\u00e7 kazand\u0131\u011f\u0131n\u0131, kimlerin ise bu g\u00fc\u00e7 u\u011fruna yitirildi\u011fini sorgulayan Dumlu, okurlar\u0131n\u0131 tarihin ve insan do\u011fas\u0131n\u0131n derinliklerine davet ediyor. Toplumlar\u0131 \u015fekillendiren bu ezeli \u00e7at\u0131\u015fmay\u0131 anlamak, gelece\u011fi daha bilin\u00e7li bir \u015fekilde in\u015fa etmenin anahtar\u0131d\u0131r.<\/p>\n","protected":false},"excerpt":{"rendered":"<p>\u0130nsanl\u0131k tarihi boyunca s\u00fcregelen en temel \u00e7at\u0131\u015fma: S\u00f6m\u00fcrenler ve s\u00f6m\u00fcr\u00fclenler&#8230; Hayati Dumlu, insanl\u0131k tarihinin en karanl\u0131k sayfalar\u0131n\u0131 ayd\u0131nlatan bu eserde, g\u00fc\u00e7 ili\u015fkileri, \u00e7\u0131kar \u00e7at\u0131\u015fmalar\u0131 ve s\u0131n\u0131fsal<span class=\"excerpt-hellip\"> [\u2026]<\/span><\/p>\n","protected":false},"featured_media":0,"template":"","meta":{"_monsterinsights_skip_tracking":false,"_monsterinsights_sitenote_active":false,"_monsterinsights_sitenote_note":"","_monsterinsights_sitenote_category":0},"product_brand":[],"product_cat":[13488],"product_tag":[],"class_list":{"0":"post-765346","1":"product","2":"type-product","3":"status-publish","5":"product_cat-toplum-ve-insan","6":"pa_cilt-ciltsiz","7":"pa_tur-kitap","8":"pa_yayinevi-vova-yayinlari","9":"pa_yazar-hayati-dumlu","11":"first","12":"instock","13":"sale","14":"shipping-taxable","15":"purchasable","16":"product-type-simple"},"_links":{"self":[{"href":"https:\/\/roveyayinevi.com.tr\/index.php\/wp-json\/wp\/v2\/product\/765346","targetHints":{"allow":["GET"]}}],"collection":[{"href":"https:\/\/roveyayinevi.com.tr\/index.php\/wp-json\/wp\/v2\/product"}],"about":[{"href":"https:\/\/roveyayinevi.com.tr\/index.php\/wp-json\/wp\/v2\/types\/product"}],"wp:attachment":[{"href":"https:\/\/roveyayinevi.com.tr\/index.php\/wp-json\/wp\/v2\/media?parent=765346"}],"wp:term":[{"taxonomy":"product_brand","embeddable":true,"href":"https:\/\/roveyayinevi.com.tr\/index.php\/wp-json\/wp\/v2\/product_brand?post=765346"},{"taxonomy":"product_cat","embeddable":true,"href":"https:\/\/roveyayinevi.com.tr\/index.php\/wp-json\/wp\/v2\/product_cat?post=765346"},{"taxonomy":"product_tag","embeddable":true,"href":"https:\/\/roveyayinevi.com.tr\/index.php\/wp-json\/wp\/v2\/product_tag?post=765346"}],"curies":[{"name":"wp","href":"https:\/\/api.w.org\/{rel}","templated":true}]}}