{"id":765345,"date":"2025-08-28T11:40:09","date_gmt":"2025-08-28T08:40:09","guid":{"rendered":"https:\/\/roveyayinevi.com.tr\/index.php\/urun\/mezopotamya-diyari\/"},"modified":"2026-01-30T04:00:36","modified_gmt":"2026-01-30T01:00:36","slug":"mezopotamya-diyari","status":"publish","type":"product","link":"https:\/\/roveyayinevi.com.tr\/index.php\/urun\/mezopotamya-diyari\/","title":{"rendered":"Mezopotamya Diyar\u0131"},"content":{"rendered":"<p>Paketten son sigaray\u0131 \u00e7\u0131kar\u0131p da, Kibriti \u00e7ak\u0131yorsun sonra? Bak\u0131yorsun hi\u00e7bir \u015fey de\u011fi\u015fmemi\u015f? Her \u015fey yerli yerinde ve sen ya\u015flan\u0131yorsun? \u0130\u00e7indeki ac\u0131lar k\u00f6k salm\u0131\u015f. Sa\u00e7 sakal da\u011f\u0131lm\u0131\u015f. Bir tufan kopuyor i\u00e7inde. Ama hi\u00e7bir \u015fey yapam\u0131yorsun? Susuyorsun, dal\u0131yorsun, bak\u0131yorsun? Sadece kendinle y\u00fczle\u015fiyorsun. Hepsi bu! <\/p>\n","protected":false},"excerpt":{"rendered":"<p>Paketten son sigaray\u0131 \u00e7\u0131kar\u0131p da, Kibriti \u00e7ak\u0131yorsun sonra? Bak\u0131yorsun hi\u00e7bir \u015fey de\u011fi\u015fmemi\u015f? Her \u015fey yerli yerinde ve sen ya\u015flan\u0131yorsun? \u0130\u00e7indeki ac\u0131lar k\u00f6k salm\u0131\u015f. Sa\u00e7 sakal da\u011f\u0131lm\u0131\u015f.<span class=\"excerpt-hellip\"> [\u2026]<\/span><\/p>\n","protected":false},"featured_media":0,"template":"","meta":{"_monsterinsights_skip_tracking":false,"_monsterinsights_sitenote_active":false,"_monsterinsights_sitenote_note":"","_monsterinsights_sitenote_category":0},"product_brand":[],"product_cat":[12291,12509],"product_tag":[],"class_list":{"0":"post-765345","1":"product","2":"type-product","3":"status-publish","5":"product_cat-edebiyat","6":"product_cat-siir","7":"pa_cilt-ciltsiz","8":"pa_tur-kitap","9":"pa_yayinevi-vova-yayinlari","10":"pa_yazar-orhan-dogan","12":"first","13":"instock","14":"sale","15":"shipping-taxable","16":"purchasable","17":"product-type-simple"},"_links":{"self":[{"href":"https:\/\/roveyayinevi.com.tr\/index.php\/wp-json\/wp\/v2\/product\/765345","targetHints":{"allow":["GET"]}}],"collection":[{"href":"https:\/\/roveyayinevi.com.tr\/index.php\/wp-json\/wp\/v2\/product"}],"about":[{"href":"https:\/\/roveyayinevi.com.tr\/index.php\/wp-json\/wp\/v2\/types\/product"}],"wp:attachment":[{"href":"https:\/\/roveyayinevi.com.tr\/index.php\/wp-json\/wp\/v2\/media?parent=765345"}],"wp:term":[{"taxonomy":"product_brand","embeddable":true,"href":"https:\/\/roveyayinevi.com.tr\/index.php\/wp-json\/wp\/v2\/product_brand?post=765345"},{"taxonomy":"product_cat","embeddable":true,"href":"https:\/\/roveyayinevi.com.tr\/index.php\/wp-json\/wp\/v2\/product_cat?post=765345"},{"taxonomy":"product_tag","embeddable":true,"href":"https:\/\/roveyayinevi.com.tr\/index.php\/wp-json\/wp\/v2\/product_tag?post=765345"}],"curies":[{"name":"wp","href":"https:\/\/api.w.org\/{rel}","templated":true}]}}