{"id":765343,"date":"2025-08-28T11:40:05","date_gmt":"2025-08-28T08:40:05","guid":{"rendered":"https:\/\/roveyayinevi.com.tr\/index.php\/urun\/hiyanet\/"},"modified":"2026-04-15T03:31:00","modified_gmt":"2026-04-15T00:31:00","slug":"hiyanet","status":"publish","type":"product","link":"https:\/\/roveyayinevi.com.tr\/index.php\/urun\/hiyanet\/","title":{"rendered":"H\u0131yanet"},"content":{"rendered":"<p>\u201cB\u00fct\u00fcn bu \u015feraitten daha elim ve daha vahim olmak \u00fczere, memleketin dahilinde, iktidara sahip olanlar gaflet ve dal\u00e2let ve hatta h\u0131yanet i\u00e7inde bulunabilirler.\u201d Her yerin su\u00e7 ve su\u00e7 ortakl\u0131klar\u0131yla doldu\u011fu \u00fclkemizde, sessiz kalan onurlu insanlar da toplu bir su\u00e7 i\u015fledi. Yap\u0131lan \u015ferefsizliklere, yolsuzluklara, haks\u0131zl\u0131klara, ihanetlere her g\u00fcn bir \u201ctivit\u201dle ba\u015fkald\u0131rd\u0131k. Ya\u015fanmamas\u0131 gereken ne varsa ya\u015fanm\u0131\u015ft\u0131 ve birine bile isyan edecek g\u00fcc\u00fcm\u00fcz sadece 24 saat s\u00fcr\u00fcyordu. Onca haks\u0131zl\u0131\u011fa dahi parmaklar\u0131 d\u0131\u015f\u0131nda hi\u00e7bir yerini k\u0131p\u0131rdatmayan mahluklar olduk. Bu kitap, \u201cGaflet\u201d ve \u201cDalalet\u201d serisinin sonuncusudur. Hi\u00e7bir kitap, hi\u00e7bir c\u00fcmle ve hi\u00e7bir makale bu \u00fclkedeki \u201cH\u0131yanet\u201di anlatmaya yetmez. Bu kitap da koca bir duvar\u0131n tek bir tu\u011flas\u0131d\u0131r yaln\u0131zca.   &#8211;       Erdo\u011fan\u2019\u0131n \u2018Kahraman\u0131\u2019 Kim? &#8211;       AKP\u2019nin \u2018G\u00fclen\u2019 Adaylar\u0131 Kimlerden Olu\u015fuyor? &#8211;       Sakl\u0131 \u0130ttifak\u0131n Kilit \u0130smi Kim? &#8211;       1921 \u0130\u00e7in D\u00fc\u011fmeye Bas\u0131ld\u0131 &#8211;       TBMM De\u011fil FBMM &#8211;       Kandil Rotas\u0131ndaki CHP\u2019nin Alt \u2018Tak\u0131mlar\u0131\u2019 Kimlerdir? &#8211;       \u0130mamo\u011flu\u2019nun \u2018G\u00fcl Kuleleri\u2019 Meselesinin Perde Arkas\u0131\u2026 &#8211;       Ekrem \u0130mamo\u011flu\u2019nun Diploma Ger\u00e7e\u011fi! &#8211;       Fatih Altayl\u0131\u2019ya Cevap! \u2018AKP Yalakas\u0131!\u2019 &#8211;       Paramount\u2019taki Gizemli \u2018Amiral\u2019 Kim? &#8211;       \u00d6zel\u2019in Elini \u00d6pt\u00fc\u011f\u00fc Soprano Kimdir? &#8211;       CHP \u2018Liyakati\u2019 &#8211;       \u0130stanbul de\u011fil, Kandil Barosu! &#8211;       Katil, Bu\u011fra Kavuncu\u2019ya Neyin Mektubunu G\u00f6nderdi? &#8211;       Ak\u015fener, Koray Ayd\u0131n\u2019\u0131 Neden G\u00f6revden Ald\u0131? &#8211;       \u0130yi Parti\u2019de Vekillik Sat\u0131ld\u0131 m\u0131? &#8211;       Hablemito\u011flu Davas\u0131nda A Haber Neyi Gizliyor? &#8211;       Bir Mafya D\u00fczeni: Varl\u0131k Y\u00f6netim \u015eirketleri &#8211;       Bakan, Arkada\u015f\u0131n\u0131 Nas\u0131l Memur Yapt\u0131? &#8211;       Pizzac\u0131l\u0131ktan T\u00dcB\u0130TAK\u2019a\u2026 &#8211;       Kapat\u0131lan Okula Nas\u0131l Kadro A\u00e7\u0131ld\u0131? &#8211;       Ka\u00e7aklar O Cemaatin Vakf\u0131nda! &#8211;       Ders Kitaplar\u0131nda S\u0131\u011f\u0131nmac\u0131 Propagandas\u0131 &#8211;       MEB Okul G\u00f6rmemi\u015f S\u0131\u011f\u0131nmac\u0131lara Nas\u0131l Diploma Veriyor? &#8211;       Fenerbah\u00e7e\u2019den Saraco\u011flu Nas\u0131l Silindi? <\/p>\n","protected":false},"excerpt":{"rendered":"<p>\u201cB\u00fct\u00fcn bu \u015feraitten daha elim ve daha vahim olmak \u00fczere, memleketin dahilinde, iktidara sahip olanlar gaflet ve dal\u00e2let ve hatta h\u0131yanet i\u00e7inde bulunabilirler.\u201d Her yerin su\u00e7<span class=\"excerpt-hellip\"> [\u2026]<\/span><\/p>\n","protected":false},"featured_media":0,"template":"","meta":{"_monsterinsights_skip_tracking":false,"_monsterinsights_sitenote_active":false,"_monsterinsights_sitenote_note":"","_monsterinsights_sitenote_category":0},"product_brand":[],"product_cat":[12337],"product_tag":[],"class_list":{"0":"post-765343","1":"product","2":"type-product","3":"status-publish","5":"product_cat-politika-siyaset","6":"pa_cilt-ciltsiz","7":"pa_tur-kitap","8":"pa_yayinevi-pankus-yayinlari","9":"pa_yazar-erdem-atay","11":"first","12":"instock","13":"sale","14":"shipping-taxable","15":"purchasable","16":"product-type-simple"},"_links":{"self":[{"href":"https:\/\/roveyayinevi.com.tr\/index.php\/wp-json\/wp\/v2\/product\/765343","targetHints":{"allow":["GET"]}}],"collection":[{"href":"https:\/\/roveyayinevi.com.tr\/index.php\/wp-json\/wp\/v2\/product"}],"about":[{"href":"https:\/\/roveyayinevi.com.tr\/index.php\/wp-json\/wp\/v2\/types\/product"}],"wp:attachment":[{"href":"https:\/\/roveyayinevi.com.tr\/index.php\/wp-json\/wp\/v2\/media?parent=765343"}],"wp:term":[{"taxonomy":"product_brand","embeddable":true,"href":"https:\/\/roveyayinevi.com.tr\/index.php\/wp-json\/wp\/v2\/product_brand?post=765343"},{"taxonomy":"product_cat","embeddable":true,"href":"https:\/\/roveyayinevi.com.tr\/index.php\/wp-json\/wp\/v2\/product_cat?post=765343"},{"taxonomy":"product_tag","embeddable":true,"href":"https:\/\/roveyayinevi.com.tr\/index.php\/wp-json\/wp\/v2\/product_tag?post=765343"}],"curies":[{"name":"wp","href":"https:\/\/api.w.org\/{rel}","templated":true}]}}