{"id":765341,"date":"2025-08-28T11:40:01","date_gmt":"2025-08-28T08:40:01","guid":{"rendered":"https:\/\/roveyayinevi.com.tr\/index.php\/urun\/1-adam-3-golge\/"},"modified":"2026-04-15T03:31:00","modified_gmt":"2026-04-15T00:31:00","slug":"1-adam-3-golge","status":"publish","type":"product","link":"https:\/\/roveyayinevi.com.tr\/index.php\/urun\/1-adam-3-golge\/","title":{"rendered":"1 Adam 3 G\u00f6lge"},"content":{"rendered":"<p>Mezarl\u0131klar hayata tutunamayan iyi insanlarla doluydu. Kurbanlar\u0131na \u00e7i\u00e7ek getiren katiller ayakta, \u00f6ld\u00fcrd\u00fckleriyse topra\u011f\u0131n alt\u0131ndayd\u0131. Bunun i\u00e7in ars\u0131zd\u0131 katiller, bunun i\u00e7in ac\u0131mas\u0131zd\u0131 para babalar\u0131, mafya art\u0131klar\u0131. \u0130yi giyiniyordu pezevenkler, internet aleminde caka sat\u0131p ars\u0131zca salyalar\u0131n\u0131 ak\u0131t\u0131yordu fenomenler. Onlar\u0131n \u015fehveti bask\u0131n \u00e7\u0131k\u0131yordu s\u0131radan insanlar\u0131n hayata tutunma \u00e7abalar\u0131na. \u0130\u015fte b\u00f6yle mezarl\u0131klar bile \u00f6lm\u00fc\u015ft\u00fc buralarda\u2026 <\/p>\n","protected":false},"excerpt":{"rendered":"<p>Mezarl\u0131klar hayata tutunamayan iyi insanlarla doluydu. Kurbanlar\u0131na \u00e7i\u00e7ek getiren katiller ayakta, \u00f6ld\u00fcrd\u00fckleriyse topra\u011f\u0131n alt\u0131ndayd\u0131. Bunun i\u00e7in ars\u0131zd\u0131 katiller, bunun i\u00e7in ac\u0131mas\u0131zd\u0131 para babalar\u0131, mafya art\u0131klar\u0131. \u0130yi<span class=\"excerpt-hellip\"> [\u2026]<\/span><\/p>\n","protected":false},"featured_media":0,"template":"","meta":{"_monsterinsights_skip_tracking":false,"_monsterinsights_sitenote_active":false,"_monsterinsights_sitenote_note":"","_monsterinsights_sitenote_category":0},"product_brand":[],"product_cat":[12291,15445],"product_tag":[],"class_list":{"0":"post-765341","1":"product","2":"type-product","3":"status-publish","5":"product_cat-edebiyat","6":"product_cat-polisiye","7":"pa_cilt-ciltsiz","8":"pa_tur-kitap","9":"pa_yayinevi-mona-kitap","10":"pa_yazar-hakan-guneri","12":"first","13":"instock","14":"sale","15":"shipping-taxable","16":"purchasable","17":"product-type-simple"},"_links":{"self":[{"href":"https:\/\/roveyayinevi.com.tr\/index.php\/wp-json\/wp\/v2\/product\/765341","targetHints":{"allow":["GET"]}}],"collection":[{"href":"https:\/\/roveyayinevi.com.tr\/index.php\/wp-json\/wp\/v2\/product"}],"about":[{"href":"https:\/\/roveyayinevi.com.tr\/index.php\/wp-json\/wp\/v2\/types\/product"}],"wp:attachment":[{"href":"https:\/\/roveyayinevi.com.tr\/index.php\/wp-json\/wp\/v2\/media?parent=765341"}],"wp:term":[{"taxonomy":"product_brand","embeddable":true,"href":"https:\/\/roveyayinevi.com.tr\/index.php\/wp-json\/wp\/v2\/product_brand?post=765341"},{"taxonomy":"product_cat","embeddable":true,"href":"https:\/\/roveyayinevi.com.tr\/index.php\/wp-json\/wp\/v2\/product_cat?post=765341"},{"taxonomy":"product_tag","embeddable":true,"href":"https:\/\/roveyayinevi.com.tr\/index.php\/wp-json\/wp\/v2\/product_tag?post=765341"}],"curies":[{"name":"wp","href":"https:\/\/api.w.org\/{rel}","templated":true}]}}