{"id":765338,"date":"2025-08-28T11:39:56","date_gmt":"2025-08-28T08:39:56","guid":{"rendered":"https:\/\/roveyayinevi.com.tr\/index.php\/urun\/eski-anadolu-tarihi-ve-kulturu\/"},"modified":"2026-04-15T03:31:00","modified_gmt":"2026-04-15T00:31:00","slug":"eski-anadolu-tarihi-ve-kulturu","status":"publish","type":"product","link":"https:\/\/roveyayinevi.com.tr\/index.php\/urun\/eski-anadolu-tarihi-ve-kulturu\/","title":{"rendered":"Eski Anadolu Tarihi ve K\u00fclt\u00fcr\u00fc"},"content":{"rendered":"<p>Kitab\u0131m\u0131zda Paleolitik \u00e7a\u011fdan Erken Demir \u00c7a\u011f\u0131&#8217;n\u0131n sonuna kadar uzanan Anadolu topraklar\u0131n\u0131n k\u00fclt\u00fcr\u00fc ve tarihi anlat\u0131lmaktad\u0131r. \u00d6zellikle Asur Ticaret Kolonileri \u00e7a\u011f\u0131, Hitit \u0130mparatorlu\u011fu ve Demir \u00c7a\u011f\u0131 devletleri daha geni\u015f ele al\u0131nm\u0131\u015f, di\u011ferleri kan\u0131m\u0131zca yeterli olarak okuyucuya sunulmu\u015ftur. Amac\u0131m\u0131z okuyucular\u0131m\u0131za yeni \u00f6neriler ile birlikte geni\u015f bir bilgi vermek ve \u00f6zellikle kaynak listesiyle bu konuda \u00e7al\u0131\u015fan ki\u015filerden haberdar etmektir. <\/p>\n","protected":false},"excerpt":{"rendered":"<p>Kitab\u0131m\u0131zda Paleolitik \u00e7a\u011fdan Erken Demir \u00c7a\u011f\u0131&#8217;n\u0131n sonuna kadar uzanan Anadolu topraklar\u0131n\u0131n k\u00fclt\u00fcr\u00fc ve tarihi anlat\u0131lmaktad\u0131r. \u00d6zellikle Asur Ticaret Kolonileri \u00e7a\u011f\u0131, Hitit \u0130mparatorlu\u011fu ve Demir \u00c7a\u011f\u0131 devletleri<span class=\"excerpt-hellip\"> [\u2026]<\/span><\/p>\n","protected":false},"featured_media":0,"template":"","meta":{"_monsterinsights_skip_tracking":false,"_monsterinsights_sitenote_active":false,"_monsterinsights_sitenote_note":"","_monsterinsights_sitenote_category":0},"product_brand":[],"product_cat":[52477,52478],"product_tag":[],"class_list":{"0":"post-765338","1":"product","2":"type-product","3":"status-publish","5":"product_cat-arastirma","6":"product_cat-arkeoloji","7":"pa_cilt-ciltsiz","8":"pa_tur-kitap","9":"pa_yayinevi-bilgin-kultur-sanat","10":"pa_yazar-suleyman-ozkan","12":"first","13":"instock","14":"sale","15":"shipping-taxable","16":"purchasable","17":"product-type-simple"},"_links":{"self":[{"href":"https:\/\/roveyayinevi.com.tr\/index.php\/wp-json\/wp\/v2\/product\/765338","targetHints":{"allow":["GET"]}}],"collection":[{"href":"https:\/\/roveyayinevi.com.tr\/index.php\/wp-json\/wp\/v2\/product"}],"about":[{"href":"https:\/\/roveyayinevi.com.tr\/index.php\/wp-json\/wp\/v2\/types\/product"}],"wp:attachment":[{"href":"https:\/\/roveyayinevi.com.tr\/index.php\/wp-json\/wp\/v2\/media?parent=765338"}],"wp:term":[{"taxonomy":"product_brand","embeddable":true,"href":"https:\/\/roveyayinevi.com.tr\/index.php\/wp-json\/wp\/v2\/product_brand?post=765338"},{"taxonomy":"product_cat","embeddable":true,"href":"https:\/\/roveyayinevi.com.tr\/index.php\/wp-json\/wp\/v2\/product_cat?post=765338"},{"taxonomy":"product_tag","embeddable":true,"href":"https:\/\/roveyayinevi.com.tr\/index.php\/wp-json\/wp\/v2\/product_tag?post=765338"}],"curies":[{"name":"wp","href":"https:\/\/api.w.org\/{rel}","templated":true}]}}