{"id":765333,"date":"2025-08-28T11:39:45","date_gmt":"2025-08-28T08:39:45","guid":{"rendered":"https:\/\/roveyayinevi.com.tr\/index.php\/urun\/kumlunun-sairi-asik-mehmet\/"},"modified":"2026-04-15T03:30:59","modified_gmt":"2026-04-15T00:30:59","slug":"kumlunun-sairi-asik-mehmet","status":"publish","type":"product","link":"https:\/\/roveyayinevi.com.tr\/index.php\/urun\/kumlunun-sairi-asik-mehmet\/","title":{"rendered":"Kumlu\u2019nun \u015eairi A\u015f\u0131k Mehmet"},"content":{"rendered":"<p>\u00c2\u015f\u0131k Mehmet Sakar 1942\u2019de Kumlu il\u00e7esine ba\u011fl\u0131 Keli Mahallesinde do\u011fmu\u015ftur ve h\u00e2len orada hayat\u0131n\u0131 idame ettirmektedir. 2 ya\u015f\u0131nda iken anne ve babas\u0131n\u0131 kaybetti. Amcas\u0131n\u0131n yan\u0131nda b\u00fcy\u00fcd\u00fc.10 ya\u015f\u0131na geldi\u011finde \u00e7obanl\u0131k yapmaya ba\u015flad\u0131. K\u00f6yde okul olmad\u0131\u011f\u0131 i\u00e7in okula gidemedi. Ancak i\u00e7indeki okuma a\u015fk\u0131 ile koyunlar\u0131 g\u00fcderken okumay\u0131 \u00f6\u011frendi. 15 ya\u015f\u0131na geldi\u011finde t\u00fcrk\u00fc s\u00f6ylemeye ba\u015flad\u0131. O ya\u015flarda e\u015fi Zeliha\u2019ya ilk g\u00f6r\u00fc\u015fte a\u015f\u0131k oldu. 4 y\u0131l sevda \u00e7ekti. 19 ya\u015f\u0131na geldi\u011finde Zeliha\u2019s\u0131na kavu\u015ftu. E\u015fi Zeliha ile 41 y\u0131l s\u00fcren mutlu bir evlili\u011fi oldu.2001 y\u0131l\u0131nda Zelihas\u0131n\u0131 kaybetti. Y\u0131llard\u0131r tek ba\u015f\u0131na ya\u015f\u0131yor ve yaln\u0131zl\u0131\u011f\u0131n\u0131 beste ve \u015fiirleriyle gideriyor. Kumlu\u2019nun a\u015f\u0131k ozan\u0131 olarak bu kitap ile birlikte 3 kitab\u0131 piyasada yay\u0131nland\u0131. <\/p>\n","protected":false},"excerpt":{"rendered":"<p>\u00c2\u015f\u0131k Mehmet Sakar 1942\u2019de Kumlu il\u00e7esine ba\u011fl\u0131 Keli Mahallesinde do\u011fmu\u015ftur ve h\u00e2len orada hayat\u0131n\u0131 idame ettirmektedir. 2 ya\u015f\u0131nda iken anne ve babas\u0131n\u0131 kaybetti. Amcas\u0131n\u0131n yan\u0131nda b\u00fcy\u00fcd\u00fc.10<span class=\"excerpt-hellip\"> [\u2026]<\/span><\/p>\n","protected":false},"featured_media":0,"template":"","meta":{"_monsterinsights_skip_tracking":false,"_monsterinsights_sitenote_active":false,"_monsterinsights_sitenote_note":"","_monsterinsights_sitenote_category":0},"product_brand":[],"product_cat":[12291,12509],"product_tag":[],"class_list":{"0":"post-765333","1":"product","2":"type-product","3":"status-publish","5":"product_cat-edebiyat","6":"product_cat-siir","7":"pa_cilt-ciltsiz","8":"pa_tur-kitap","9":"pa_yayinevi-efsun-yayincilik","10":"pa_yazar-mehmet-sakarya","12":"first","13":"instock","14":"sale","15":"shipping-taxable","16":"purchasable","17":"product-type-simple"},"_links":{"self":[{"href":"https:\/\/roveyayinevi.com.tr\/index.php\/wp-json\/wp\/v2\/product\/765333","targetHints":{"allow":["GET"]}}],"collection":[{"href":"https:\/\/roveyayinevi.com.tr\/index.php\/wp-json\/wp\/v2\/product"}],"about":[{"href":"https:\/\/roveyayinevi.com.tr\/index.php\/wp-json\/wp\/v2\/types\/product"}],"wp:attachment":[{"href":"https:\/\/roveyayinevi.com.tr\/index.php\/wp-json\/wp\/v2\/media?parent=765333"}],"wp:term":[{"taxonomy":"product_brand","embeddable":true,"href":"https:\/\/roveyayinevi.com.tr\/index.php\/wp-json\/wp\/v2\/product_brand?post=765333"},{"taxonomy":"product_cat","embeddable":true,"href":"https:\/\/roveyayinevi.com.tr\/index.php\/wp-json\/wp\/v2\/product_cat?post=765333"},{"taxonomy":"product_tag","embeddable":true,"href":"https:\/\/roveyayinevi.com.tr\/index.php\/wp-json\/wp\/v2\/product_tag?post=765333"}],"curies":[{"name":"wp","href":"https:\/\/api.w.org\/{rel}","templated":true}]}}