{"id":765332,"date":"2025-08-28T11:39:42","date_gmt":"2025-08-28T08:39:42","guid":{"rendered":"https:\/\/roveyayinevi.com.tr\/index.php\/urun\/gelenekten-moderne-bir-edebiyat-adami-mehmet-nuri-parmaksiz\/"},"modified":"2026-04-15T03:30:59","modified_gmt":"2026-04-15T00:30:59","slug":"gelenekten-moderne-bir-edebiyat-adami-mehmet-nuri-parmaksiz","status":"publish","type":"product","link":"https:\/\/roveyayinevi.com.tr\/index.php\/urun\/gelenekten-moderne-bir-edebiyat-adami-mehmet-nuri-parmaksiz\/","title":{"rendered":"Gelenekten Moderne Bir Edebiyat Adam\u0131 Mehmet Nuri Parmaks\u0131z"},"content":{"rendered":"<p>T\u00fcrk edebiyat\u0131n\u0131n \u00f6nemli \u015fairlerinden olarak bilinen Mehmet Nuri Parmaks\u0131z, yeni T\u00fcrk edebiyat\u0131 \u015fiirinin farkl\u0131 ve \u00f6zg\u00fcn seslerinden biri olarak edebiyat d\u00fcnyas\u0131na derinizler b\u0131rakmaya devam ediyor. \u015eiirler neredeyse onun i\u00e7in bir ya\u015fam tarz\u0131 haline gelmi\u015ftir. Kendisini geli\u015ftirerek, art\u0131k \u015fiir konusunda uzmanla\u015fm\u0131\u015f bir konumda oldu\u011funu s\u00f6yleyebiliriz. Bu \u00e7al\u0131\u015fma, Mehmet Nuri Parmaks\u0131z\u2019\u0131n hayat\u0131, edeb\u00ee yolculu\u011fu ve eserleri \u00fczerine bir bilimsel ara\u015ft\u0131rma sunmay\u0131 hedeflemektedir. Parmaks\u0131z\u2019\u0131n edeb\u00ee kimli\u011finin ve eserlerinin anla\u015f\u0131lmas\u0131, T\u00fcrk edebiyat\u0131n\u0131n zengin miras\u0131n\u0131n bir par\u00e7as\u0131n\u0131 olu\u015fturan \u00f6nemli bir fig\u00fcr\u00fcn de\u011ferinin anla\u015f\u0131lmas\u0131na katk\u0131 sa\u011flayacakt\u0131r. \u015eiirlerinde insan\u0131n i\u00e7 d\u00fcnyas\u0131n\u0131 ve toplumsal meseleleri derinlemesine ele alan Parmaks\u0131z, geleneksel ve modern temalar\u0131 ustal\u0131kla birle\u015ftirerek okuyucular\u0131na aktarmaya ba\u015farm\u0131\u015ft\u0131r. Bug\u00fcne kadar kaleme ald\u0131\u011f\u0131 eserlerde insan\u0131n i\u00e7 d\u00fcnyas\u0131n\u0131 derinlemesine irdelemi\u015f ve toplumsal meselelere duyarl\u0131 bir yakla\u015f\u0131m ortaya koymu\u015ftur. Edita FET\u0130C <\/p>\n","protected":false},"excerpt":{"rendered":"<p>T\u00fcrk edebiyat\u0131n\u0131n \u00f6nemli \u015fairlerinden olarak bilinen Mehmet Nuri Parmaks\u0131z, yeni T\u00fcrk edebiyat\u0131 \u015fiirinin farkl\u0131 ve \u00f6zg\u00fcn seslerinden biri olarak edebiyat d\u00fcnyas\u0131na derinizler b\u0131rakmaya devam ediyor. \u015eiirler<span class=\"excerpt-hellip\"> [\u2026]<\/span><\/p>\n","protected":false},"featured_media":0,"template":"","meta":{"_monsterinsights_skip_tracking":false,"_monsterinsights_sitenote_active":false,"_monsterinsights_sitenote_note":"","_monsterinsights_sitenote_category":0},"product_brand":[],"product_cat":[13072,12291],"product_tag":[],"class_list":{"0":"post-765332","1":"product","2":"type-product","3":"status-publish","5":"product_cat-arastirma-inceleme-referans","6":"product_cat-edebiyat","7":"pa_cilt-ciltsiz","8":"pa_tur-kitap","9":"pa_yayinevi-bilgekut-yayinlari","10":"pa_yazar-edita-fetic","12":"first","13":"instock","14":"sale","15":"shipping-taxable","16":"purchasable","17":"product-type-simple"},"_links":{"self":[{"href":"https:\/\/roveyayinevi.com.tr\/index.php\/wp-json\/wp\/v2\/product\/765332","targetHints":{"allow":["GET"]}}],"collection":[{"href":"https:\/\/roveyayinevi.com.tr\/index.php\/wp-json\/wp\/v2\/product"}],"about":[{"href":"https:\/\/roveyayinevi.com.tr\/index.php\/wp-json\/wp\/v2\/types\/product"}],"wp:attachment":[{"href":"https:\/\/roveyayinevi.com.tr\/index.php\/wp-json\/wp\/v2\/media?parent=765332"}],"wp:term":[{"taxonomy":"product_brand","embeddable":true,"href":"https:\/\/roveyayinevi.com.tr\/index.php\/wp-json\/wp\/v2\/product_brand?post=765332"},{"taxonomy":"product_cat","embeddable":true,"href":"https:\/\/roveyayinevi.com.tr\/index.php\/wp-json\/wp\/v2\/product_cat?post=765332"},{"taxonomy":"product_tag","embeddable":true,"href":"https:\/\/roveyayinevi.com.tr\/index.php\/wp-json\/wp\/v2\/product_tag?post=765332"}],"curies":[{"name":"wp","href":"https:\/\/api.w.org\/{rel}","templated":true}]}}