{"id":765325,"date":"2025-08-28T11:39:27","date_gmt":"2025-08-28T08:39:27","guid":{"rendered":"https:\/\/roveyayinevi.com.tr\/index.php\/urun\/baskici-velilerin-incinen-cocuklari\/"},"modified":"2026-04-15T03:30:59","modified_gmt":"2026-04-15T00:30:59","slug":"baskici-velilerin-incinen-cocuklari","status":"publish","type":"product","link":"https:\/\/roveyayinevi.com.tr\/index.php\/urun\/baskici-velilerin-incinen-cocuklari\/","title":{"rendered":"Bask\u0131c\u0131 Velilerin \u0130ncinen \u00c7ocuklar\u0131"},"content":{"rendered":"<p>\u00c7ocuk yeti\u015ftirmeden birinci derecede sorumlu olan anne babalar\u0131n ve \u00f6\u011fretmenlerin amac\u0131; \u00e7ocuklar\u0131 y\u0131llar\u0131n birikimleri sonucunda elde edilmi\u015f bilgiler ve toplumsal de\u011ferler \u0131\u015f\u0131\u011f\u0131nda hayata ve gelece\u011fe haz\u0131rlamakt\u0131r. Anne babalar ve \u00f6\u011fretmenler, \u00e7ocuk yeti\u015ftirme s\u00fcrecinde kar\u015f\u0131la\u015ft\u0131klar\u0131 sorunlar\u0131n \u00e7\u00f6z\u00fcm\u00fc konusunda hep bir aray\u0131\u015f i\u00e7indedirler. Kar\u015f\u0131la\u015ft\u0131klar\u0131 sorunlar konusunda daha \u00f6nce bir deneyimleri varsa \u00f6ncelikle bu deneyimi kullan\u0131rlar. E\u011fer bir sorunla ilk defa kar\u015f\u0131la\u015f\u0131yorlarsa bu defa \u00e7evrelerinde bu sorunu ya\u015fam\u0131\u015f deneyimli birilerini aray\u0131p bulma ve onlar\u0131n deneyimlerinden yararlanma yoluna giderler. Bu sorunlar\u0131n \u00e7\u00f6z\u00fcm\u00fcnde bazen do\u011fru insan\u0131 bulamayabilirler. Bu kitapta; hayat\u0131n\u0131n elli y\u0131l\u0131ndan fazlas\u0131n\u0131 \u00f6\u011frenci, \u00f6\u011fretmen ve okul m\u00fcd\u00fcr\u00fc olarak okullarda ge\u00e7irmi\u015f, e\u011fitim ile ilgili iki \u00fcniversite bitirmi\u015f bir e\u011fitimcinin tan\u0131k oldu\u011fu \u00f6rnek olaylardan yola \u00e7\u0131k\u0131larak; bilgilerin ve deneyimlerin harmanlanmas\u0131 sonucu elde edilen \u00e7\u00f6z\u00fcm yollar\u0131n\u0131 bulacaks\u0131n\u0131z. Bu kitap; E\u011fitim Fak\u00fcltesi \u00f6\u011frencilerinin, anne babalar\u0131n ve \u00f6\u011fretmenlerin mutlaka okumas\u0131, okuduktan sonra da yanlar\u0131ndan ay\u0131rmamas\u0131 gereken bir kitapt\u0131r. \u00c7ocuklar\u0131n\u0131z\u0131 yeti\u015ftirirken sorunlar m\u0131 ya\u015f\u0131yorsunuz? Sorunlar\u0131n\u0131z\u0131n \u00e7\u00f6z\u00fcm\u00fc bu kitapta! <\/p>\n","protected":false},"excerpt":{"rendered":"<p>\u00c7ocuk yeti\u015ftirmeden birinci derecede sorumlu olan anne babalar\u0131n ve \u00f6\u011fretmenlerin amac\u0131; \u00e7ocuklar\u0131 y\u0131llar\u0131n birikimleri sonucunda elde edilmi\u015f bilgiler ve toplumsal de\u011ferler \u0131\u015f\u0131\u011f\u0131nda hayata ve gelece\u011fe haz\u0131rlamakt\u0131r.<span class=\"excerpt-hellip\"> [\u2026]<\/span><\/p>\n","protected":false},"featured_media":0,"template":"","meta":{"_monsterinsights_skip_tracking":false,"_monsterinsights_sitenote_active":false,"_monsterinsights_sitenote_note":"","_monsterinsights_sitenote_category":0},"product_brand":[],"product_cat":[12679,12357],"product_tag":[],"class_list":{"0":"post-765325","1":"product","2":"type-product","3":"status-publish","5":"product_cat-cocuk-psikolojisi","6":"product_cat-psikoloji","7":"pa_cilt-ciltsiz","8":"pa_tur-kitap","9":"pa_yayinevi-imbik-yayinlari","10":"pa_yazar-adnan-yesil","12":"first","13":"instock","14":"sale","15":"shipping-taxable","16":"purchasable","17":"product-type-simple"},"_links":{"self":[{"href":"https:\/\/roveyayinevi.com.tr\/index.php\/wp-json\/wp\/v2\/product\/765325","targetHints":{"allow":["GET"]}}],"collection":[{"href":"https:\/\/roveyayinevi.com.tr\/index.php\/wp-json\/wp\/v2\/product"}],"about":[{"href":"https:\/\/roveyayinevi.com.tr\/index.php\/wp-json\/wp\/v2\/types\/product"}],"wp:attachment":[{"href":"https:\/\/roveyayinevi.com.tr\/index.php\/wp-json\/wp\/v2\/media?parent=765325"}],"wp:term":[{"taxonomy":"product_brand","embeddable":true,"href":"https:\/\/roveyayinevi.com.tr\/index.php\/wp-json\/wp\/v2\/product_brand?post=765325"},{"taxonomy":"product_cat","embeddable":true,"href":"https:\/\/roveyayinevi.com.tr\/index.php\/wp-json\/wp\/v2\/product_cat?post=765325"},{"taxonomy":"product_tag","embeddable":true,"href":"https:\/\/roveyayinevi.com.tr\/index.php\/wp-json\/wp\/v2\/product_tag?post=765325"}],"curies":[{"name":"wp","href":"https:\/\/api.w.org\/{rel}","templated":true}]}}