{"id":765323,"date":"2025-08-28T11:39:22","date_gmt":"2025-08-28T08:39:22","guid":{"rendered":"https:\/\/roveyayinevi.com.tr\/index.php\/urun\/aylak-adamin-dusleri\/"},"modified":"2026-04-15T03:30:59","modified_gmt":"2026-04-15T00:30:59","slug":"aylak-adamin-dusleri","status":"publish","type":"product","link":"https:\/\/roveyayinevi.com.tr\/index.php\/urun\/aylak-adamin-dusleri\/","title":{"rendered":"Aylak Adam\u0131n D\u00fc\u015fleri"},"content":{"rendered":"<p>Hayat\u0131n k\u0131y\u0131s\u0131ndan de\u011fil; tam ortas\u0131ndan ge\u00e7en \u00f6yk\u00fcler. B\u00fcy\u00fck bir h\u0131zla ve sakin bir sars\u0131nt\u0131yla. Sevtap Ayy\u0131ld\u0131z s\u00f6zc\u00fckleri bir b\u00fcy\u00fcc\u00fc ustal\u0131\u011f\u0131yla kullan\u0131yor ve hayata, hepimizin ya\u015fad\u0131klar\u0131na ya da ya\u015famay\u0131 umdu\u011fumuz ne varsa, onlara; te\u011fet ge\u00e7miyor, do\u011frudan temas ediyor. Ger\u00e7eklikten kopmadan ger\u00e7e\u011fin yeniden yorumlanmas\u0131yla yaz\u0131lm\u0131\u015f sars\u0131c\u0131 ama sarsmakla yetinmeyen \u00f6yk\u00fclerden olu\u015fuyor Aylak Adam\u0131n D\u00fc\u015fleri. S\u0131k\u0131 okur i\u00e7in, kadim okur i\u00e7in, u\u00e7up giden akl\u0131n\u0131n pe\u015finden ko\u015fmay\u0131 reddeden okur i\u00e7in k\u00fc\u00e7\u00fck bir ipucu: Aylak adam sensin galiba. Galiba benim. Biziz b\u00fcy\u00fck olas\u0131l\u0131kla! Bir kad\u0131n ge\u00e7iyor \u00f6n\u00fcnden, koku bulutunun i\u00e7inde ayaklar\u0131 yere basm\u0131yor da u\u00e7uyor gibi hafif, uzakla\u015f\u0131yor. Sa\u00e7lar\u0131na tak\u0131l\u0131 kal\u0131yor g\u00f6zleri, uzun k\u0131z\u0131l sa\u00e7lar. Kor gibi yakard\u0131 y\u00fcre\u011fini. Ko\u015fsa ard\u0131ndan, tutup kendine \u00e7evirse, ayn\u0131 g\u00f6zler mi? Anl\u0131k d\u00fc\u015f\u00fcncesinden hemen pi\u015fman oluyor, sevdi\u011fi yan\u0131nda, birlikte oturuyorlar ya saatlerdir bu bankta. Bank\u0131n \u00fczerine kaz\u0131nm\u0131\u015f yaz\u0131lar\u0131 birlikte okuyup g\u00fcld\u00fcler ya. Yana\u011f\u0131n\u0131 yakan g\u00f6zya\u015flar\u0131 g\u00fclmektendi, a\u011flamaktan de\u011fil. Kum saatine benzer bir \u015fekil vard\u0131 s\u0131rt\u0131n\u0131 yaslad\u0131\u011f\u0131 yerde, yan\u0131na ok i\u015fareti \u00e7izili, ucunda a\u015fk. Kalp; dolu k\u0131s\u0131m, ak\u0131l; bo\u015f k\u0131s\u0131md\u0131. Kendi akl\u0131 neredeydi \u015fimdi, kim bilir?<\/p>\n","protected":false},"excerpt":{"rendered":"<p>Hayat\u0131n k\u0131y\u0131s\u0131ndan de\u011fil; tam ortas\u0131ndan ge\u00e7en \u00f6yk\u00fcler. B\u00fcy\u00fck bir h\u0131zla ve sakin bir sars\u0131nt\u0131yla. Sevtap Ayy\u0131ld\u0131z s\u00f6zc\u00fckleri bir b\u00fcy\u00fcc\u00fc ustal\u0131\u011f\u0131yla kullan\u0131yor ve hayata, hepimizin ya\u015fad\u0131klar\u0131na ya<span class=\"excerpt-hellip\"> [\u2026]<\/span><\/p>\n","protected":false},"featured_media":0,"template":"","meta":{"_monsterinsights_skip_tracking":false,"_monsterinsights_sitenote_active":false,"_monsterinsights_sitenote_note":"","_monsterinsights_sitenote_category":0},"product_brand":[],"product_cat":[12291,18202],"product_tag":[],"class_list":{"0":"post-765323","1":"product","2":"type-product","3":"status-publish","5":"product_cat-edebiyat","6":"product_cat-hikaye","7":"pa_cilt-ciltsiz","8":"pa_tur-kitap","9":"pa_yayinevi-src-kitap","10":"pa_yazar-sevtap-ayyildiz","12":"first","13":"instock","14":"sale","15":"shipping-taxable","16":"purchasable","17":"product-type-simple"},"_links":{"self":[{"href":"https:\/\/roveyayinevi.com.tr\/index.php\/wp-json\/wp\/v2\/product\/765323","targetHints":{"allow":["GET"]}}],"collection":[{"href":"https:\/\/roveyayinevi.com.tr\/index.php\/wp-json\/wp\/v2\/product"}],"about":[{"href":"https:\/\/roveyayinevi.com.tr\/index.php\/wp-json\/wp\/v2\/types\/product"}],"wp:attachment":[{"href":"https:\/\/roveyayinevi.com.tr\/index.php\/wp-json\/wp\/v2\/media?parent=765323"}],"wp:term":[{"taxonomy":"product_brand","embeddable":true,"href":"https:\/\/roveyayinevi.com.tr\/index.php\/wp-json\/wp\/v2\/product_brand?post=765323"},{"taxonomy":"product_cat","embeddable":true,"href":"https:\/\/roveyayinevi.com.tr\/index.php\/wp-json\/wp\/v2\/product_cat?post=765323"},{"taxonomy":"product_tag","embeddable":true,"href":"https:\/\/roveyayinevi.com.tr\/index.php\/wp-json\/wp\/v2\/product_tag?post=765323"}],"curies":[{"name":"wp","href":"https:\/\/api.w.org\/{rel}","templated":true}]}}