{"id":765320,"date":"2025-08-28T11:39:14","date_gmt":"2025-08-28T08:39:14","guid":{"rendered":"https:\/\/roveyayinevi.com.tr\/index.php\/urun\/devrimin-cocuklari\/"},"modified":"2026-04-15T03:30:59","modified_gmt":"2026-04-15T00:30:59","slug":"devrimin-cocuklari","status":"publish","type":"product","link":"https:\/\/roveyayinevi.com.tr\/index.php\/urun\/devrimin-cocuklari\/","title":{"rendered":"Devrimin \u00c7ocuklar\u0131"},"content":{"rendered":"<p>Atat\u00fcrk\u2019\u00fcn yapt\u0131\u011f\u0131 devrimlerin izlerini bug\u00fcn de g\u00f6rmekteyiz. Bir tiyatroya ya da operaya gitti\u011fimizde onun k\u00fclt\u00fcr devrimini, bir fabrikay\u0131 g\u00f6rd\u00fc\u011f\u00fcm\u00fczde onun ekonomi devrimini, oy kullanan ya da Meclis\u2019te konu\u015fan bir kad\u0131n g\u00f6rd\u00fc\u011f\u00fcm\u00fczde onun kad\u0131nlara verdi\u011fi haklar\u0131, ba\u015far\u0131l\u0131 olmu\u015f bir bilim insan\u0131nda onun e\u011fitim devriminin izlerini g\u00f6rmekteyiz. K\u0131sacas\u0131 nereye bakarsak bakal\u0131m Atat\u00fcrk\u2019\u00fcn ya\u015fama ge\u00e7irdi\u011fi devrimlerin devam etti\u011fini ve \u00f6lmedi\u011fini, bizlerle ya\u015fad\u0131\u011f\u0131n\u0131 biliyoruz. Elinizdeki kitap, Ulu \u00d6nder\u2019in devrimlerinin yolculu\u011funu anlatmaktad\u0131r. Devrim ve \u00c7ocuklar\u0131, Osmanl\u0131 Devleti\u2019nin son evresindeki s\u00fcreci de ele alarak, Atat\u00fcrk\u2019\u00fcn yapt\u0131\u011f\u0131 devrimlerle nas\u0131l \u00e7a\u011fda\u015f bir \u00fclke in\u015fa etmeye \u00e7al\u0131\u015ft\u0131\u011f\u0131n\u0131 zengin g\u00f6rsellerle anlat\u0131rken hem \u00e7ocuklara Atat\u00fcrk Devrimlerini k\u0131za ve \u00f6zl\u00fc olarak \u00f6\u011fretecek hem de yeti\u015fkinlerin bilgilerini tazelemelerine ve yeni ara\u015ft\u0131rmalar yapmalar\u0131na olanak sa\u011flayacak. Cumhuriyetin ayd\u0131nl\u0131k \u00e7ocuklar\u0131 i\u00e7in\u2026 <\/p>\n","protected":false},"excerpt":{"rendered":"<p>Atat\u00fcrk\u2019\u00fcn yapt\u0131\u011f\u0131 devrimlerin izlerini bug\u00fcn de g\u00f6rmekteyiz. Bir tiyatroya ya da operaya gitti\u011fimizde onun k\u00fclt\u00fcr devrimini, bir fabrikay\u0131 g\u00f6rd\u00fc\u011f\u00fcm\u00fczde onun ekonomi devrimini, oy kullanan ya da<span class=\"excerpt-hellip\"> [\u2026]<\/span><\/p>\n","protected":false},"featured_media":0,"template":"","meta":{"_monsterinsights_skip_tracking":false,"_monsterinsights_sitenote_active":false,"_monsterinsights_sitenote_note":"","_monsterinsights_sitenote_category":0},"product_brand":[],"product_cat":[12274,15842],"product_tag":[],"class_list":{"0":"post-765320","1":"product","2":"type-product","3":"status-publish","5":"product_cat-cocuk-ve-genclik-kitaplari","6":"product_cat-egitici-kitaplar","7":"pa_cilt-ciltsiz","8":"pa_tur-kitap","9":"pa_yayinevi-cumhuriyet-kitaplari","10":"pa_yazar-tolga-aydogan","12":"first","13":"instock","14":"sale","15":"shipping-taxable","16":"purchasable","17":"product-type-simple"},"_links":{"self":[{"href":"https:\/\/roveyayinevi.com.tr\/index.php\/wp-json\/wp\/v2\/product\/765320","targetHints":{"allow":["GET"]}}],"collection":[{"href":"https:\/\/roveyayinevi.com.tr\/index.php\/wp-json\/wp\/v2\/product"}],"about":[{"href":"https:\/\/roveyayinevi.com.tr\/index.php\/wp-json\/wp\/v2\/types\/product"}],"wp:attachment":[{"href":"https:\/\/roveyayinevi.com.tr\/index.php\/wp-json\/wp\/v2\/media?parent=765320"}],"wp:term":[{"taxonomy":"product_brand","embeddable":true,"href":"https:\/\/roveyayinevi.com.tr\/index.php\/wp-json\/wp\/v2\/product_brand?post=765320"},{"taxonomy":"product_cat","embeddable":true,"href":"https:\/\/roveyayinevi.com.tr\/index.php\/wp-json\/wp\/v2\/product_cat?post=765320"},{"taxonomy":"product_tag","embeddable":true,"href":"https:\/\/roveyayinevi.com.tr\/index.php\/wp-json\/wp\/v2\/product_tag?post=765320"}],"curies":[{"name":"wp","href":"https:\/\/api.w.org\/{rel}","templated":true}]}}