{"id":765319,"date":"2025-08-28T11:39:13","date_gmt":"2025-08-28T08:39:13","guid":{"rendered":"https:\/\/roveyayinevi.com.tr\/index.php\/urun\/mutlak-siyah\/"},"modified":"2026-04-15T03:30:59","modified_gmt":"2026-04-15T00:30:59","slug":"mutlak-siyah","status":"publish","type":"product","link":"https:\/\/roveyayinevi.com.tr\/index.php\/urun\/mutlak-siyah\/","title":{"rendered":"Mutlak Siyah"},"content":{"rendered":"<p>T\u00fcrk sanat d\u00fcnyas\u0131ndan bir Adnan \u00c7oker ge\u00e7ti. Sanayi-i Nefise Mektebi, Devlet G\u00fczel Sanatlar Akademisi ve Mimar Sinan \u00dcniversitesi\u2019nin 140 y\u0131ll\u0131k k\u00f6kl\u00fc tarihindeki en \u00f6nemli hocalar listesinin en ba\u015ftaki isimlerinden biri olan \u00c7oker, bir\u00e7ok \u00f6\u011frenci yeti\u015ftirmenin yan\u0131nda onlar\u0131 birer entelekt\u00fcel olarak yeti\u015ftirmek gibi bir misyona da kendini adam\u0131\u015f bir e\u011fitimcidir. Bilgi olmadan sanat\u0131n olmayaca\u011f\u0131na inanan \u00c7oker, 1953 y\u0131l\u0131nda T\u00fcrkiye\u2019de a\u00e7\u0131lan ilk soyut sanat sergisini a\u00e7an sanat\u00e7\u0131 olma \u00f6zelli\u011fine de sahiptir. 1960\u2019l\u0131 y\u0131llarda ise T\u00fcrkiye\u2019de ger\u00e7ekle\u015ftirilen ilk performanslar\u0131n da fikir babas\u0131 ve y\u00f6neticisidir. Sanat\u0131 bir bi\u00e7im olmaktan \u00e7ok bir sentezin sonucu olarak g\u00f6ren sanat\u00e7\u0131; Bizans, Osmanl\u0131, Sel\u00e7uklu, \u0130talyan R\u00f6nesans\u0131 gibi bir\u00e7ok d\u00f6nemi ara\u015ft\u0131rarak renk ve mimari simgeleri ile resmine aktarm\u0131\u015ft\u0131r. Bir\u00e7ok sanat\u00e7\u0131, sanat insan\u0131 ve profesyoneline dokunmu\u015f, sanat tarihi ara\u015ft\u0131rmalar\u0131na kat\u0131lm\u0131\u015f genel bir hocal\u0131ktan daha geni\u015f bir e\u011fitimcili\u011fi kendine yol edinmi\u015f Adnan \u00c7oker\u2019in ard\u0131ndan onun T\u00fcrk sanat\u0131na katt\u0131klar\u0131, sanat\u0131 ve etkilerini onun ard\u0131ndan ortaya koymak i\u00e7in Bat\u0131\u2019da b\u00fcy\u00fck sanat\u00e7\u0131lar i\u00e7in yap\u0131lan \u201cAn\u0131lar ve Tan\u0131kl\u0131klar\u201d i\u00e7eri\u011findeki bir kitab\u0131 de\u011ferli okuyucular\u0131m\u0131za sunmaktan b\u00fcy\u00fck bir mutluluk duyar\u0131z. Asuman \u00c7oker, Yah\u015fi Baraz, Bedri Baykam, \u0130lona Baytar, \u015e\u00fckr\u00fc Bozluolcay, G\u00fcl\u015fen \u00c7al\u0131k Can, Rabia \u00c7apa, Server Demirta\u015f, Sinan Demirta\u015f, \u0130pek Aks\u00fc\u011f\u00fcr Duben, O\u011fuz Erten, Jale Nejdet Erzen, Adem Gen\u00e7, Ahmet Kamil G\u00f6ren, Zeynep \u0130nankur, \u00d6zlem \u0130nay Erten, Bahar Kocaman, Ahmet \u00d6ktem, Necmi S\u00f6nmez, \u00d6mer Faruk \u015eerifo\u011flu, Yusuf Taktak, S\u00fcleyman Saim Tekcan, Seyhun Topuz bu kitapta Adnan \u00c7oker i\u00e7in yaz\u0131 kaleme alanlar aras\u0131nda.<\/p>\n","protected":false},"excerpt":{"rendered":"<p>T\u00fcrk sanat d\u00fcnyas\u0131ndan bir Adnan \u00c7oker ge\u00e7ti. Sanayi-i Nefise Mektebi, Devlet G\u00fczel Sanatlar Akademisi ve Mimar Sinan \u00dcniversitesi\u2019nin 140 y\u0131ll\u0131k k\u00f6kl\u00fc tarihindeki en \u00f6nemli hocalar listesinin<span class=\"excerpt-hellip\"> [\u2026]<\/span><\/p>\n","protected":false},"featured_media":0,"template":"","meta":{"_monsterinsights_skip_tracking":false,"_monsterinsights_sitenote_active":false,"_monsterinsights_sitenote_note":"","_monsterinsights_sitenote_category":0},"product_brand":[],"product_cat":[15733,12408],"product_tag":[],"class_list":{"0":"post-765319","1":"product","2":"type-product","3":"status-publish","5":"product_cat-resim","6":"product_cat-sanat","7":"pa_cilt-ciltsiz","8":"pa_tur-kitap","9":"pa_yayinevi-islik-yayinlari","10":"pa_yazar-oguz-erten","12":"first","13":"instock","14":"sale","15":"shipping-taxable","16":"purchasable","17":"product-type-simple"},"_links":{"self":[{"href":"https:\/\/roveyayinevi.com.tr\/index.php\/wp-json\/wp\/v2\/product\/765319","targetHints":{"allow":["GET"]}}],"collection":[{"href":"https:\/\/roveyayinevi.com.tr\/index.php\/wp-json\/wp\/v2\/product"}],"about":[{"href":"https:\/\/roveyayinevi.com.tr\/index.php\/wp-json\/wp\/v2\/types\/product"}],"wp:attachment":[{"href":"https:\/\/roveyayinevi.com.tr\/index.php\/wp-json\/wp\/v2\/media?parent=765319"}],"wp:term":[{"taxonomy":"product_brand","embeddable":true,"href":"https:\/\/roveyayinevi.com.tr\/index.php\/wp-json\/wp\/v2\/product_brand?post=765319"},{"taxonomy":"product_cat","embeddable":true,"href":"https:\/\/roveyayinevi.com.tr\/index.php\/wp-json\/wp\/v2\/product_cat?post=765319"},{"taxonomy":"product_tag","embeddable":true,"href":"https:\/\/roveyayinevi.com.tr\/index.php\/wp-json\/wp\/v2\/product_tag?post=765319"}],"curies":[{"name":"wp","href":"https:\/\/api.w.org\/{rel}","templated":true}]}}