{"id":765316,"date":"2025-08-28T11:39:09","date_gmt":"2025-08-28T08:39:09","guid":{"rendered":"https:\/\/roveyayinevi.com.tr\/index.php\/urun\/gureste-bilimsel-antrenman-metotlari-ve-ogretim-teknikleri\/"},"modified":"2026-04-14T03:27:47","modified_gmt":"2026-04-14T00:27:47","slug":"gureste-bilimsel-antrenman-metotlari-ve-ogretim-teknikleri","status":"publish","type":"product","link":"https:\/\/roveyayinevi.com.tr\/index.php\/urun\/gureste-bilimsel-antrenman-metotlari-ve-ogretim-teknikleri\/","title":{"rendered":"G\u00fcre\u015fte Bilimsel Antrenman Metotlar\u0131 ve \u00d6\u011fretim Teknikleri"},"content":{"rendered":"<p>\u0130\u00e7indekiler :     1.G\u00dcRE\u015e   2. G\u00dcRE\u015e\u00c7\u0130LER\u0130N F\u0130Z\u0130KSEL, F\u0130ZYOLOJ\u0130K VE K\u0130\u015e\u0130L\u0130K \u00d6ZELL\u0130KLER\u0130   3. G\u00dcRE\u015eTE YETENEK SE\u00c7\u0130M\u0130   4. G\u00dcRE\u015eTE YA\u015e GRUPLARI   5. G\u00dcRE\u015eTE BESLENME   6. K\u0130LO AYARLAMA VE ENERJ\u0130 HESAPLAMA Y\u00d6NTEMLER\u0130   7. SPORDA G\u00d6ZLEM VE DE\u011eERLEND\u0130RME   8. G\u00dcRE\u015eTE ISINMA   9. Y\u00dcKSEK \u0130RT\u0130FA ANTRENMANI   10. SICAK VE SO\u011eUK ORTAMDA ANTRENMAN   11. G\u00dcRE\u015eTE PLANLAMA   12. G\u00dcRE\u015eTE TEKN\u0130K \u00d6\u011eRET\u0130M <\/p>\n","protected":false},"excerpt":{"rendered":"<p>\u0130\u00e7indekiler : 1.G\u00dcRE\u015e 2. G\u00dcRE\u015e\u00c7\u0130LER\u0130N F\u0130Z\u0130KSEL, F\u0130ZYOLOJ\u0130K VE K\u0130\u015e\u0130L\u0130K \u00d6ZELL\u0130KLER\u0130 3. G\u00dcRE\u015eTE YETENEK SE\u00c7\u0130M\u0130 4. G\u00dcRE\u015eTE YA\u015e GRUPLARI 5. G\u00dcRE\u015eTE BESLENME 6. K\u0130LO AYARLAMA VE ENERJ\u0130<span class=\"excerpt-hellip\"> [\u2026]<\/span><\/p>\n","protected":false},"featured_media":0,"template":"","meta":{"_monsterinsights_skip_tracking":false,"_monsterinsights_sitenote_active":false,"_monsterinsights_sitenote_note":"","_monsterinsights_sitenote_category":0},"product_brand":[],"product_cat":[15563,15564],"product_tag":[],"class_list":{"0":"post-765316","1":"product","2":"type-product","3":"status-publish","5":"product_cat-hobi","6":"product_cat-spor","7":"pa_cilt-ciltsiz","8":"pa_tur-kitap","9":"pa_yayinevi-gazi-kitabevi","10":"pa_yazar-ismail-kaya","12":"first","13":"instock","14":"sale","15":"shipping-taxable","16":"purchasable","17":"product-type-simple"},"_links":{"self":[{"href":"https:\/\/roveyayinevi.com.tr\/index.php\/wp-json\/wp\/v2\/product\/765316","targetHints":{"allow":["GET"]}}],"collection":[{"href":"https:\/\/roveyayinevi.com.tr\/index.php\/wp-json\/wp\/v2\/product"}],"about":[{"href":"https:\/\/roveyayinevi.com.tr\/index.php\/wp-json\/wp\/v2\/types\/product"}],"wp:attachment":[{"href":"https:\/\/roveyayinevi.com.tr\/index.php\/wp-json\/wp\/v2\/media?parent=765316"}],"wp:term":[{"taxonomy":"product_brand","embeddable":true,"href":"https:\/\/roveyayinevi.com.tr\/index.php\/wp-json\/wp\/v2\/product_brand?post=765316"},{"taxonomy":"product_cat","embeddable":true,"href":"https:\/\/roveyayinevi.com.tr\/index.php\/wp-json\/wp\/v2\/product_cat?post=765316"},{"taxonomy":"product_tag","embeddable":true,"href":"https:\/\/roveyayinevi.com.tr\/index.php\/wp-json\/wp\/v2\/product_tag?post=765316"}],"curies":[{"name":"wp","href":"https:\/\/api.w.org\/{rel}","templated":true}]}}