{"id":765314,"date":"2025-08-28T11:39:05","date_gmt":"2025-08-28T08:39:05","guid":{"rendered":"https:\/\/roveyayinevi.com.tr\/index.php\/urun\/turk-yunan-sorunlari\/"},"modified":"2026-04-15T03:30:59","modified_gmt":"2026-04-15T00:30:59","slug":"turk-yunan-sorunlari","status":"publish","type":"product","link":"https:\/\/roveyayinevi.com.tr\/index.php\/urun\/turk-yunan-sorunlari\/","title":{"rendered":"T\u00fcrk-Yunan Sorunlar\u0131"},"content":{"rendered":"<p>\u201cT\u00fcrk-Yunan ili\u015fkilerinin seyrini ABD, NATO ve Avrupa\u2019dan ayr\u0131 tutmak m\u00fcmk\u00fcn olmamakla birlikte, Yunanistan\u2019\u0131n ba\u011f\u0131ms\u0131zl\u0131\u011f\u0131n\u0131 kazand\u0131\u011f\u0131 1829 y\u0131l\u0131ndan itibaren 2024 y\u0131l\u0131na kadar ge\u00e7en 195 y\u0131l i\u00e7inde, her iki devlet aras\u0131ndaki sorunlarda, baz\u0131 \u00fclkelerin siyasi tercihlerini gerek ulusal \u00e7\u0131karlar\u0131, gerekse eski Yunan medeniyetine duyulan hayranl\u0131k ve dinsel nedenler ile Yunanistan lehine kulland\u0131\u011f\u0131 g\u00f6r\u00fclmektedir. AK parti iktidar\u0131n\u0131n son y\u0131llardaki d\u0131\u015f politika tercih ve \u00f6nceliklerinin de etkisiyle birlikte, ABD ile Fransa ile \u0130ngiltere gibi bir k\u0131s\u0131m Avrupa Birli\u011fi \u00fclkeleri ve Ayr\u0131ca \u0130srail, M\u0131s\u0131r, Suudi Arabistan ve BAE gibi Ortado\u011fu devletlerinin Yunanistan\u2019\u0131 cesaretlendirici tutum ve davran\u0131\u015flar\u0131 neticesinde, yenilerinin eklenmesi beklenen mevcut sorunlar\u0131n k\u0131sa s\u00fcre i\u00e7erisinde \u00e7\u00f6z\u00fcmlenmeyece\u011fi de\u011ferlendirilmektedir.\u201d <\/p>\n","protected":false},"excerpt":{"rendered":"<p>\u201cT\u00fcrk-Yunan ili\u015fkilerinin seyrini ABD, NATO ve Avrupa\u2019dan ayr\u0131 tutmak m\u00fcmk\u00fcn olmamakla birlikte, Yunanistan\u2019\u0131n ba\u011f\u0131ms\u0131zl\u0131\u011f\u0131n\u0131 kazand\u0131\u011f\u0131 1829 y\u0131l\u0131ndan itibaren 2024 y\u0131l\u0131na kadar ge\u00e7en 195 y\u0131l i\u00e7inde, her<span class=\"excerpt-hellip\"> [\u2026]<\/span><\/p>\n","protected":false},"featured_media":0,"template":"","meta":{"_monsterinsights_skip_tracking":false,"_monsterinsights_sitenote_active":false,"_monsterinsights_sitenote_note":"","_monsterinsights_sitenote_category":0},"product_brand":[],"product_cat":[12337,14543],"product_tag":[],"class_list":{"0":"post-765314","1":"product","2":"type-product","3":"status-publish","5":"product_cat-politika-siyaset","6":"product_cat-turkiye-siyaseti-ve-politikasi","7":"pa_cilt-ciltsiz","8":"pa_tur-kitap","9":"pa_yayinevi-kirmizi-kedi-yayinevi","10":"pa_yazar-ali-demir","12":"first","13":"instock","14":"sale","15":"shipping-taxable","16":"purchasable","17":"product-type-simple"},"_links":{"self":[{"href":"https:\/\/roveyayinevi.com.tr\/index.php\/wp-json\/wp\/v2\/product\/765314","targetHints":{"allow":["GET"]}}],"collection":[{"href":"https:\/\/roveyayinevi.com.tr\/index.php\/wp-json\/wp\/v2\/product"}],"about":[{"href":"https:\/\/roveyayinevi.com.tr\/index.php\/wp-json\/wp\/v2\/types\/product"}],"wp:attachment":[{"href":"https:\/\/roveyayinevi.com.tr\/index.php\/wp-json\/wp\/v2\/media?parent=765314"}],"wp:term":[{"taxonomy":"product_brand","embeddable":true,"href":"https:\/\/roveyayinevi.com.tr\/index.php\/wp-json\/wp\/v2\/product_brand?post=765314"},{"taxonomy":"product_cat","embeddable":true,"href":"https:\/\/roveyayinevi.com.tr\/index.php\/wp-json\/wp\/v2\/product_cat?post=765314"},{"taxonomy":"product_tag","embeddable":true,"href":"https:\/\/roveyayinevi.com.tr\/index.php\/wp-json\/wp\/v2\/product_tag?post=765314"}],"curies":[{"name":"wp","href":"https:\/\/api.w.org\/{rel}","templated":true}]}}