{"id":765312,"date":"2025-08-28T11:39:01","date_gmt":"2025-08-28T08:39:01","guid":{"rendered":"https:\/\/roveyayinevi.com.tr\/index.php\/urun\/nedir-bizi-insan-yapan\/"},"modified":"2026-04-15T03:30:59","modified_gmt":"2026-04-15T00:30:59","slug":"nedir-bizi-insan-yapan","status":"publish","type":"product","link":"https:\/\/roveyayinevi.com.tr\/index.php\/urun\/nedir-bizi-insan-yapan\/","title":{"rendered":"Nedir Bizi \u0130nsan Yapan?"},"content":{"rendered":"<p>\u00c7ok uzun zamand\u0131r buralarday\u0131m. Oyuncaklardan, k\u00f6peklerden, tan\u0131d\u0131\u011f\u0131n herkesten \u00f6nce de buradayd\u0131m. Ben her yerdeyim. Bil bakal\u0131m ben kimim?   Victor D. O. Santos Nedir Bizi \u0130nsan Yapan? kitab\u0131yla merak uyand\u0131ran bir bilmece sunuyor okurlara\u2026 <\/p>\n","protected":false},"excerpt":{"rendered":"<p>\u00c7ok uzun zamand\u0131r buralarday\u0131m. Oyuncaklardan, k\u00f6peklerden, tan\u0131d\u0131\u011f\u0131n herkesten \u00f6nce de buradayd\u0131m. Ben her yerdeyim. Bil bakal\u0131m ben kimim? Victor D. O. Santos Nedir Bizi \u0130nsan Yapan?<span class=\"excerpt-hellip\"> [\u2026]<\/span><\/p>\n","protected":false},"featured_media":0,"template":"","meta":{"_monsterinsights_skip_tracking":false,"_monsterinsights_sitenote_active":false,"_monsterinsights_sitenote_note":"","_monsterinsights_sitenote_category":0},"product_brand":[],"product_cat":[12274,15842],"product_tag":[],"class_list":{"0":"post-765312","1":"product","2":"type-product","3":"status-publish","5":"product_cat-cocuk-ve-genclik-kitaplari","6":"product_cat-egitici-kitaplar","7":"pa_cilt-ciltsiz","8":"pa_tur-kitap","9":"pa_yayinevi-yapi-kredi-yayinlari","10":"pa_yazar-victor-d-o-santos","12":"first","13":"instock","14":"sale","15":"shipping-taxable","16":"purchasable","17":"product-type-simple"},"_links":{"self":[{"href":"https:\/\/roveyayinevi.com.tr\/index.php\/wp-json\/wp\/v2\/product\/765312","targetHints":{"allow":["GET"]}}],"collection":[{"href":"https:\/\/roveyayinevi.com.tr\/index.php\/wp-json\/wp\/v2\/product"}],"about":[{"href":"https:\/\/roveyayinevi.com.tr\/index.php\/wp-json\/wp\/v2\/types\/product"}],"wp:attachment":[{"href":"https:\/\/roveyayinevi.com.tr\/index.php\/wp-json\/wp\/v2\/media?parent=765312"}],"wp:term":[{"taxonomy":"product_brand","embeddable":true,"href":"https:\/\/roveyayinevi.com.tr\/index.php\/wp-json\/wp\/v2\/product_brand?post=765312"},{"taxonomy":"product_cat","embeddable":true,"href":"https:\/\/roveyayinevi.com.tr\/index.php\/wp-json\/wp\/v2\/product_cat?post=765312"},{"taxonomy":"product_tag","embeddable":true,"href":"https:\/\/roveyayinevi.com.tr\/index.php\/wp-json\/wp\/v2\/product_tag?post=765312"}],"curies":[{"name":"wp","href":"https:\/\/api.w.org\/{rel}","templated":true}]}}