{"id":765310,"date":"2025-08-28T11:38:58","date_gmt":"2025-08-28T08:38:58","guid":{"rendered":"https:\/\/roveyayinevi.com.tr\/index.php\/urun\/icimizden-biri-oldu\/"},"modified":"2026-04-15T03:30:59","modified_gmt":"2026-04-15T00:30:59","slug":"icimizden-biri-oldu","status":"publish","type":"product","link":"https:\/\/roveyayinevi.com.tr\/index.php\/urun\/icimizden-biri-oldu\/","title":{"rendered":"\u0130\u00e7imizden Biri \u00d6ld\u00fc"},"content":{"rendered":"<p>Zenginlik ve \u0130hanet&#8230; Baz\u0131 arkada\u015fl\u0131klar \u00f6l\u00fcmc\u00fcl olabilir. Pahal\u0131 arabalar, muhte\u015fem malik\u00e2neler ve k\u0131yas\u0131ya rekabetle \u00f6r\u00fcl\u00fc dostluklar\u0131n merkezi Buckhead\u2019in kad\u0131nlar\u0131yla tan\u0131\u015f\u0131n. Bir zamanlar Buckhead\u2019in krali\u00e7e ar\u0131s\u0131 olan Shannon, politikac\u0131 kocas\u0131 Bryce taraf\u0131ndan korkun\u00e7 bir ihanete u\u011frar. Bryce onu \u00e7ok daha gen\u00e7 bir kad\u0131n i\u00e7in terk edince Shannon da intikam almak i\u00e7in f\u0131rsat kollamaya ba\u015flar\u2026 Shannon\u2019\u0131n yerini alan Crystal, gen\u00e7, masum Teksasl\u0131 bir k\u0131zd\u0131r ancak nas\u0131l bir belaya bula\u015ft\u0131\u011f\u0131 hakk\u0131nda hi\u00e7bir fikri yoktur\u2026 Y\u0131llarca Shannon&#8217;\u0131n taht\u0131n\u0131 ele ge\u00e7irmek i\u00e7in sab\u0131rla bekleyen Olivia, sonunda bekledi\u011fi f\u0131rsata kavu\u015fur. Ancak istedi\u011fini elde etmek i\u00e7in zehrini etrafa sa\u00e7maktan da \u00e7ekinmez\u2026 Buckhead kad\u0131nlar\u0131n\u0131n bulu\u015fma noktas\u0131 olan Parla G\u00fczellik Salonu\u2019nun sahibi Jenny ise sadece m\u00fc\u015fterileriyle ilgilenmekle kalmaz, ayn\u0131 zamanda onlar\u0131n en derin s\u0131rlar\u0131n\u0131 ve en karanl\u0131k arzular\u0131n\u0131 da dinler. Peki, bu s\u0131rlar Buckhead kad\u0131nlar\u0131n\u0131n ne kadar ileri gitmesine neden olacak? Hayatlar\u0131 yalanlarla ve s\u0131rlarla birbirine ba\u011flanm\u0131\u015f bu kad\u0131nlar ger\u00e7ekten ne kadar masum?<\/p>\n","protected":false},"excerpt":{"rendered":"<p>Zenginlik ve \u0130hanet&#8230; Baz\u0131 arkada\u015fl\u0131klar \u00f6l\u00fcmc\u00fcl olabilir. Pahal\u0131 arabalar, muhte\u015fem malik\u00e2neler ve k\u0131yas\u0131ya rekabetle \u00f6r\u00fcl\u00fc dostluklar\u0131n merkezi Buckhead\u2019in kad\u0131nlar\u0131yla tan\u0131\u015f\u0131n. Bir zamanlar Buckhead\u2019in krali\u00e7e ar\u0131s\u0131 olan<span class=\"excerpt-hellip\"> [\u2026]<\/span><\/p>\n","protected":false},"featured_media":0,"template":"","meta":{"_monsterinsights_skip_tracking":false,"_monsterinsights_sitenote_active":false,"_monsterinsights_sitenote_note":"","_monsterinsights_sitenote_category":0},"product_brand":[],"product_cat":[12291,17033],"product_tag":[],"class_list":{"0":"post-765310","1":"product","2":"type-product","3":"status-publish","5":"product_cat-edebiyat","6":"product_cat-korku-gerilim","7":"pa_cilt-ciltsiz","8":"pa_tur-kitap","9":"pa_yayinevi-epsilon-yayinlari","10":"pa_yazar-jeneva-rose","12":"first","13":"instock","14":"sale","15":"shipping-taxable","16":"purchasable","17":"product-type-simple"},"_links":{"self":[{"href":"https:\/\/roveyayinevi.com.tr\/index.php\/wp-json\/wp\/v2\/product\/765310","targetHints":{"allow":["GET"]}}],"collection":[{"href":"https:\/\/roveyayinevi.com.tr\/index.php\/wp-json\/wp\/v2\/product"}],"about":[{"href":"https:\/\/roveyayinevi.com.tr\/index.php\/wp-json\/wp\/v2\/types\/product"}],"wp:attachment":[{"href":"https:\/\/roveyayinevi.com.tr\/index.php\/wp-json\/wp\/v2\/media?parent=765310"}],"wp:term":[{"taxonomy":"product_brand","embeddable":true,"href":"https:\/\/roveyayinevi.com.tr\/index.php\/wp-json\/wp\/v2\/product_brand?post=765310"},{"taxonomy":"product_cat","embeddable":true,"href":"https:\/\/roveyayinevi.com.tr\/index.php\/wp-json\/wp\/v2\/product_cat?post=765310"},{"taxonomy":"product_tag","embeddable":true,"href":"https:\/\/roveyayinevi.com.tr\/index.php\/wp-json\/wp\/v2\/product_tag?post=765310"}],"curies":[{"name":"wp","href":"https:\/\/api.w.org\/{rel}","templated":true}]}}