{"id":765309,"date":"2025-08-28T11:38:56","date_gmt":"2025-08-28T08:38:56","guid":{"rendered":"https:\/\/roveyayinevi.com.tr\/index.php\/urun\/bozuk-masal-prensesi\/"},"modified":"2026-04-07T03:25:35","modified_gmt":"2026-04-07T00:25:35","slug":"bozuk-masal-prensesi","status":"publish","type":"product","link":"https:\/\/roveyayinevi.com.tr\/index.php\/urun\/bozuk-masal-prensesi\/","title":{"rendered":"Bozuk Masal Prensesi"},"content":{"rendered":"<p>Ve Masal Kitab\u0131 B\u00fcy\u00fcl\u00fc I\u015f\u0131lt\u0131lar Sa\u00e7arak Kapand\u0131,Prens Ve Prenses Sonsuza Dek Mutlu Ya\u015fad\u0131lar&#8230;  Peki ya di\u011ferleri? Pamuk Prenses gidince meselayas tuttu mu c\u00fcceler? K\u00fclkedisi, Prens\u2019ine kavu\u015ftu, evet&#8230;Peki ya \u00fcvey karde\u015fler, eri\u015febildiler mi mutlulu\u011fa?Hi\u00e7 merak ettiniz mi \u00f6tekilerimasal\u0131n bir kenara at\u0131lm\u0131\u015f veya\u00f6nemsiz say\u0131lan o karakterleri? Cevab\u0131n\u0131z evetse e\u011fer&#8230; Yakla\u015f\u0131n, birka\u00e7 ad\u0131mdaha at\u0131n bana do\u011fru. Yakla\u015f\u0131n ki tan\u0131\u015fabilelim sizinle.Yeterince yak\u0131nsan\u0131z e\u011fer, sar\u0131 sa\u00e7lar\u0131 g\u00f6z kama\u015ft\u0131ran, g\u00fcl\u00fc\u015f\u00fcyle \u0131\u015f\u0131k sa\u00e7an o k\u0131z\u0131 g\u00f6rm\u00fc\u015fs\u00fcn\u00fczd\u00fcr. Hani etraf\u0131nda onlarca erkek olan, k\u0131zlar\u0131n kem g\u00f6zlerle bakt\u0131\u011f\u0131 o k\u0131z\u0131 diyorum.G\u00f6rd\u00fcn\u00fcz, de\u011fil mi? Hah, \u015fimdi ba\u015f\u0131n\u0131z\u0131 biraz e\u011finbiraz daha sa\u011fa&#8230; Kabar\u0131k sa\u00e7lar\u0131 g\u00f6\u011fe ula\u015fm\u0131\u015f, iki ad\u0131m\u0131nda bir yere kapaklanan, hamile kad\u0131nlar\u0131n \u201c\u00c7ocu\u011fum buna benzemesin,\u201d diyerek ba\u015flar\u0131n\u0131 \u00e7evirdi\u011fi y\u00fcz\u00fcne g\u00fcne\u015f do\u011fmayan o k\u0131z\u0131 fark ettiniz mi? D\u00fcnya ruhuna pantolonlar\u0131 \u00fcst\u00fcne dar gelen k\u0131z; Irmak \u015eahin ya da daha herkesin bildi\u011fi ismiyle \u201cEce\u2019nin kankas\u0131\u201d. \u0130\u015fte o benim. K\u00fclkedisi\u2019nin balkaba\u011f\u0131, Pamuk Prenses\u2019in elmas\u0131y\u0131m. Ben spot \u0131\u015f\u0131klar\u0131ndan \u00f6te, y\u0131ld\u0131zlara s\u0131\u011f\u0131nan k\u0131z\u0131m. Yan rollere mahk\u00fbm k\u0131z, i\u015fte ben buyum.   Ve bu da&#8230; benim masal\u0131m.<\/p>\n","protected":false},"excerpt":{"rendered":"<p>Ve Masal Kitab\u0131 B\u00fcy\u00fcl\u00fc I\u015f\u0131lt\u0131lar Sa\u00e7arak Kapand\u0131,Prens Ve Prenses Sonsuza Dek Mutlu Ya\u015fad\u0131lar&#8230; Peki ya di\u011ferleri? Pamuk Prenses gidince meselayas tuttu mu c\u00fcceler? K\u00fclkedisi, Prens\u2019ine kavu\u015ftu,<span class=\"excerpt-hellip\"> [\u2026]<\/span><\/p>\n","protected":false},"featured_media":0,"template":"","meta":{"_monsterinsights_skip_tracking":false,"_monsterinsights_sitenote_active":false,"_monsterinsights_sitenote_note":"","_monsterinsights_sitenote_category":0},"product_brand":[],"product_cat":[12274,12284],"product_tag":[],"class_list":{"0":"post-765309","1":"product","2":"type-product","3":"status-publish","5":"product_cat-cocuk-ve-genclik-kitaplari","6":"product_cat-hikayeler","7":"pa_cilt-ciltsiz","8":"pa_tur-kitap","9":"pa_yayinevi-epsilon-yayinlari","10":"pa_yazar-yagmur-aydemir","12":"first","13":"instock","14":"sale","15":"shipping-taxable","16":"purchasable","17":"product-type-simple"},"_links":{"self":[{"href":"https:\/\/roveyayinevi.com.tr\/index.php\/wp-json\/wp\/v2\/product\/765309","targetHints":{"allow":["GET"]}}],"collection":[{"href":"https:\/\/roveyayinevi.com.tr\/index.php\/wp-json\/wp\/v2\/product"}],"about":[{"href":"https:\/\/roveyayinevi.com.tr\/index.php\/wp-json\/wp\/v2\/types\/product"}],"wp:attachment":[{"href":"https:\/\/roveyayinevi.com.tr\/index.php\/wp-json\/wp\/v2\/media?parent=765309"}],"wp:term":[{"taxonomy":"product_brand","embeddable":true,"href":"https:\/\/roveyayinevi.com.tr\/index.php\/wp-json\/wp\/v2\/product_brand?post=765309"},{"taxonomy":"product_cat","embeddable":true,"href":"https:\/\/roveyayinevi.com.tr\/index.php\/wp-json\/wp\/v2\/product_cat?post=765309"},{"taxonomy":"product_tag","embeddable":true,"href":"https:\/\/roveyayinevi.com.tr\/index.php\/wp-json\/wp\/v2\/product_tag?post=765309"}],"curies":[{"name":"wp","href":"https:\/\/api.w.org\/{rel}","templated":true}]}}