{"id":765308,"date":"2025-08-28T11:38:54","date_gmt":"2025-08-28T08:38:54","guid":{"rendered":"https:\/\/roveyayinevi.com.tr\/index.php\/urun\/devlet-dindir-schmittyen-bir-okuma-denemesi\/"},"modified":"2026-04-15T03:30:59","modified_gmt":"2026-04-15T00:30:59","slug":"devlet-dindir-schmittyen-bir-okuma-denemesi","status":"publish","type":"product","link":"https:\/\/roveyayinevi.com.tr\/index.php\/urun\/devlet-dindir-schmittyen-bir-okuma-denemesi\/","title":{"rendered":"Devlet Dindir! &#8211; Schmittyen Bir Okuma Denemesi"},"content":{"rendered":"<p>\u201cDevlet din olsun dediler ve \u00f6yle de oldu!\u201d Devlet-din ili\u015fkisinin s\u00fcrecine tersten bakt\u0131\u011f\u0131m\u0131z zaman, devletin bizzat din haline geldi\u011fini g\u00f6r\u00fcr\u00fcz. Modern \u00e7a\u011f ve onun icat etti\u011fi modern devletler, insana tahakk\u00fcm etme ara\u00e7lar\u0131ndaki b\u00fcy\u00fck geli\u015fimin ve \u00e7e\u015fitlili\u011fin di\u011fer ad\u0131 olarak yerine ikame olduklar\u0131 dinlerden \u00e7ok daha yayg\u0131n ve yo\u011fun olarak otoriter ve totaliter bir d\u00fczen kurmu\u015flard\u0131r. Modern \u015fartlar\u0131n gere\u011fi olarak devlet-din ala\u015f\u0131m\u0131na dayanan pragmatizm dini, k\u00fcresel bir pratik \u2018raison d\u2019etat\u2019 (devlet akl\u0131) doktrinine, evrensel bir pragmatik ideolojiye, dinsel pragmatist bir tarz-\u0131 hayata ve faydac\u0131\/pragmatik bir tarz-\u0131 siyaset pragmas\u0131na d\u00f6n\u00fc\u015ferek evrenselle\u015fmi\u015ftir. Bu evrensel Leviathan bulma \u2018ihtiya\u00e7\u2019 ve \u2018talep\u2019ini kendi mutlak ve kutsal misyonu ilan edip pragmatizm dininin k\u00fcresel\/emperyal Tanr\u0131s\u0131 oldu\u011funu ilan eden ABD\u2019nin \u201cg\u00fc\u00e7 pragmas\u0131na tutunup\u201d t\u00fcm d\u00fcnyaya yaymas\u0131 sayesinde olmu\u015ftur. B\u00f6ylece t\u00fcm insanl\u0131k din-devlet ili\u015fkisi tarihi s\u00fcrecinde dinin devlet oldu\u011fu, dinin devletlerinin oldu\u011fu, devletin dininin oldu\u011fu a\u015famalardan ge\u00e7ip devletin bizzat din oldu\u011fu a\u015famaya evrilmi\u015ftir: Evrensel pragmatizm dini a\u015famas\u0131na&#8230; <\/p>\n","protected":false},"excerpt":{"rendered":"<p>\u201cDevlet din olsun dediler ve \u00f6yle de oldu!\u201d Devlet-din ili\u015fkisinin s\u00fcrecine tersten bakt\u0131\u011f\u0131m\u0131z zaman, devletin bizzat din haline geldi\u011fini g\u00f6r\u00fcr\u00fcz. Modern \u00e7a\u011f ve onun icat etti\u011fi<span class=\"excerpt-hellip\"> [\u2026]<\/span><\/p>\n","protected":false},"featured_media":0,"template":"","meta":{"_monsterinsights_skip_tracking":false,"_monsterinsights_sitenote_active":false,"_monsterinsights_sitenote_note":"","_monsterinsights_sitenote_category":0},"product_brand":[],"product_cat":[13590,12337],"product_tag":[],"class_list":{"0":"post-765308","1":"product","2":"type-product","3":"status-publish","5":"product_cat-arastirma-inceleme-politika-siyaset","6":"product_cat-politika-siyaset","7":"pa_cilt-ciltsiz","8":"pa_tur-kitap","9":"pa_yayinevi-episteme-yayinlari","10":"pa_yazar-halis-cetin","12":"first","13":"instock","14":"sale","15":"shipping-taxable","16":"purchasable","17":"product-type-simple"},"_links":{"self":[{"href":"https:\/\/roveyayinevi.com.tr\/index.php\/wp-json\/wp\/v2\/product\/765308","targetHints":{"allow":["GET"]}}],"collection":[{"href":"https:\/\/roveyayinevi.com.tr\/index.php\/wp-json\/wp\/v2\/product"}],"about":[{"href":"https:\/\/roveyayinevi.com.tr\/index.php\/wp-json\/wp\/v2\/types\/product"}],"wp:attachment":[{"href":"https:\/\/roveyayinevi.com.tr\/index.php\/wp-json\/wp\/v2\/media?parent=765308"}],"wp:term":[{"taxonomy":"product_brand","embeddable":true,"href":"https:\/\/roveyayinevi.com.tr\/index.php\/wp-json\/wp\/v2\/product_brand?post=765308"},{"taxonomy":"product_cat","embeddable":true,"href":"https:\/\/roveyayinevi.com.tr\/index.php\/wp-json\/wp\/v2\/product_cat?post=765308"},{"taxonomy":"product_tag","embeddable":true,"href":"https:\/\/roveyayinevi.com.tr\/index.php\/wp-json\/wp\/v2\/product_tag?post=765308"}],"curies":[{"name":"wp","href":"https:\/\/api.w.org\/{rel}","templated":true}]}}