{"id":765307,"date":"2025-08-28T11:38:53","date_gmt":"2025-08-28T08:38:53","guid":{"rendered":"https:\/\/roveyayinevi.com.tr\/index.php\/urun\/saman-atalar-destesi\/"},"modified":"2026-04-01T03:23:05","modified_gmt":"2026-04-01T00:23:05","slug":"saman-atalar-destesi","status":"publish","type":"product","link":"https:\/\/roveyayinevi.com.tr\/index.php\/urun\/saman-atalar-destesi\/","title":{"rendered":"\u015eaman Atalar Destesi"},"content":{"rendered":"<p>T\u00fcrk \u015eamanizm\u2019i ve \u015famanl\u0131k, insan\u0131n do\u011fayla, atalarla ve ruhsal d\u00fcnyayla olan ba\u011flant\u0131s\u0131n\u0131 vurgulayan derin bir inan\u00e7 sistemidir. Bu kadim bilgelik, atalar\u0131m\u0131zdan bize miras kalan rit\u00fceller ve \u00f6\u011fretilerle doludur. \u015eaman Atalar Destesi, bu kadim bilgeli\u011fi modern d\u00fcnyada ke\u015ffetmek ve anlamak isteyenler i\u00e7in tasarlanm\u0131\u015ft\u0131r.     Atalar Kartlar\u0131, ata ruhlar\u0131m\u0131z\u0131n ruhsal rehberli\u011fiyle ilgili sorular\u0131n\u0131za yan\u0131t bulman\u0131za yard\u0131mc\u0131 olur. Bu kartlar, ge\u00e7mi\u015ften g\u00fcn\u00fcm\u00fcze gelen bilgelik ve deneyimleri yans\u0131t\u0131r. Kartlarla \u00e7al\u0131\u015f\u0131rken, T\u00fcrk \u015eamanizm\u2019inin temel ta\u015flar\u0131n\u0131 \u00f6\u011frenebilir, atalar\u0131n\u0131z\u0131n bilgeli\u011finden faydalanarak hayat\u0131n\u0131za dair \u00f6nemli kararlar alabilirsiniz.     \u015eaman Atalar Destesi, do\u011fan\u0131n varolu\u015funun temel unsurlar\u0131n\u0131 ve evrenin derinliklerini ke\u015ffetmenizi sa\u011flar. Bu kartlarla, do\u011fan\u0131n g\u00fc\u00e7leri ve elementleri arac\u0131l\u0131\u011f\u0131yla gelece\u011finizle ilgili ipu\u00e7lar\u0131 bulabilir, \u015fu anki durumunuzla ilgili rehberlik alabilirsiniz. Do\u011fan\u0131n enerjileriyle uyum i\u00e7inde ya\u015famak ve varolu\u015fun s\u0131rlar\u0131n\u0131 anlamak isteyenler i\u00e7in e\u015fsiz bir rehberdir.     Atalar Kartlar\u0131 ile \u00e7al\u0131\u015fmak, T\u00fcrk \u015eamanizm\u2019inin derinliklerine inmenizi, atalar\u0131n\u0131zla ve do\u011fan\u0131n g\u00fc\u00e7leriyle ba\u011flant\u0131 kurman\u0131z\u0131 sa\u011flar. Bu kartlarla kendi ruhsal yolculu\u011funuzda rehberlik alabilir, hayat\u0131n\u0131z\u0131 kolayla\u015ft\u0131racak bilgiler edinebilirsiniz. T\u00fcrk \u015eamanizm\u2019inin kadim bilgeli\u011fiyle tan\u0131\u015fmak i\u00e7in bu kartlar\u0131 ke\u015ffedin ve ruhsal yolculu\u011funuza ba\u015flay\u0131n.     \u015eaman Atalar Kartlar\u0131 sadece ruhsal rehberlik sunmakla kalmaz, ayn\u0131 zamanda motivasyonunuzu art\u0131racak ve g\u00fcnl\u00fck hayat\u0131n\u0131zda size enerji katacak \u00f6nerilerde bulunur. Bu kartlarla her g\u00fcn \u00e7al\u0131\u015farak hem i\u00e7sel d\u00fcnyan\u0131zda hem de fiziksel ya\u015fam\u0131n\u0131zda denge ve uyum sa\u011flayabilirsiniz. Atalar\u0131n\u0131z\u0131n bilgelik dolu rehberli\u011fi, size g\u00fcnl\u00fck ya\u015fam\u0131n\u0131zdaki zorluklarla ba\u015fa \u00e7\u0131kmak i\u00e7in ilham verir ve enerjinizi y\u00fckseltir.<\/p>\n","protected":false},"excerpt":{"rendered":"<p>T\u00fcrk \u015eamanizm\u2019i ve \u015famanl\u0131k, insan\u0131n do\u011fayla, atalarla ve ruhsal d\u00fcnyayla olan ba\u011flant\u0131s\u0131n\u0131 vurgulayan derin bir inan\u00e7 sistemidir. Bu kadim bilgelik, atalar\u0131m\u0131zdan bize miras kalan rit\u00fceller ve<span class=\"excerpt-hellip\"> [\u2026]<\/span><\/p>\n","protected":false},"featured_media":0,"template":"","meta":{"_monsterinsights_skip_tracking":false,"_monsterinsights_sitenote_active":false,"_monsterinsights_sitenote_note":"","_monsterinsights_sitenote_category":0},"product_brand":[],"product_cat":[15563,24020],"product_tag":[],"class_list":{"0":"post-765307","1":"product","2":"type-product","3":"status-publish","5":"product_cat-hobi","6":"product_cat-kultur","7":"pa_cilt-ciltsiz","8":"pa_tur-kitap20","9":"pa_yayinevi-delta-kultur-yayinevi","10":"pa_yazar-irem-yur-suzer-mert-can-doruk-suzer","12":"first","13":"instock","14":"sale","15":"shipping-taxable","16":"purchasable","17":"product-type-simple"},"_links":{"self":[{"href":"https:\/\/roveyayinevi.com.tr\/index.php\/wp-json\/wp\/v2\/product\/765307","targetHints":{"allow":["GET"]}}],"collection":[{"href":"https:\/\/roveyayinevi.com.tr\/index.php\/wp-json\/wp\/v2\/product"}],"about":[{"href":"https:\/\/roveyayinevi.com.tr\/index.php\/wp-json\/wp\/v2\/types\/product"}],"wp:attachment":[{"href":"https:\/\/roveyayinevi.com.tr\/index.php\/wp-json\/wp\/v2\/media?parent=765307"}],"wp:term":[{"taxonomy":"product_brand","embeddable":true,"href":"https:\/\/roveyayinevi.com.tr\/index.php\/wp-json\/wp\/v2\/product_brand?post=765307"},{"taxonomy":"product_cat","embeddable":true,"href":"https:\/\/roveyayinevi.com.tr\/index.php\/wp-json\/wp\/v2\/product_cat?post=765307"},{"taxonomy":"product_tag","embeddable":true,"href":"https:\/\/roveyayinevi.com.tr\/index.php\/wp-json\/wp\/v2\/product_tag?post=765307"}],"curies":[{"name":"wp","href":"https:\/\/api.w.org\/{rel}","templated":true}]}}