{"id":765306,"date":"2025-08-28T11:38:51","date_gmt":"2025-08-28T08:38:51","guid":{"rendered":"https:\/\/roveyayinevi.com.tr\/index.php\/urun\/tac-mahalin-mumlari\/"},"modified":"2026-04-15T03:30:59","modified_gmt":"2026-04-15T00:30:59","slug":"tac-mahalin-mumlari","status":"publish","type":"product","link":"https:\/\/roveyayinevi.com.tr\/index.php\/urun\/tac-mahalin-mumlari\/","title":{"rendered":"Ta\u00e7 Mahal\u2019in Mumlar\u0131"},"content":{"rendered":"<p>Hik\u00e2yeler epeydir modern zamanlar\u0131 yaz\u0131yor. Oysa bizi ayakta tutan tarih bazen \u015eah Cihan\u2019\u0131n h\u00fczn\u00fcn\u00fc bazen S\u00fcleymaniye\u2019nin duvarlar\u0131n\u0131n s\u0131rr\u0131n\u0131 bazen de Tu\u011frul Bey\u2019in divan\u0131ndaki tart\u0131\u015fmay\u0131 f\u0131s\u0131ld\u0131yor kulaklar\u0131m\u0131za. Kanije Kalesi\u2019nin bur\u00e7lar\u0131ndan Macaristan topraklar\u0131n\u0131 seyretmek, Bayburt hastanesindeki yaral\u0131y\u0131 Erzurum\u2019a ta\u015f\u0131mak ya da Gazi Osman Pa\u015fa\u2019n\u0131n teslim t\u00f6renini izlemek i\u00e7in kaybolan y\u0131llar\u0131n aras\u0131na s\u0131k\u0131\u015f\u0131p kalan insan \u00f6yk\u00fclerine bakmak gerekiyor. Asl\u0131nda tarih, insana dair t\u00fcm \u00f6yk\u00fclerini anlatmak istiyor. Hi\u00e7bir h\u00e2lini gizlemeden, saklamadan, sak\u0131nmadan. Bize d\u00fc\u015fense onun t\u00fcm canl\u0131l\u0131\u011f\u0131na tan\u0131kl\u0131k etmek. \u015eimdi tarih yeniden canlan\u0131yor ve kendi \u00f6yk\u00fcleriyle bizi ba\u015f ba\u015fa b\u0131rak\u0131yor. Tarihin \u00f6yk\u00fcleri bizimle beraber var olduk\u00e7a y\u00fcre\u011fimizi kanatmaya devam edecek. F\u0131s\u0131lt\u0131ya kulak verin. Tac Mahal\u2019in Mumlar\u0131 sizi kalbinizden vurmaya haz\u0131rlan\u0131yor.<\/p>\n","protected":false},"excerpt":{"rendered":"<p>Hik\u00e2yeler epeydir modern zamanlar\u0131 yaz\u0131yor. Oysa bizi ayakta tutan tarih bazen \u015eah Cihan\u2019\u0131n h\u00fczn\u00fcn\u00fc bazen S\u00fcleymaniye\u2019nin duvarlar\u0131n\u0131n s\u0131rr\u0131n\u0131 bazen de Tu\u011frul Bey\u2019in divan\u0131ndaki tart\u0131\u015fmay\u0131 f\u0131s\u0131ld\u0131yor kulaklar\u0131m\u0131za.<span class=\"excerpt-hellip\"> [\u2026]<\/span><\/p>\n","protected":false},"featured_media":0,"template":"","meta":{"_monsterinsights_skip_tracking":false,"_monsterinsights_sitenote_active":false,"_monsterinsights_sitenote_note":"","_monsterinsights_sitenote_category":0},"product_brand":[],"product_cat":[12291,12745],"product_tag":[],"class_list":{"0":"post-765306","1":"product","2":"type-product","3":"status-publish","5":"product_cat-edebiyat","6":"product_cat-tarihi-roman","7":"pa_cilt-ciltsiz","8":"pa_tur-kitap","9":"pa_yayinevi-yeditepe-yayinevi","10":"pa_yazar-tufan-gunduz","12":"first","13":"instock","14":"sale","15":"shipping-taxable","16":"purchasable","17":"product-type-simple"},"_links":{"self":[{"href":"https:\/\/roveyayinevi.com.tr\/index.php\/wp-json\/wp\/v2\/product\/765306","targetHints":{"allow":["GET"]}}],"collection":[{"href":"https:\/\/roveyayinevi.com.tr\/index.php\/wp-json\/wp\/v2\/product"}],"about":[{"href":"https:\/\/roveyayinevi.com.tr\/index.php\/wp-json\/wp\/v2\/types\/product"}],"wp:attachment":[{"href":"https:\/\/roveyayinevi.com.tr\/index.php\/wp-json\/wp\/v2\/media?parent=765306"}],"wp:term":[{"taxonomy":"product_brand","embeddable":true,"href":"https:\/\/roveyayinevi.com.tr\/index.php\/wp-json\/wp\/v2\/product_brand?post=765306"},{"taxonomy":"product_cat","embeddable":true,"href":"https:\/\/roveyayinevi.com.tr\/index.php\/wp-json\/wp\/v2\/product_cat?post=765306"},{"taxonomy":"product_tag","embeddable":true,"href":"https:\/\/roveyayinevi.com.tr\/index.php\/wp-json\/wp\/v2\/product_tag?post=765306"}],"curies":[{"name":"wp","href":"https:\/\/api.w.org\/{rel}","templated":true}]}}