{"id":765304,"date":"2025-08-28T11:38:48","date_gmt":"2025-08-28T08:38:48","guid":{"rendered":"https:\/\/roveyayinevi.com.tr\/index.php\/urun\/kisa-yunanistan-tarihi-2\/"},"modified":"2026-04-15T03:30:59","modified_gmt":"2026-04-15T00:30:59","slug":"kisa-yunanistan-tarihi-2","status":"publish","type":"product","link":"https:\/\/roveyayinevi.com.tr\/index.php\/urun\/kisa-yunanistan-tarihi-2\/","title":{"rendered":"K\u0131sa Yunanistan Tarihi"},"content":{"rendered":"<p>T\u00fcrkiye\u2019nin s\u0131n\u0131r kom\u015fusu olan ve kuruldu\u011fu andan itibaren ili\u015fkilerinin ivmelerle devam etti\u011fi Yunanistan\u2019\u0131n, 1821\u2019den g\u00fcn\u00fcm\u00fcze kadar s\u00fcregelen tarihsel ser\u00fcvenini konu alan bu kitap, okuyucusunu Ege\u2019nin \u00f6te yakas\u0131ndaki kom\u015fusunu yak\u0131ndan tan\u0131maya davet ediyor. Yunanistan\u2019\u0131n d\u0131\u015f politikas\u0131nda \u00f6nemli bir dinamik olan i\u00e7 geli\u015fmelerin, ba\u015fta Yunanca olmak \u00fczere pek \u00e7ok yerli ve yabanc\u0131 kaynak \u00fczerinden ara\u015ft\u0131r\u0131l\u0131p yaz\u0131ld\u0131\u011f\u0131  \u2018K\u0131sa Yunanistan Tarihi\u2019, 19. y\u00fczy\u0131ldan 21. y\u00fczy\u0131la bu \u00fclkenin tarihine \u0131\u015f\u0131k tutuyor.  19. y\u00fczy\u0131l\u0131n ilk \u00e7eyre\u011finden ba\u015flayarak Yunan i\u00e7 politikas\u0131ndaki d\u00f6nemleri monar\u015fi, cumhuriyet ve demokrasi kavramlar\u0131 \u00e7er\u00e7evesinde inceleyen Ta\u011fmat, ayr\u0131ca Yunan ekonomisi, siyaseti ve hatta siyasi aile gelene\u011fine kadar pek \u00e7ok olguyu titizlikle irdeliyor. Modern Yunanistan tarihi ilk kez T\u00fcrk bir yazar taraf\u0131ndan kaynak dili kullan\u0131larak haz\u0131rland\u0131 ve \u015fimdi merakl\u0131lar\u0131yla bulu\u015fuyor\u2026 <\/p>\n","protected":false},"excerpt":{"rendered":"<p>T\u00fcrkiye\u2019nin s\u0131n\u0131r kom\u015fusu olan ve kuruldu\u011fu andan itibaren ili\u015fkilerinin ivmelerle devam etti\u011fi Yunanistan\u2019\u0131n, 1821\u2019den g\u00fcn\u00fcm\u00fcze kadar s\u00fcregelen tarihsel ser\u00fcvenini konu alan bu kitap, okuyucusunu Ege\u2019nin \u00f6te<span class=\"excerpt-hellip\"> [\u2026]<\/span><\/p>\n","protected":false},"featured_media":0,"template":"","meta":{"_monsterinsights_skip_tracking":false,"_monsterinsights_sitenote_active":false,"_monsterinsights_sitenote_note":"","_monsterinsights_sitenote_category":0},"product_brand":[],"product_cat":[12370,12304],"product_tag":[],"class_list":{"0":"post-765304","1":"product","2":"type-product","3":"status-publish","5":"product_cat-arastirma-inceleme","6":"product_cat-tarih","7":"pa_cilt-ciltsiz","8":"pa_tur-kitap","9":"pa_yayinevi-yeditepe-yayinevi","10":"pa_yazar-cagla-derya-tagmat","12":"first","13":"instock","14":"sale","15":"shipping-taxable","16":"purchasable","17":"product-type-simple"},"_links":{"self":[{"href":"https:\/\/roveyayinevi.com.tr\/index.php\/wp-json\/wp\/v2\/product\/765304","targetHints":{"allow":["GET"]}}],"collection":[{"href":"https:\/\/roveyayinevi.com.tr\/index.php\/wp-json\/wp\/v2\/product"}],"about":[{"href":"https:\/\/roveyayinevi.com.tr\/index.php\/wp-json\/wp\/v2\/types\/product"}],"wp:attachment":[{"href":"https:\/\/roveyayinevi.com.tr\/index.php\/wp-json\/wp\/v2\/media?parent=765304"}],"wp:term":[{"taxonomy":"product_brand","embeddable":true,"href":"https:\/\/roveyayinevi.com.tr\/index.php\/wp-json\/wp\/v2\/product_brand?post=765304"},{"taxonomy":"product_cat","embeddable":true,"href":"https:\/\/roveyayinevi.com.tr\/index.php\/wp-json\/wp\/v2\/product_cat?post=765304"},{"taxonomy":"product_tag","embeddable":true,"href":"https:\/\/roveyayinevi.com.tr\/index.php\/wp-json\/wp\/v2\/product_tag?post=765304"}],"curies":[{"name":"wp","href":"https:\/\/api.w.org\/{rel}","templated":true}]}}