{"id":765303,"date":"2025-08-28T11:38:47","date_gmt":"2025-08-28T08:38:47","guid":{"rendered":"https:\/\/roveyayinevi.com.tr\/index.php\/urun\/kitabul-cografya\/"},"modified":"2026-04-15T03:30:59","modified_gmt":"2026-04-15T00:30:59","slug":"kitabul-cografya","status":"publish","type":"product","link":"https:\/\/roveyayinevi.com.tr\/index.php\/urun\/kitabul-cografya\/","title":{"rendered":"Kitab\u00fc\u2019l Co\u011frafya"},"content":{"rendered":"<p>\u0130bn Said el-Ma\u011fribi 13. y\u00fczy\u0131lda ya\u015fam\u0131\u015f olan edip, \u015fair, tarih\u00e7i ve co\u011frafyac\u0131 bir alimdir. Yirmi sekizli ya\u015flar\u0131nda babas\u0131 ile birlikte \u00e7\u0131kt\u0131\u011f\u0131 hac yolculu\u011fu onun ilk seyahati olmu\u015ftur. Tunus, Kahire ve Halep\u2019te uzun y\u0131llar kalarak ilm\u00ee faaliyetlerine devam etmi\u015ftir. On d\u00f6rt y\u0131l sonra ise ikinci seyahatine \u00e7\u0131karak Do\u011fu \u0130slam d\u00fcnyas\u0131n\u0131 g\u00f6rm\u00fc\u015ft\u00fcr. Anadolu ve \u0130ran b\u00f6lgelerinin \u00f6nemli ilim merkezlerini gezdikten sonra 1276\u2019da Tunus\u2019a geri d\u00f6nm\u00fc\u015ft\u00fcr. On y\u0131l sonra bu topraklarda vefat etmi\u015ftir.   Kitabu\u2019l-Co\u011frafya adl\u0131 eseri 13. y\u00fczy\u0131l\u0131n en \u00f6nemli ve zengin i\u00e7erikli co\u011frafya kitaplar\u0131ndan biridir. Yery\u00fcz\u00fcn\u00fc a\u00e7\u0131klarken ba\u015fvurdu\u011fu enlem ve boylam bilgileri bu d\u00f6nemin en g\u00fcncel verilerini i\u00e7ermektedir. Takip etti\u011fi gelene\u011fe uygun olarak meskun d\u00fcnyay\u0131 Ekvator\u2019a paralel \u015fekilde yedi iklim ve iki b\u00f6lge olarak taksim etmi\u015ftir. Her bir iklim ise bat\u0131dan do\u011fuya do\u011fru ilerleyerek on k\u0131s\u0131mdan olu\u015fmaktad\u0131r. Ayr\u0131ca kitab\u0131nda yer verdi\u011fi \u015fehirlerin \u00f6zelliklerine dair faydal\u0131 bilgiler kar\u015f\u0131m\u0131za \u00e7\u0131kmaktad\u0131r.   Elinizde bulunan bu kitab\u0131n ikinci k\u0131sm\u0131nda ise \u0130bn Fazlullah el-\u00d6meri\u2019nin 14. y\u00fczy\u0131lda telif etti\u011fi Mesalik el-Ebsar adl\u0131 eserinin Anadolu beylikleri hakk\u0131ndaki b\u00f6l\u00fcm\u00fcn\u00fcn terc\u00fcmesi yer almaktad\u0131r. Germiyan, Denizli, Tavas, Kastamonu, Bursa, Bergama, Antalya gibi beldelerde hakimiyet s\u00fcren beyliklere dair yer alan tarih\u00ee ve co\u011frafi bilgiler, Anadolu beylikler d\u00f6nemine \u0131\u015f\u0131k tutmaktad\u0131r. <\/p>\n","protected":false},"excerpt":{"rendered":"<p>\u0130bn Said el-Ma\u011fribi 13. y\u00fczy\u0131lda ya\u015fam\u0131\u015f olan edip, \u015fair, tarih\u00e7i ve co\u011frafyac\u0131 bir alimdir. Yirmi sekizli ya\u015flar\u0131nda babas\u0131 ile birlikte \u00e7\u0131kt\u0131\u011f\u0131 hac yolculu\u011fu onun ilk seyahati<span class=\"excerpt-hellip\"> [\u2026]<\/span><\/p>\n","protected":false},"featured_media":0,"template":"","meta":{"_monsterinsights_skip_tracking":false,"_monsterinsights_sitenote_active":false,"_monsterinsights_sitenote_note":"","_monsterinsights_sitenote_category":0},"product_brand":[],"product_cat":[74169],"product_tag":[],"class_list":{"0":"post-765303","1":"product","2":"type-product","3":"status-publish","5":"product_cat-cografya","6":"pa_cilt-ciltsiz","7":"pa_tur-kitap","8":"pa_yayinevi-yeditepe-yayinevi","9":"pa_yazar-ibn-said-el-magribi","11":"first","12":"instock","13":"sale","14":"shipping-taxable","15":"purchasable","16":"product-type-simple"},"_links":{"self":[{"href":"https:\/\/roveyayinevi.com.tr\/index.php\/wp-json\/wp\/v2\/product\/765303","targetHints":{"allow":["GET"]}}],"collection":[{"href":"https:\/\/roveyayinevi.com.tr\/index.php\/wp-json\/wp\/v2\/product"}],"about":[{"href":"https:\/\/roveyayinevi.com.tr\/index.php\/wp-json\/wp\/v2\/types\/product"}],"wp:attachment":[{"href":"https:\/\/roveyayinevi.com.tr\/index.php\/wp-json\/wp\/v2\/media?parent=765303"}],"wp:term":[{"taxonomy":"product_brand","embeddable":true,"href":"https:\/\/roveyayinevi.com.tr\/index.php\/wp-json\/wp\/v2\/product_brand?post=765303"},{"taxonomy":"product_cat","embeddable":true,"href":"https:\/\/roveyayinevi.com.tr\/index.php\/wp-json\/wp\/v2\/product_cat?post=765303"},{"taxonomy":"product_tag","embeddable":true,"href":"https:\/\/roveyayinevi.com.tr\/index.php\/wp-json\/wp\/v2\/product_tag?post=765303"}],"curies":[{"name":"wp","href":"https:\/\/api.w.org\/{rel}","templated":true}]}}