{"id":765302,"date":"2025-08-28T11:38:46","date_gmt":"2025-08-28T08:38:46","guid":{"rendered":"https:\/\/roveyayinevi.com.tr\/index.php\/urun\/ermeni-tarihi\/"},"modified":"2026-04-15T03:30:59","modified_gmt":"2026-04-15T00:30:59","slug":"ermeni-tarihi","status":"publish","type":"product","link":"https:\/\/roveyayinevi.com.tr\/index.php\/urun\/ermeni-tarihi\/","title":{"rendered":"Ermeni Tarihi"},"content":{"rendered":"<p>R\u0131za Nur Ermeni Tarihi isimli bu eseri M\u0131s\u0131r&#8217;da s\u00fcrg\u00fcnde iken yazmaya ba\u015flam\u0131\u015fsa da -eserinde Lozan ve Cumhuriyet devrimlerine yapt\u0131\u011f\u0131 at\u0131flar dikkate al\u0131nd\u0131\u011f\u0131nda- muhtemelen 1925-26 y\u0131l\u0131nda tamamlam\u0131\u015ft\u0131r. Arap harfli Osmanl\u0131 T\u00fcrk\u00e7esiyle yaz\u0131lan bu eser, bug\u00fcne kadar yazma olarak kalm\u0131\u015f ve bu nedenle ara\u015ft\u0131rmac\u0131lar taraf\u0131ndan yeterince istifade edilememi\u015ftir. S\u00f6z konusu eser, belirli bir tarihte Almanya&#8217;ya intikal etmi\u015f olup orijinali h\u00e2l\u00e2 Almanya&#8217;da muhafaza edilmektedir. T\u00fcrkiye&#8217;deki ilk yay\u0131n\u0131 elinizdeki ne\u015firdir. Ermeni Tarihi eseri, b\u00fcy\u00fck \u00f6l\u00e7\u00fcde eski \u00e7al\u0131\u015fmalara ve kaynaklara dayanmaktad\u0131r. Bu nedenle, yeni ara\u015ft\u0131rmalarla yanl\u0131\u015fl\u0131\u011f\u0131 ortaya konulan baz\u0131 bilgilerin tekrar edildi\u011fi g\u00f6r\u00fclmektedir. R\u0131za Nur&#8217;un \u015fahsi yorumlar\u0131n\u0131n bir k\u0131sm\u0131na kat\u0131lmak m\u00fcmk\u00fcn de\u011fildir; yazar, baz\u0131 b\u00f6l\u00fcmlerde Ermenilerle ilgili sert genellemelerde bulunmu\u015f ve a\u011f\u0131r ele\u015ftiriler yapm\u0131\u015ft\u0131r. Ermeni tehciri konusunda da zaman zaman genellemelere giderek a\u015f\u0131r\u0131 ithamlar kaleme alm\u0131\u015ft\u0131r. Bu ne\u015firde, yazar\u0131n a\u015f\u0131r\u0131 genellemeleri d\u00fczeltilmemi\u015f veya \u015ferh edilmemi\u015f, okuyucuya R\u0131za Nur&#8217;un ele ald\u0131\u011f\u0131 konularla ilgili g\u00f6r\u00fc\u015f ve yakla\u015f\u0131mlar oldu\u011fu gibi aktar\u0131lm\u0131\u015ft\u0131r. <\/p>\n","protected":false},"excerpt":{"rendered":"<p>R\u0131za Nur Ermeni Tarihi isimli bu eseri M\u0131s\u0131r&#8217;da s\u00fcrg\u00fcnde iken yazmaya ba\u015flam\u0131\u015fsa da -eserinde Lozan ve Cumhuriyet devrimlerine yapt\u0131\u011f\u0131 at\u0131flar dikkate al\u0131nd\u0131\u011f\u0131nda- muhtemelen 1925-26 y\u0131l\u0131nda tamamlam\u0131\u015ft\u0131r.<span class=\"excerpt-hellip\"> [\u2026]<\/span><\/p>\n","protected":false},"featured_media":0,"template":"","meta":{"_monsterinsights_skip_tracking":false,"_monsterinsights_sitenote_active":false,"_monsterinsights_sitenote_note":"","_monsterinsights_sitenote_category":0},"product_brand":[],"product_cat":[12370,12304],"product_tag":[],"class_list":{"0":"post-765302","1":"product","2":"type-product","3":"status-publish","5":"product_cat-arastirma-inceleme","6":"product_cat-tarih","7":"pa_cilt-ciltsiz","8":"pa_tur-kitap","9":"pa_yayinevi-yeditepe-yayinevi","10":"pa_yazar-riza-nur","12":"first","13":"instock","14":"sale","15":"shipping-taxable","16":"purchasable","17":"product-type-simple"},"_links":{"self":[{"href":"https:\/\/roveyayinevi.com.tr\/index.php\/wp-json\/wp\/v2\/product\/765302","targetHints":{"allow":["GET"]}}],"collection":[{"href":"https:\/\/roveyayinevi.com.tr\/index.php\/wp-json\/wp\/v2\/product"}],"about":[{"href":"https:\/\/roveyayinevi.com.tr\/index.php\/wp-json\/wp\/v2\/types\/product"}],"wp:attachment":[{"href":"https:\/\/roveyayinevi.com.tr\/index.php\/wp-json\/wp\/v2\/media?parent=765302"}],"wp:term":[{"taxonomy":"product_brand","embeddable":true,"href":"https:\/\/roveyayinevi.com.tr\/index.php\/wp-json\/wp\/v2\/product_brand?post=765302"},{"taxonomy":"product_cat","embeddable":true,"href":"https:\/\/roveyayinevi.com.tr\/index.php\/wp-json\/wp\/v2\/product_cat?post=765302"},{"taxonomy":"product_tag","embeddable":true,"href":"https:\/\/roveyayinevi.com.tr\/index.php\/wp-json\/wp\/v2\/product_tag?post=765302"}],"curies":[{"name":"wp","href":"https:\/\/api.w.org\/{rel}","templated":true}]}}