{"id":765300,"date":"2025-08-28T11:38:42","date_gmt":"2025-08-28T08:38:42","guid":{"rendered":"https:\/\/roveyayinevi.com.tr\/index.php\/urun\/vergi-sistemini-anlama-kilavuzu\/"},"modified":"2025-10-20T10:30:41","modified_gmt":"2025-10-20T07:30:41","slug":"vergi-sistemini-anlama-kilavuzu","status":"publish","type":"product","link":"https:\/\/roveyayinevi.com.tr\/index.php\/urun\/vergi-sistemini-anlama-kilavuzu\/","title":{"rendered":"Vergi Sistemini Anlama K\u0131lavuzu"},"content":{"rendered":"<p>\u201cVergi alan\u0131nda tarihte iz b\u0131rakm\u0131\u015f bir milletiz. Nitekim, \u2018Paray\u0131 Lidyal\u0131lar, vergiyi S\u00fcmerler, verginin vergisini de T\u00fcrkler bulmu\u015ftur.\u2019 Hatta bir a\u015fama daha ileri gidip, verginin vergisinin vergisi al\u0131n\u0131r oldu. Vergi literat\u00fcr\u00fcnde bu onur da bize yeter.   Fark\u0131nda olsun veya olmas\u0131n, sade bir vatanda\u015f her g\u00fcn ortalama 20 farkl\u0131 vergi ile muhatap olmaktad\u0131r. Bir paket sigaran\u0131n %82\u2019sinin, bir \u015fi\u015fe rak\u0131n\u0131n %63,5\u2019inin, bir \u015fi\u015fe biran\u0131n %50\u2019sinin, bir litre benzinin %41\u2019inin, bir cep telefonunun %51\u2019inin vergiden olu\u015ftu\u011fu bir \u00fclkede ya\u015f\u0131yoruz. Yoksulluk s\u0131n\u0131r\u0131 kadar \u00fccret alan bir \u00e7al\u0131\u015fan\u0131n br\u00fct maa\u015f\u0131n\u0131n %35\u2019i vergi ve sosyal g\u00fcvenlik primi olarak daha maa\u015f\u0131 eline ge\u00e7meden kaynakta kesiliyor.    Bu kitab\u0131 okurken, ad\u0131n\u0131 daha \u00f6nce hi\u00e7 duymad\u0131\u011f\u0131n\u0131z pek \u00e7ok ad alt\u0131nda vergi ve vergi benzeri \u00f6demede bulundu\u011funuzu g\u00f6receksiniz. Bazen \u015fa\u015f\u0131racak, bazen k\u0131zacaks\u0131n\u0131z. Ama en \u00f6nemlisi, bu kitab\u0131 okuduktan sonra \u00f6dedi\u011finiz vergileri sorgulamaya ve nas\u0131l kullan\u0131ld\u0131\u011f\u0131n\u0131n hesab\u0131n\u0131 sormaya ba\u015flayacaks\u0131n\u0131z. \u0130\u015fte bu da ger\u00e7ek demokrasiye ula\u015fabilmemizin \u00f6n\u00fcndeki en b\u00fcy\u00fck engelin kalkmas\u0131 demektir.   Demokrasi k\u00fclt\u00fcr\u00fcn\u00fcn olu\u015fumunda vergi fark\u0131ndal\u0131\u011f\u0131 \u00f6nemli bir yere sahiptir. Bir \u00fclkede vergi bilinci ne kadar y\u00fcksek olursa hak arama bilinci de o kadar y\u00fcksek olur. Vergi bilincinin olu\u015fumu, vergi sisteminin anla\u015f\u0131lmas\u0131 ve anlamland\u0131r\u0131lmas\u0131 ile m\u00fcmk\u00fcnd\u00fcr. Bu kapsamda, kimlerin, neye, ne kadar vergi \u00f6dedi\u011fi ile kimlerin vergi \u00f6demedi\u011fi konular\u0131 birlikte \u00f6nem kazan\u0131r. Bu nedenle neye, ne kadar \u00f6dedi\u011fini bilmeyenler, bu paralar\u0131n nereye harcand\u0131\u011f\u0131n\u0131 sormaz, sorgulayamazlar.   Bu kitap, toplumda vergi fark\u0131ndal\u0131\u011f\u0131n\u0131n, vergi bilincinin ve nihai tahlilde sorgulayan ve hesap soran demokratik yurtta\u015fl\u0131\u011f\u0131n yayg\u0131nla\u015fmas\u0131 i\u00e7in yaz\u0131lm\u0131\u015ft\u0131r\u2026\u201d <\/p>\n","protected":false},"excerpt":{"rendered":"<p>\u201cVergi alan\u0131nda tarihte iz b\u0131rakm\u0131\u015f bir milletiz. Nitekim, \u2018Paray\u0131 Lidyal\u0131lar, vergiyi S\u00fcmerler, verginin vergisini de T\u00fcrkler bulmu\u015ftur.\u2019 Hatta bir a\u015fama daha ileri gidip, verginin vergisinin vergisi<span class=\"excerpt-hellip\"> [\u2026]<\/span><\/p>\n","protected":false},"featured_media":0,"template":"","meta":{"_monsterinsights_skip_tracking":false,"_monsterinsights_sitenote_active":false,"_monsterinsights_sitenote_note":"","_monsterinsights_sitenote_category":0},"product_brand":[],"product_cat":[12337],"product_tag":[],"class_list":{"0":"post-765300","1":"product","2":"type-product","3":"status-publish","5":"product_cat-politika-siyaset","6":"pa_cilt-ciltsiz","7":"pa_tur-kitap","8":"pa_yayinevi-sia-kitap","9":"pa_yazar-ozan-bingol","11":"first","12":"instock","13":"sale","14":"shipping-taxable","15":"purchasable","16":"product-type-simple"},"_links":{"self":[{"href":"https:\/\/roveyayinevi.com.tr\/index.php\/wp-json\/wp\/v2\/product\/765300","targetHints":{"allow":["GET"]}}],"collection":[{"href":"https:\/\/roveyayinevi.com.tr\/index.php\/wp-json\/wp\/v2\/product"}],"about":[{"href":"https:\/\/roveyayinevi.com.tr\/index.php\/wp-json\/wp\/v2\/types\/product"}],"wp:attachment":[{"href":"https:\/\/roveyayinevi.com.tr\/index.php\/wp-json\/wp\/v2\/media?parent=765300"}],"wp:term":[{"taxonomy":"product_brand","embeddable":true,"href":"https:\/\/roveyayinevi.com.tr\/index.php\/wp-json\/wp\/v2\/product_brand?post=765300"},{"taxonomy":"product_cat","embeddable":true,"href":"https:\/\/roveyayinevi.com.tr\/index.php\/wp-json\/wp\/v2\/product_cat?post=765300"},{"taxonomy":"product_tag","embeddable":true,"href":"https:\/\/roveyayinevi.com.tr\/index.php\/wp-json\/wp\/v2\/product_tag?post=765300"}],"curies":[{"name":"wp","href":"https:\/\/api.w.org\/{rel}","templated":true}]}}