{"id":765299,"date":"2025-08-28T11:38:40","date_gmt":"2025-08-28T08:38:40","guid":{"rendered":"https:\/\/roveyayinevi.com.tr\/index.php\/urun\/ikinci-el-kimono-dukkani\/"},"modified":"2026-04-15T03:30:59","modified_gmt":"2026-04-15T00:30:59","slug":"ikinci-el-kimono-dukkani","status":"publish","type":"product","link":"https:\/\/roveyayinevi.com.tr\/index.php\/urun\/ikinci-el-kimono-dukkani\/","title":{"rendered":"\u0130kinci El Kimono D\u00fckkan\u0131"},"content":{"rendered":"<p>\u0130kinci el bir giyim ma\u011fazas\u0131n\u0131n sessiz ortam\u0131&#8230;   Eski kuma\u015f ve ah\u015fap kokusu, yerde geleneksel bir minder&#8230; Her \u015fey s\u0131radan g\u00f6r\u00fcnse de tek bir \u00e7ekmecenin a\u00e7\u0131lmas\u0131yla hissedilen huzur bozulur&#8230;   Kendini yaln\u0131zca b\u00fcy\u00fckannesinin ikinci el kimono d\u00fckk\u00e2n\u0131nda evinde hisseden lise \u00f6\u011frencisi Suzu\u2019nun sakin ve huzurlu hayat\u0131, d\u00fckk\u00e2nda duydu\u011fu durmak bilmez zil sesiyle yerini gizemli bir yolculu\u011fa b\u0131rak\u0131r&#8230;   Suzu, daha \u00f6nce d\u00fckk\u00e2nda hi\u00e7 g\u00f6rmedi\u011fi eski bir tilki maskesini takt\u0131\u011f\u0131nda kendini bamba\u015fka bir d\u00fcnyada bulur. Tedavisi olmayan bir hastal\u0131ktan dolay\u0131 say\u0131l\u0131 g\u00fcnleri kalan b\u00fcy\u00fckannesini sa\u011fl\u0131\u011f\u0131na kavu\u015fturmak ve kendisiyle ilgili ger\u00e7ekleri \u00f6\u011frenmek i\u00e7in bu d\u00fcnyada bir aray\u0131\u015fa \u00e7\u0131kan Suzu, hem zamanla yar\u0131\u015fmak hem de bu gizemli d\u00fcnyay\u0131 ke\u015ffetmek zorundad\u0131r&#8230; <\/p>\n","protected":false},"excerpt":{"rendered":"<p>\u0130kinci el bir giyim ma\u011fazas\u0131n\u0131n sessiz ortam\u0131&#8230; Eski kuma\u015f ve ah\u015fap kokusu, yerde geleneksel bir minder&#8230; Her \u015fey s\u0131radan g\u00f6r\u00fcnse de tek bir \u00e7ekmecenin a\u00e7\u0131lmas\u0131yla hissedilen<span class=\"excerpt-hellip\"> [\u2026]<\/span><\/p>\n","protected":false},"featured_media":0,"template":"","meta":{"_monsterinsights_skip_tracking":false,"_monsterinsights_sitenote_active":false,"_monsterinsights_sitenote_note":"","_monsterinsights_sitenote_category":0},"product_brand":[],"product_cat":[12416,12291],"product_tag":[],"class_list":{"0":"post-765299","1":"product","2":"type-product","3":"status-publish","5":"product_cat-cizgi-roman","6":"product_cat-edebiyat","7":"pa_cilt-ciltsiz","8":"pa_tur-kitap","9":"pa_yayinevi-athica-yayinlari","10":"pa_yazar-kata-rina","12":"first","13":"instock","14":"sale","15":"shipping-taxable","16":"purchasable","17":"product-type-simple"},"_links":{"self":[{"href":"https:\/\/roveyayinevi.com.tr\/index.php\/wp-json\/wp\/v2\/product\/765299","targetHints":{"allow":["GET"]}}],"collection":[{"href":"https:\/\/roveyayinevi.com.tr\/index.php\/wp-json\/wp\/v2\/product"}],"about":[{"href":"https:\/\/roveyayinevi.com.tr\/index.php\/wp-json\/wp\/v2\/types\/product"}],"wp:attachment":[{"href":"https:\/\/roveyayinevi.com.tr\/index.php\/wp-json\/wp\/v2\/media?parent=765299"}],"wp:term":[{"taxonomy":"product_brand","embeddable":true,"href":"https:\/\/roveyayinevi.com.tr\/index.php\/wp-json\/wp\/v2\/product_brand?post=765299"},{"taxonomy":"product_cat","embeddable":true,"href":"https:\/\/roveyayinevi.com.tr\/index.php\/wp-json\/wp\/v2\/product_cat?post=765299"},{"taxonomy":"product_tag","embeddable":true,"href":"https:\/\/roveyayinevi.com.tr\/index.php\/wp-json\/wp\/v2\/product_tag?post=765299"}],"curies":[{"name":"wp","href":"https:\/\/api.w.org\/{rel}","templated":true}]}}