{"id":765296,"date":"2025-08-28T11:38:34","date_gmt":"2025-08-28T08:38:34","guid":{"rendered":"https:\/\/roveyayinevi.com.tr\/index.php\/urun\/at-su-adimi\/"},"modified":"2026-04-15T03:30:59","modified_gmt":"2026-04-15T00:30:59","slug":"at-su-adimi","status":"publish","type":"product","link":"https:\/\/roveyayinevi.com.tr\/index.php\/urun\/at-su-adimi\/","title":{"rendered":"At \u015eu Ad\u0131m\u0131"},"content":{"rendered":"<p>T\u00fcketimin artt\u0131\u011f\u0131, insanlar\u0131n mutsuzla\u015ft\u0131\u011f\u0131, umutlar\u0131n t\u00fckendi\u011fi bir y\u00fczy\u0131lday\u0131z sanki. Uyand\u0131\u011f\u0131m\u0131z her yeni g\u00fcn, k\u00f6t\u00fc \u015feylerin ola\u011fanla\u015ft\u0131\u011f\u0131 bir \u00f6nceki g\u00fcn\u00fcn ayn\u0131s\u0131 gibi. \u00dcstelik her \u015feyden \u015fik\u00e2yet ediyoruz ve \u0131srarla o sorunlar\u0131 \u00e7\u00f6zmek i\u00e7in bir ad\u0131m atm\u0131yoruz. Bazen de kendimizi denizdeki en k\u00fc\u00e7\u00fck kum tanesi gibi hissediyoruz. Yerimizde say\u0131yor ve yarat\u0131lan g\u00fcndemlerde bo\u011fulup o karanl\u0131kta iyice kayboluyoruz.   Ahmet \u015eerif \u0130zg\u00f6ren\u2019in s\u00f6yledi\u011fi gibi asl\u0131nda t\u00fcm konu mesafeyle ilgili. \u201cGer\u00e7ekleriniz ve hayalleriniz\u2026 \u0130kisi aras\u0131ndaki mesafe a\u00e7\u0131ld\u0131k\u00e7a \u00fczg\u00fcn, tatminsiz ve mutsuz bir hayat ya\u015fars\u0131n\u0131z. \u0130kisi ne kadar yak\u0131nsa o kadar mutluluk vard\u0131r hayat\u0131n\u0131zda. Ayn\u0131 mesafe gelir ve gider i\u00e7in de ge\u00e7erli. Ne kadar a\u00e7arsan\u0131z aray\u0131 o kadar zorluk ba\u015flar ya\u015fam\u0131n\u0131zda. \u00dcretim ve t\u00fcketim&#8230; T\u00fckettikleriniz \u00fcrettiklerinizden fazlaysa, dengeli ve hayata de\u011fer katan tarafta de\u011filseniz e\u011fer her anlamda kendiniz de t\u00fckenmeye ba\u015flars\u0131n\u0131z.\u201d   At \u015eu Ad\u0131m\u0131, hayal etti\u011fimiz gibi ya\u015faman\u0131n, ki\u015fisel hedeflere ula\u015fman\u0131n, kararl\u0131l\u0131kla hareket etmenin ve di\u011fer kum taneleriyle bir olup okyanus yaratman\u0131n \u00e7ok basit form\u00fcl\u00fcn\u00fc anlat\u0131yor. At\u0131n ad\u0131m\u0131n\u0131z\u0131 ve ne i\u015f yap\u0131yorsan\u0131z onu sevgiyle, t\u00fcm bilginizi ve eme\u011finizi koyarak, iyi bir planlamayla yap\u0131n. <\/p>\n","protected":false},"excerpt":{"rendered":"<p>T\u00fcketimin artt\u0131\u011f\u0131, insanlar\u0131n mutsuzla\u015ft\u0131\u011f\u0131, umutlar\u0131n t\u00fckendi\u011fi bir y\u00fczy\u0131lday\u0131z sanki. Uyand\u0131\u011f\u0131m\u0131z her yeni g\u00fcn, k\u00f6t\u00fc \u015feylerin ola\u011fanla\u015ft\u0131\u011f\u0131 bir \u00f6nceki g\u00fcn\u00fcn ayn\u0131s\u0131 gibi. \u00dcstelik her \u015feyden \u015fik\u00e2yet ediyoruz<span class=\"excerpt-hellip\"> [\u2026]<\/span><\/p>\n","protected":false},"featured_media":0,"template":"","meta":{"_monsterinsights_skip_tracking":false,"_monsterinsights_sitenote_active":false,"_monsterinsights_sitenote_note":"","_monsterinsights_sitenote_category":0},"product_brand":[],"product_cat":[12364,12376],"product_tag":[],"class_list":{"0":"post-765296","1":"product","2":"type-product","3":"status-publish","5":"product_cat-genel-konular","6":"product_cat-kisisel-gelisim","7":"pa_cilt-ciltsiz","8":"pa_tur-kitap","9":"pa_yayinevi-elma-yayinevi","10":"pa_yazar-ahmet-serif-izgoren","12":"first","13":"instock","14":"sale","15":"shipping-taxable","16":"purchasable","17":"product-type-simple"},"_links":{"self":[{"href":"https:\/\/roveyayinevi.com.tr\/index.php\/wp-json\/wp\/v2\/product\/765296","targetHints":{"allow":["GET"]}}],"collection":[{"href":"https:\/\/roveyayinevi.com.tr\/index.php\/wp-json\/wp\/v2\/product"}],"about":[{"href":"https:\/\/roveyayinevi.com.tr\/index.php\/wp-json\/wp\/v2\/types\/product"}],"wp:attachment":[{"href":"https:\/\/roveyayinevi.com.tr\/index.php\/wp-json\/wp\/v2\/media?parent=765296"}],"wp:term":[{"taxonomy":"product_brand","embeddable":true,"href":"https:\/\/roveyayinevi.com.tr\/index.php\/wp-json\/wp\/v2\/product_brand?post=765296"},{"taxonomy":"product_cat","embeddable":true,"href":"https:\/\/roveyayinevi.com.tr\/index.php\/wp-json\/wp\/v2\/product_cat?post=765296"},{"taxonomy":"product_tag","embeddable":true,"href":"https:\/\/roveyayinevi.com.tr\/index.php\/wp-json\/wp\/v2\/product_tag?post=765296"}],"curies":[{"name":"wp","href":"https:\/\/api.w.org\/{rel}","templated":true}]}}