{"id":765294,"date":"2025-08-28T11:38:30","date_gmt":"2025-08-28T08:38:30","guid":{"rendered":"https:\/\/roveyayinevi.com.tr\/index.php\/urun\/disaridaki-kiz-4\/"},"modified":"2026-04-15T03:30:58","modified_gmt":"2026-04-15T00:30:58","slug":"disaridaki-kiz-4","status":"publish","type":"product","link":"https:\/\/roveyayinevi.com.tr\/index.php\/urun\/disaridaki-kiz-4\/","title":{"rendered":"D\u0131\u015far\u0131\u2019daki K\u0131z 4"},"content":{"rendered":"<p>\u00d6L\u00dcMDEN BETER B\u0130R KADER   Shiva s\u00f6yledi\u011fi yalan\u0131n neden oldu\u011fu felaketle sars\u0131l\u0131r. Canavara d\u00f6nu\u0308\u015fen Shiva\u2019n\u0131n teyzesini yan\u0131nda getiren Doktor\u2019un duydu\u011fu \u015feyler inanmas\u0131 zor ger\u00e7eklerdir.   Doktor gen\u00e7 k\u0131za dayat\u0131lan kaderin a\u011f\u0131rl\u0131\u011f\u0131n\u0131 ta\u015f\u0131rken, bir D\u0131\u015far\u0131l\u0131ya d\u00f6nu\u0308\u015fen teyzesi de de\u011fi\u015fmeye devam eder. <\/p>\n","protected":false},"excerpt":{"rendered":"<p>\u00d6L\u00dcMDEN BETER B\u0130R KADER Shiva s\u00f6yledi\u011fi yalan\u0131n neden oldu\u011fu felaketle sars\u0131l\u0131r. Canavara d\u00f6nu\u0308\u015fen Shiva\u2019n\u0131n teyzesini yan\u0131nda getiren Doktor\u2019un duydu\u011fu \u015feyler inanmas\u0131 zor ger\u00e7eklerdir. Doktor gen\u00e7 k\u0131za<span class=\"excerpt-hellip\"> [\u2026]<\/span><\/p>\n","protected":false},"featured_media":0,"template":"","meta":{"_monsterinsights_skip_tracking":false,"_monsterinsights_sitenote_active":false,"_monsterinsights_sitenote_note":"","_monsterinsights_sitenote_category":0},"product_brand":[],"product_cat":[12416,12291],"product_tag":[],"class_list":{"0":"post-765294","1":"product","2":"type-product","3":"status-publish","5":"product_cat-cizgi-roman","6":"product_cat-edebiyat","7":"pa_cilt-ciltsiz","8":"pa_tur-kitap","9":"pa_yayinevi-athica-yayinlari","10":"pa_yazar-nagabe","12":"first","13":"instock","14":"sale","15":"shipping-taxable","16":"purchasable","17":"product-type-simple"},"_links":{"self":[{"href":"https:\/\/roveyayinevi.com.tr\/index.php\/wp-json\/wp\/v2\/product\/765294","targetHints":{"allow":["GET"]}}],"collection":[{"href":"https:\/\/roveyayinevi.com.tr\/index.php\/wp-json\/wp\/v2\/product"}],"about":[{"href":"https:\/\/roveyayinevi.com.tr\/index.php\/wp-json\/wp\/v2\/types\/product"}],"wp:attachment":[{"href":"https:\/\/roveyayinevi.com.tr\/index.php\/wp-json\/wp\/v2\/media?parent=765294"}],"wp:term":[{"taxonomy":"product_brand","embeddable":true,"href":"https:\/\/roveyayinevi.com.tr\/index.php\/wp-json\/wp\/v2\/product_brand?post=765294"},{"taxonomy":"product_cat","embeddable":true,"href":"https:\/\/roveyayinevi.com.tr\/index.php\/wp-json\/wp\/v2\/product_cat?post=765294"},{"taxonomy":"product_tag","embeddable":true,"href":"https:\/\/roveyayinevi.com.tr\/index.php\/wp-json\/wp\/v2\/product_tag?post=765294"}],"curies":[{"name":"wp","href":"https:\/\/api.w.org\/{rel}","templated":true}]}}