{"id":765290,"date":"2025-08-28T11:38:21","date_gmt":"2025-08-28T08:38:21","guid":{"rendered":"https:\/\/roveyayinevi.com.tr\/index.php\/urun\/kopyalanmis-adam-ciltli\/"},"modified":"2026-04-15T03:30:58","modified_gmt":"2026-04-15T00:30:58","slug":"kopyalanmis-adam-ciltli","status":"publish","type":"product","link":"https:\/\/roveyayinevi.com.tr\/index.php\/urun\/kopyalanmis-adam-ciltli\/","title":{"rendered":"Kopyalanm\u0131\u015f Adam (Ciltli)"},"content":{"rendered":"<p>Tertuliano M\u00e1ximo Afonso bo\u015fanm\u0131\u015f, karamsarl\u0131k i\u00e7inde tekd\u00fcze bir ya\u015fam s\u00fcren bir tarih \u00f6\u011fretmenidir. Keyfi biraz yerine gelsin diye arkada\u015flar\u0131n\u0131n \u00f6nerdi\u011fi bir filmi videoda izlemek \u00fczere al\u0131r. Ayn\u0131 gece evdeki g\u00fcr\u00fclt\u00fclere uyan\u0131nca filmin videoda kendi kendine oynad\u0131\u011f\u0131n\u0131 g\u00f6r\u00fcr. Filmdeki fig\u00fcranlardan biri kendisinin be\u015f y\u0131l \u00f6nceki haline t\u0131pat\u0131p benzemektedir. Bu ola\u011fan\u00fcst\u00fc hik\u00e2yenin katmanlar\u0131nda metropol ya\u015fam\u0131n\u0131n birey \u00fczerindeki etkisini de bulacaks\u0131n\u0131z. Kopyalanm\u0131\u015f Adam, D\u00fc\u015fman ad\u0131yla sinemaya da uyarlanm\u0131\u015ft\u0131r. <\/p>\n","protected":false},"excerpt":{"rendered":"<p>Tertuliano M\u00e1ximo Afonso bo\u015fanm\u0131\u015f, karamsarl\u0131k i\u00e7inde tekd\u00fcze bir ya\u015fam s\u00fcren bir tarih \u00f6\u011fretmenidir. Keyfi biraz yerine gelsin diye arkada\u015flar\u0131n\u0131n \u00f6nerdi\u011fi bir filmi videoda izlemek \u00fczere al\u0131r.<span class=\"excerpt-hellip\"> [\u2026]<\/span><\/p>\n","protected":false},"featured_media":0,"template":"","meta":{"_monsterinsights_skip_tracking":false,"_monsterinsights_sitenote_active":false,"_monsterinsights_sitenote_note":"","_monsterinsights_sitenote_category":0},"product_brand":[],"product_cat":[12291,12711],"product_tag":[],"class_list":{"0":"post-765290","1":"product","2":"type-product","3":"status-publish","5":"product_cat-edebiyat","6":"product_cat-roman-oyku","7":"pa_cilt-ciltli","8":"pa_tur-kitap","9":"pa_yayinevi-kirmizi-kedi-yayinevi","10":"pa_yazar-jose-saramago","12":"first","13":"instock","14":"sale","15":"shipping-taxable","16":"purchasable","17":"product-type-simple"},"_links":{"self":[{"href":"https:\/\/roveyayinevi.com.tr\/index.php\/wp-json\/wp\/v2\/product\/765290","targetHints":{"allow":["GET"]}}],"collection":[{"href":"https:\/\/roveyayinevi.com.tr\/index.php\/wp-json\/wp\/v2\/product"}],"about":[{"href":"https:\/\/roveyayinevi.com.tr\/index.php\/wp-json\/wp\/v2\/types\/product"}],"wp:attachment":[{"href":"https:\/\/roveyayinevi.com.tr\/index.php\/wp-json\/wp\/v2\/media?parent=765290"}],"wp:term":[{"taxonomy":"product_brand","embeddable":true,"href":"https:\/\/roveyayinevi.com.tr\/index.php\/wp-json\/wp\/v2\/product_brand?post=765290"},{"taxonomy":"product_cat","embeddable":true,"href":"https:\/\/roveyayinevi.com.tr\/index.php\/wp-json\/wp\/v2\/product_cat?post=765290"},{"taxonomy":"product_tag","embeddable":true,"href":"https:\/\/roveyayinevi.com.tr\/index.php\/wp-json\/wp\/v2\/product_tag?post=765290"}],"curies":[{"name":"wp","href":"https:\/\/api.w.org\/{rel}","templated":true}]}}