{"id":765287,"date":"2025-08-28T11:38:16","date_gmt":"2025-08-28T08:38:16","guid":{"rendered":"https:\/\/roveyayinevi.com.tr\/index.php\/urun\/suyun-ve-sukunetin-kitabi\/"},"modified":"2026-04-15T03:30:58","modified_gmt":"2026-04-15T00:30:58","slug":"suyun-ve-sukunetin-kitabi","status":"publish","type":"product","link":"https:\/\/roveyayinevi.com.tr\/index.php\/urun\/suyun-ve-sukunetin-kitabi\/","title":{"rendered":"Suyun ve S\u00fckunetin Kitab\u0131"},"content":{"rendered":"<p>Yavuz Y\u0131ld\u0131r\u0131m, bir \u00e7\u00f6k\u00fc\u015f anlat\u0131s\u0131n\u0131n izlerini ta\u015f\u0131yan Bir Anlam\u0131 Kal\u0131rsa Hayat (1992) ve Su \u00d6len Bir Ya\u011fmur\u2019dan (2001) sonra, bu kez, bu \u00e7\u00f6k\u00fc\u015ften artakalan, yenik ve fakat iddias\u0131na h\u00e2l\u00e2 sahip \u00e7\u0131kan, soylu ve yaln\u0131z direncini b\u00fct\u00fcn olup bitenlerin ortas\u0131nda tela\u015fs\u0131z bir \u015fekilde s\u00fcrd\u00fcren \u015fiirleriyle uzun y\u0131llar sonra tekrar merhaba diyor. <\/p>\n","protected":false},"excerpt":{"rendered":"<p>Yavuz Y\u0131ld\u0131r\u0131m, bir \u00e7\u00f6k\u00fc\u015f anlat\u0131s\u0131n\u0131n izlerini ta\u015f\u0131yan Bir Anlam\u0131 Kal\u0131rsa Hayat (1992) ve Su \u00d6len Bir Ya\u011fmur\u2019dan (2001) sonra, bu kez, bu \u00e7\u00f6k\u00fc\u015ften artakalan, yenik ve<span class=\"excerpt-hellip\"> [\u2026]<\/span><\/p>\n","protected":false},"featured_media":0,"template":"","meta":{"_monsterinsights_skip_tracking":false,"_monsterinsights_sitenote_active":false,"_monsterinsights_sitenote_note":"","_monsterinsights_sitenote_category":0},"product_brand":[],"product_cat":[12291,12509],"product_tag":[],"class_list":{"0":"post-765287","1":"product","2":"type-product","3":"status-publish","5":"product_cat-edebiyat","6":"product_cat-siir","7":"pa_cilt-ciltsiz","8":"pa_tur-kitap","9":"pa_yayinevi-vulgus-yayinlari","10":"pa_yazar-yavuz-yildirim","12":"first","13":"instock","14":"sale","15":"shipping-taxable","16":"purchasable","17":"product-type-simple"},"_links":{"self":[{"href":"https:\/\/roveyayinevi.com.tr\/index.php\/wp-json\/wp\/v2\/product\/765287","targetHints":{"allow":["GET"]}}],"collection":[{"href":"https:\/\/roveyayinevi.com.tr\/index.php\/wp-json\/wp\/v2\/product"}],"about":[{"href":"https:\/\/roveyayinevi.com.tr\/index.php\/wp-json\/wp\/v2\/types\/product"}],"wp:attachment":[{"href":"https:\/\/roveyayinevi.com.tr\/index.php\/wp-json\/wp\/v2\/media?parent=765287"}],"wp:term":[{"taxonomy":"product_brand","embeddable":true,"href":"https:\/\/roveyayinevi.com.tr\/index.php\/wp-json\/wp\/v2\/product_brand?post=765287"},{"taxonomy":"product_cat","embeddable":true,"href":"https:\/\/roveyayinevi.com.tr\/index.php\/wp-json\/wp\/v2\/product_cat?post=765287"},{"taxonomy":"product_tag","embeddable":true,"href":"https:\/\/roveyayinevi.com.tr\/index.php\/wp-json\/wp\/v2\/product_tag?post=765287"}],"curies":[{"name":"wp","href":"https:\/\/api.w.org\/{rel}","templated":true}]}}