{"id":765286,"date":"2025-08-28T11:38:15","date_gmt":"2025-08-28T08:38:15","guid":{"rendered":"https:\/\/roveyayinevi.com.tr\/index.php\/urun\/bazi-eski-yanlislar-bazi-yeni-yanilgilar\/"},"modified":"2026-04-15T03:30:58","modified_gmt":"2026-04-15T00:30:58","slug":"bazi-eski-yanlislar-bazi-yeni-yanilgilar","status":"publish","type":"product","link":"https:\/\/roveyayinevi.com.tr\/index.php\/urun\/bazi-eski-yanlislar-bazi-yeni-yanilgilar\/","title":{"rendered":"Baz\u0131 Eski Yanl\u0131\u015flar Baz\u0131 Yeni Yan\u0131lg\u0131lar"},"content":{"rendered":"<p>Baz\u0131 Eski Yanl\u0131\u015flar Baz\u0131 Yeni Yan\u0131lg\u0131lar, yak\u0131n d\u00f6nem T\u00fcrkiye tarihinde politik ve dinsel olan\u0131n birle\u015fmesinin \u00fcretti\u011fi k\u00fclt\u00fcrel ve toplumsal sonu\u00e7lara y\u00f6nelik ele\u015ftirel bir bak\u0131\u015f geli\u015ftirmeyi ama\u00e7l\u0131yor. Bu bak\u0131\u015f, siyaset, k\u00fclt\u00fcr, sanat ve hegemonya problemlerinin a\u00e7\u0131\u011fa \u00e7\u0131kartt\u0131\u011f\u0131 bir yar\u0131lman\u0131n, demokratik tahayy\u00fcl, dinsel ele\u015ftiri ve k\u00fclt\u00fcrel bir yeniden in\u015fa hareketiyle anla\u015f\u0131labilece\u011fi iddias\u0131yla belirginlik kazan\u0131yor.   Kitap, siyasal bir do\u011fruculuk yerine pop\u00fcler k\u00fclt\u00fcr, \u00fcniversite, g\u00fcndelik hayat ve siyasal geli\u015fmelerde kurtar\u0131labilecek \u00f6zg\u00fcrle\u015fim u\u011fraklar\u0131na yo\u011funla\u015farak, yal\u0131n ve savunulabilir bir tutumun imk\u00e2nlar\u0131n\u0131 ara\u015ft\u0131r\u0131yor. <\/p>\n","protected":false},"excerpt":{"rendered":"<p>Baz\u0131 Eski Yanl\u0131\u015flar Baz\u0131 Yeni Yan\u0131lg\u0131lar, yak\u0131n d\u00f6nem T\u00fcrkiye tarihinde politik ve dinsel olan\u0131n birle\u015fmesinin \u00fcretti\u011fi k\u00fclt\u00fcrel ve toplumsal sonu\u00e7lara y\u00f6nelik ele\u015ftirel bir bak\u0131\u015f geli\u015ftirmeyi ama\u00e7l\u0131yor.<span class=\"excerpt-hellip\"> [\u2026]<\/span><\/p>\n","protected":false},"featured_media":0,"template":"","meta":{"_monsterinsights_skip_tracking":false,"_monsterinsights_sitenote_active":false,"_monsterinsights_sitenote_note":"","_monsterinsights_sitenote_category":0},"product_brand":[],"product_cat":[12351,12324],"product_tag":[],"class_list":{"0":"post-765286","1":"product","2":"type-product","3":"status-publish","5":"product_cat-siyaset-sosyolojisi","6":"product_cat-sosyoloji","7":"pa_cilt-ciltsiz","8":"pa_tur-kitap","9":"pa_yayinevi-vulgus-yayinlari","10":"pa_yazar-ahmet-cigdem","12":"first","13":"instock","14":"sale","15":"shipping-taxable","16":"purchasable","17":"product-type-simple"},"_links":{"self":[{"href":"https:\/\/roveyayinevi.com.tr\/index.php\/wp-json\/wp\/v2\/product\/765286","targetHints":{"allow":["GET"]}}],"collection":[{"href":"https:\/\/roveyayinevi.com.tr\/index.php\/wp-json\/wp\/v2\/product"}],"about":[{"href":"https:\/\/roveyayinevi.com.tr\/index.php\/wp-json\/wp\/v2\/types\/product"}],"wp:attachment":[{"href":"https:\/\/roveyayinevi.com.tr\/index.php\/wp-json\/wp\/v2\/media?parent=765286"}],"wp:term":[{"taxonomy":"product_brand","embeddable":true,"href":"https:\/\/roveyayinevi.com.tr\/index.php\/wp-json\/wp\/v2\/product_brand?post=765286"},{"taxonomy":"product_cat","embeddable":true,"href":"https:\/\/roveyayinevi.com.tr\/index.php\/wp-json\/wp\/v2\/product_cat?post=765286"},{"taxonomy":"product_tag","embeddable":true,"href":"https:\/\/roveyayinevi.com.tr\/index.php\/wp-json\/wp\/v2\/product_tag?post=765286"}],"curies":[{"name":"wp","href":"https:\/\/api.w.org\/{rel}","templated":true}]}}