{"id":765284,"date":"2025-08-28T11:38:11","date_gmt":"2025-08-28T08:38:11","guid":{"rendered":"https:\/\/roveyayinevi.com.tr\/index.php\/urun\/babilden-dragomanlara\/"},"modified":"2026-04-15T03:30:58","modified_gmt":"2026-04-15T00:30:58","slug":"babilden-dragomanlara","status":"publish","type":"product","link":"https:\/\/roveyayinevi.com.tr\/index.php\/urun\/babilden-dragomanlara\/","title":{"rendered":"Babil\u2019den Dragomanlara"},"content":{"rendered":"<p>Bu kitap, hayat\u0131n\u0131 \u0130slam ve Ortado\u011fu tarihine vakfedip pek \u00e7oklar\u0131nca bu hususta otoritelerden biri addedilmi\u015f bir yazar\u0131n k\u0131rk y\u0131ll\u0131k eme\u011fini ortaya koyuyor. Dile getirdikleri ve in\u015fa ettikleri b\u00fcy\u00fck bir ilgiyle kar\u015f\u0131lanan Bernard Lewis, burada bir kez daha Ortado\u011fu\u2019nun \u00e7alkant\u0131l\u0131 tarihine odaklan\u0131p okurunu d\u0131\u015f ili\u015fkiler mevzuu, \u0130ran devrimi, \u0130srail devleti, tarih yaz\u0131m\u0131 ve \u00e7ok daha fazlas\u0131na dair u\u00e7 d\u00fc\u015f\u00fcnceleriyle ba\u015f ba\u015fa b\u0131rak\u0131yor. Babil\u2019den Dragomanlara kitab\u0131nda \u201cSaddam\u2019\u0131n ektiklerine\u201d tan\u0131kl\u0131k ediyor, \u201cbug\u00fcn\u00fcn hasta adam\u0131na\u201d rastl\u0131yor, \u201cL\u00fcbnan\u2019\u0131n sa\u011f-sol \u00e7at\u0131\u015fmas\u0131na\u201d kulak kesiliyor ve daha nice konuya farkl\u0131 pencerelerden yakla\u015fmaya \u00e7al\u0131\u015f\u0131yoruz. &#8220;Lewis, elliden fazla makale ve denemeden olu\u015fan bu derlemede, Ortado\u011fu\u2019ya ili\u015fkin belagatini, malumat\u0131n\u0131 ve i\u00e7g\u00f6r\u00fcs\u00fcn\u00fc t\u00fcm y\u00f6nleriyle sergiliyor. Yaz\u0131lar\u0131 hem akademisyenler hem de okurlar i\u00e7in temel te\u015fkil etmeye devam ediyor.&#8221; \u2013Booklist &#8220;Tarihsel ger\u00e7eklere sayg\u0131yla yakla\u015fan yazar, s\u00f6z konusu ger\u00e7eklerin bug\u00fcne olan yans\u0131malar\u0131na da b\u00fcy\u00fck \u00f6nem veriyor.&#8221; \u2013National Review &#8220;Kitap engin bir zihinden s\u0131zan d\u00fc\u015f\u00fcncelerle dopdolu.&#8221; \u2013Publishers Weekly <\/p>\n","protected":false},"excerpt":{"rendered":"<p>Bu kitap, hayat\u0131n\u0131 \u0130slam ve Ortado\u011fu tarihine vakfedip pek \u00e7oklar\u0131nca bu hususta otoritelerden biri addedilmi\u015f bir yazar\u0131n k\u0131rk y\u0131ll\u0131k eme\u011fini ortaya koyuyor. Dile getirdikleri ve in\u015fa<span class=\"excerpt-hellip\"> [\u2026]<\/span><\/p>\n","protected":false},"featured_media":0,"template":"","meta":{"_monsterinsights_skip_tracking":false,"_monsterinsights_sitenote_active":false,"_monsterinsights_sitenote_note":"","_monsterinsights_sitenote_category":0},"product_brand":[],"product_cat":[12370,12304],"product_tag":[],"class_list":{"0":"post-765284","1":"product","2":"type-product","3":"status-publish","5":"product_cat-arastirma-inceleme","6":"product_cat-tarih","7":"pa_cilt-ciltsiz","8":"pa_tur-kitap","9":"pa_yayinevi-alfa-yayinlari","10":"pa_yazar-bernard-lewis","12":"first","13":"instock","14":"sale","15":"shipping-taxable","16":"purchasable","17":"product-type-simple"},"_links":{"self":[{"href":"https:\/\/roveyayinevi.com.tr\/index.php\/wp-json\/wp\/v2\/product\/765284","targetHints":{"allow":["GET"]}}],"collection":[{"href":"https:\/\/roveyayinevi.com.tr\/index.php\/wp-json\/wp\/v2\/product"}],"about":[{"href":"https:\/\/roveyayinevi.com.tr\/index.php\/wp-json\/wp\/v2\/types\/product"}],"wp:attachment":[{"href":"https:\/\/roveyayinevi.com.tr\/index.php\/wp-json\/wp\/v2\/media?parent=765284"}],"wp:term":[{"taxonomy":"product_brand","embeddable":true,"href":"https:\/\/roveyayinevi.com.tr\/index.php\/wp-json\/wp\/v2\/product_brand?post=765284"},{"taxonomy":"product_cat","embeddable":true,"href":"https:\/\/roveyayinevi.com.tr\/index.php\/wp-json\/wp\/v2\/product_cat?post=765284"},{"taxonomy":"product_tag","embeddable":true,"href":"https:\/\/roveyayinevi.com.tr\/index.php\/wp-json\/wp\/v2\/product_tag?post=765284"}],"curies":[{"name":"wp","href":"https:\/\/api.w.org\/{rel}","templated":true}]}}