{"id":765283,"date":"2025-08-28T11:38:10","date_gmt":"2025-08-28T08:38:10","guid":{"rendered":"https:\/\/roveyayinevi.com.tr\/index.php\/urun\/osmanlinin-fetih-yontemleri\/"},"modified":"2026-04-15T03:30:58","modified_gmt":"2026-04-15T00:30:58","slug":"osmanlinin-fetih-yontemleri","status":"publish","type":"product","link":"https:\/\/roveyayinevi.com.tr\/index.php\/urun\/osmanlinin-fetih-yontemleri\/","title":{"rendered":"Osmanl\u0131&#8217;n\u0131n Fetih Y\u00f6ntemleri"},"content":{"rendered":"<p>\u201cOsmanl\u0131 Devleti d\u00fcnyan\u0131n ele ge\u00e7irilmesi ve y\u00f6netilmesi en zor b\u00f6lgesini fethetmi\u015f ve uzun as\u0131rlar ba\u015far\u0131yla y\u00f6netmi\u015ftir. Bu d\u00f6nemde \u015fehirler etraf\u0131n\u0131 ku\u015fatan sa\u011flam surlarla korundu\u011fundan; Osmanl\u0131lar, bu \u015fehirleri fethedebilmek i\u00e7in genellikle muhasara sava\u015f\u0131 yapmak zorunda kalm\u0131\u015flar, geli\u015ftirdikleri yeni silahlar ve y\u00f6ntemlerle olduk\u00e7a da ba\u015far\u0131l\u0131 olmu\u015flar ve bir \u00e7a\u011f\u0131n kapanmas\u0131na ve yeni bir \u00e7a\u011f\u0131n ba\u015flamas\u0131na vesile olmu\u015flard\u0131r. Bu ba\u015far\u0131, fetihleri ger\u00e7ekle\u015ftiren Osmanl\u0131 ordusunda hizmet eden komutan\u0131ndan en ufak neferine ve ordunun ihtiya\u00e7lar\u0131n\u0131 kar\u015f\u0131layan geri hizmet birliklerine kadar, insan unsurunun kalitesi ve bu kaliteyi ortaya \u00e7\u0131karan maddi ve manevi unsurlar sayesinde elde edilmi\u015ftir. \u201cOsmanl\u0131\u2019n\u0131n Fetih Y\u00f6ntemleri\u201d kitab\u0131nda bir kalenin ku\u015fatma karar\u0131n\u0131n verilmesinden kalenin fethinden sonra yap\u0131lan i\u015flere kadar ge\u00e7en s\u00fcre\u00e7te ya\u015fanan hadiselerle, ba\u015far\u0131y\u0131 ortaya \u00e7\u0131karan maddi ve manevi de\u011ferler de anlat\u0131lmak suretiyle, Osmanl\u0131 Medeniyetinin dayand\u0131\u011f\u0131 temeller ortaya konulmaya \u00e7al\u0131\u015f\u0131lm\u0131\u015ft\u0131r.\u201d <\/p>\n","protected":false},"excerpt":{"rendered":"<p>\u201cOsmanl\u0131 Devleti d\u00fcnyan\u0131n ele ge\u00e7irilmesi ve y\u00f6netilmesi en zor b\u00f6lgesini fethetmi\u015f ve uzun as\u0131rlar ba\u015far\u0131yla y\u00f6netmi\u015ftir. Bu d\u00f6nemde \u015fehirler etraf\u0131n\u0131 ku\u015fatan sa\u011flam surlarla korundu\u011fundan; Osmanl\u0131lar, bu<span class=\"excerpt-hellip\"> [\u2026]<\/span><\/p>\n","protected":false},"featured_media":0,"template":"","meta":{"_monsterinsights_skip_tracking":false,"_monsterinsights_sitenote_active":false,"_monsterinsights_sitenote_note":"","_monsterinsights_sitenote_category":0},"product_brand":[],"product_cat":[13517,12304],"product_tag":[],"class_list":{"0":"post-765283","1":"product","2":"type-product","3":"status-publish","5":"product_cat-osmanli-tarihi","6":"product_cat-tarih","7":"pa_cilt-ciltsiz","8":"pa_tur-kitap","9":"pa_yayinevi-soncag-akademik-kitaplar","10":"pa_yazar-sabri-zengin","12":"first","13":"instock","14":"sale","15":"shipping-taxable","16":"purchasable","17":"product-type-simple"},"_links":{"self":[{"href":"https:\/\/roveyayinevi.com.tr\/index.php\/wp-json\/wp\/v2\/product\/765283","targetHints":{"allow":["GET"]}}],"collection":[{"href":"https:\/\/roveyayinevi.com.tr\/index.php\/wp-json\/wp\/v2\/product"}],"about":[{"href":"https:\/\/roveyayinevi.com.tr\/index.php\/wp-json\/wp\/v2\/types\/product"}],"wp:attachment":[{"href":"https:\/\/roveyayinevi.com.tr\/index.php\/wp-json\/wp\/v2\/media?parent=765283"}],"wp:term":[{"taxonomy":"product_brand","embeddable":true,"href":"https:\/\/roveyayinevi.com.tr\/index.php\/wp-json\/wp\/v2\/product_brand?post=765283"},{"taxonomy":"product_cat","embeddable":true,"href":"https:\/\/roveyayinevi.com.tr\/index.php\/wp-json\/wp\/v2\/product_cat?post=765283"},{"taxonomy":"product_tag","embeddable":true,"href":"https:\/\/roveyayinevi.com.tr\/index.php\/wp-json\/wp\/v2\/product_tag?post=765283"}],"curies":[{"name":"wp","href":"https:\/\/api.w.org\/{rel}","templated":true}]}}