{"id":765281,"date":"2025-08-28T11:38:05","date_gmt":"2025-08-28T08:38:05","guid":{"rendered":"https:\/\/roveyayinevi.com.tr\/index.php\/urun\/bir-aliye-rona-vardi\/"},"modified":"2026-04-15T03:30:58","modified_gmt":"2026-04-15T00:30:58","slug":"bir-aliye-rona-vardi","status":"publish","type":"product","link":"https:\/\/roveyayinevi.com.tr\/index.php\/urun\/bir-aliye-rona-vardi\/","title":{"rendered":"Bir Aliye Rona Vard\u0131"},"content":{"rendered":"<p>\u00dcnl\u00fc karakter oyuncusunun ya\u015fam\u0131 ve sanat\u0131&#8230; Aliye (Dilligil) Rona, 1947 y\u0131l\u0131ndan itibaren 50 y\u0131la yak\u0131n T\u00fcrk Sinemas\u0131\u2019na karakter oyuncusu olarak emek verdi. Gen\u00e7lik y\u0131llar\u0131nda a\u011fabeyi \u00fcnl\u00fc tiyatro adam\u0131 Avni Dilligil\u2019in te\u015fvikiyle profesyonel oyunculu\u011fa ge\u00e7mi\u015f, \u00e7e\u015fitli tiyatrolarda rol alm\u0131\u015f, Kerem\u2019in \u00c7ilesi filminde ilk kez beyaz perdede g\u00f6r\u00fcnm\u00fc\u015ft\u00fc. Keskin y\u00fcz hatlar\u0131, usta oyunu ve Y\u0131lanlar\u0131n \u00d6c\u00fc filminde canland\u0131rd\u0131\u011f\u0131 cesur Anadolu kad\u0131n\u0131 \u201cIrazca Ana\u201d karakteriyle sinema tarihinde unutulmayanlar aras\u0131nda yerini ald\u0131. Evet, bir Aliye Rona vard\u0131\u2026 Yaln\u0131z beyaz perdede canland\u0131rd\u0131\u011f\u0131 karakterlerle de\u011fil, ger\u00e7ek ya\u015fam\u0131nda ta\u015f\u0131d\u0131\u011f\u0131 de\u011ferlerle, yeti\u015fti\u011fi ortamla, ya\u015fam\u0131ndaki ini\u015f \u00e7\u0131k\u0131\u015flarla, kurdu\u011fu hayallerle, s\u00fcrd\u00fcrd\u00fc\u011f\u00fc ili\u015fkilerle, b\u00fct\u00fcn insani \u00f6zellikleriyle bir efsane oyuncu\u2026 Bu kitap, Ye\u015fil\u00e7am\u2019\u0131n g\u00fc\u00e7l\u00fc oyuncular\u0131ndan Aliye Rona\u2019n\u0131n ya\u015fam \u00f6yk\u00fcs\u00fcn\u00fc b\u00fct\u00fcn ger\u00e7ekleriyle bir roman ak\u0131c\u0131l\u0131\u011f\u0131nda sunuyor.<\/p>\n","protected":false},"excerpt":{"rendered":"<p>\u00dcnl\u00fc karakter oyuncusunun ya\u015fam\u0131 ve sanat\u0131&#8230; Aliye (Dilligil) Rona, 1947 y\u0131l\u0131ndan itibaren 50 y\u0131la yak\u0131n T\u00fcrk Sinemas\u0131\u2019na karakter oyuncusu olarak emek verdi. Gen\u00e7lik y\u0131llar\u0131nda a\u011fabeyi \u00fcnl\u00fc<span class=\"excerpt-hellip\"> [\u2026]<\/span><\/p>\n","protected":false},"featured_media":0,"template":"","meta":{"_monsterinsights_skip_tracking":false,"_monsterinsights_sitenote_active":false,"_monsterinsights_sitenote_note":"","_monsterinsights_sitenote_category":0},"product_brand":[],"product_cat":[14009,12291],"product_tag":[],"class_list":{"0":"post-765281","1":"product","2":"type-product","3":"status-publish","5":"product_cat-biyografi-otobiyografi-edebiyat","6":"product_cat-edebiyat","7":"pa_cilt-ciltsiz","8":"pa_tur-kitap","9":"pa_yayinevi-remzi-kitabevi","10":"pa_yazar-arin-dilligil-bayraktaroglu","12":"first","13":"instock","14":"sale","15":"shipping-taxable","16":"purchasable","17":"product-type-simple"},"_links":{"self":[{"href":"https:\/\/roveyayinevi.com.tr\/index.php\/wp-json\/wp\/v2\/product\/765281","targetHints":{"allow":["GET"]}}],"collection":[{"href":"https:\/\/roveyayinevi.com.tr\/index.php\/wp-json\/wp\/v2\/product"}],"about":[{"href":"https:\/\/roveyayinevi.com.tr\/index.php\/wp-json\/wp\/v2\/types\/product"}],"wp:attachment":[{"href":"https:\/\/roveyayinevi.com.tr\/index.php\/wp-json\/wp\/v2\/media?parent=765281"}],"wp:term":[{"taxonomy":"product_brand","embeddable":true,"href":"https:\/\/roveyayinevi.com.tr\/index.php\/wp-json\/wp\/v2\/product_brand?post=765281"},{"taxonomy":"product_cat","embeddable":true,"href":"https:\/\/roveyayinevi.com.tr\/index.php\/wp-json\/wp\/v2\/product_cat?post=765281"},{"taxonomy":"product_tag","embeddable":true,"href":"https:\/\/roveyayinevi.com.tr\/index.php\/wp-json\/wp\/v2\/product_tag?post=765281"}],"curies":[{"name":"wp","href":"https:\/\/api.w.org\/{rel}","templated":true}]}}